{"id":94424,"date":"2024-07-10T16:24:15","date_gmt":"2024-07-10T16:24:15","guid":{"rendered":"https:\/\/todoenrefrigeracion.com\/?post_type=product&#038;p=94424"},"modified":"2024-07-10T16:24:15","modified_gmt":"2024-07-10T16:24:15","slug":"bacnet-y-lontalk","status":"publish","type":"product","link":"https:\/\/megarefrigeracion.com\/index.php\/producto\/bacnet-y-lontalk\/","title":{"rendered":"BaCnet\u00ae y LonTalk\u00ae"},"content":{"rendered":"<p>Los sistemas integradores de protocolo abierto ayudan a integrar dispositivos o sistemas de diferentes proveedores en un sistema \u00fanico, utilizando un lenguaje en com\u00fan o \u201cprotocolo\u201d. Este sistema integrador, o de interoperabilidad, permite monitorear y controlar muchos aspectos del edificio por medio de una interface en com\u00fan. Se puede utilizar un paquete software para monitorear diversos sistemas en m\u00faltiples locaciones y realizar ajustes para maximizar el confort y eficiencia del edificio.<\/p>\n<p>Flexibilidad que satisface tus necesidades<\/p>\n<p><strong>BACnet \/ LonTalk<\/strong><\/p>\n<p align=\"justify\">Existen m\u00f3dulos que permiten a los usuarios comunicaci\u00f3n con el sistema de control Prodigy utilizando protocolos abiertos de tecnolog\u00eda est\u00e1ndar, como BACnet o LonTalk. Esto permite a los administradores de los edificios seleccionar los mejores productos para sus aplicaciones e integrarlos, utilizando tecnolog\u00eda de amplio respaldo en la industria.<\/p>\n<p>BACnet o LonTalk son los sistemas de protocolo abierto m\u00e1s populares en la industria de la automatizaci\u00f3n de edificios. Son considerados abiertos, porque est\u00e1n abiertamente disponibles para ser utilizado por cualquier fabricante.<\/p>\n<p>Estos sistemas de protocolo abierto fueron creados para integrar todos los elementos de automatizaci\u00f3n y control del edificio, dentro de un solo canal. Permiten al usuario acceder al sistema de control Prodigy para obtener informaci\u00f3n y diagn\u00f3sticos, les da adem\u00e1s tambi\u00e9n la\u00a0 habilidad de monitorear y controlar las configuraciones m\u00e1s comunes.<\/p>\n<p>BaCnet\u00ae es un protocolo de comunicaci\u00f3n desarrollado por ASHRAE (American Society of Heating, Refrigerating and Air-Conditioning Engineers) espec\u00edficamente para la automatizaci\u00f3n de edificios y el control de sistemas HVAC. Es un est\u00e1ndar ampliamente adoptado que permite la interoperabilidad entre diferentes sistemas y dispositivos de automatizaci\u00f3n de edificios.<\/p>\n<p><strong>Caracter\u00edsticas Principales:<\/strong><\/p>\n<ul>\n<li><strong>Interoperabilidad:<\/strong> Permite la comunicaci\u00f3n entre dispositivos de diferentes fabricantes, facilitando la integraci\u00f3n de sistemas de automatizaci\u00f3n de edificios.<\/li>\n<li><strong>Escalabilidad:<\/strong> Adecuado para edificios de cualquier tama\u00f1o, desde peque\u00f1as instalaciones hasta grandes complejos.<\/li>\n<li><strong>Flexibilidad de Red:<\/strong> Soporta diferentes tipos de redes y medios de comunicaci\u00f3n, incluyendo Ethernet, IP, ARCNET, MS\/TP y PTP.<\/li>\n<li><strong>Ricas Funcionalidades:<\/strong> Incluye capacidades avanzadas para el control de HVAC, iluminaci\u00f3n, seguridad y otros sistemas de automatizaci\u00f3n de edificios.<\/li>\n<li><strong>Estandarizaci\u00f3n:<\/strong> Es un est\u00e1ndar internacional (ISO 16484-5), lo que asegura su adopci\u00f3n global y la compatibilidad entre dispositivos.<\/li>\n<\/ul>\n<p><strong>Beneficios:<\/strong><\/p>\n<ul>\n<li><strong>Facilidad de Integraci\u00f3n:<\/strong> Simplifica la integraci\u00f3n de nuevos dispositivos y sistemas en una red existente.<\/li>\n<li><strong>Eficiencia Operativa:<\/strong> Mejora la eficiencia operativa mediante la centralizaci\u00f3n del control y la supervisi\u00f3n de m\u00faltiples sistemas.<\/li>\n<li><strong>Reducci\u00f3n de Costos:<\/strong> Al ser un est\u00e1ndar abierto, reduce los costos de implementaci\u00f3n y mantenimiento al permitir la competencia entre fabricantes.<\/li>\n<\/ul>\n<p>LonTalk\u00ae es un protocolo de comunicaci\u00f3n desarrollado por Echelon Corporation para redes de control de dispositivos en automatizaci\u00f3n de edificios, automatizaci\u00f3n industrial y otras aplicaciones de control distribuido. Es parte del conjunto de tecnolog\u00edas LonWorks\u00ae y est\u00e1 dise\u00f1ado para facilitar la interoperabilidad y el control descentralizado de dispositivos.<\/p>\n<p><strong>Caracter\u00edsticas Principales:<\/strong><\/p>\n<ul>\n<li><strong>Interoperabilidad:<\/strong> Permite la comunicaci\u00f3n entre dispositivos de diferentes fabricantes, facilitando la integraci\u00f3n de sistemas de control.<\/li>\n<li><strong>Red de Control Distribuido:<\/strong> Dise\u00f1ado para sistemas de control distribuidos, donde los dispositivos pueden operar de manera aut\u00f3noma y comunicarse directamente entre s\u00ed.<\/li>\n<li><strong>Flexibilidad de Red:<\/strong> Soporta diferentes medios de comunicaci\u00f3n, incluyendo Twisted Pair, Power Line, Radiofrecuencia y Fibra \u00d3ptica.<\/li>\n<li><strong>Protocolos y Est\u00e1ndares:<\/strong> Es parte de la norma ANSI\/CEA-709.1 y ha sido adoptado como norma internacional (ISO\/IEC 14908).<\/li>\n<\/ul>\n<p><strong>Beneficios:<\/strong><\/p>\n<ul>\n<li><strong>Descentralizaci\u00f3n:<\/strong> Permite una arquitectura de control distribuida, lo que mejora la resiliencia y la escalabilidad del sistema.<\/li>\n<li><strong>Flexibilidad de Implementaci\u00f3n:<\/strong> Soporta m\u00faltiples tipos de medios de comunicaci\u00f3n, lo que facilita su implementaci\u00f3n en diversas aplicaciones.<\/li>\n<li><strong>Eficiencia Energ\u00e9tica:<\/strong> Facilita el control eficiente de sistemas de energ\u00eda y HVAC, mejorando la eficiencia operativa y energ\u00e9tica.<\/li>\n<\/ul>\n","protected":false},"excerpt":{"rendered":"<p>Los sistemas integradores de protocolo abierto ayudan a integrar dispositivos o sistemas de diferentes proveedores en un sistema \u00fanico, utilizando un lenguaje en com\u00fan o \u201cprotocolo\u201d. Este sistema integrador, o de interoperabilidad, permite monitorear y controlar muchos aspectos del edificio por medio de una interface en com\u00fan. Se puede utilizar un paquete software para monitorear&hellip;<\/p>\n","protected":false},"featured_media":94425,"comment_status":"open","ping_status":"closed","template":"","meta":[],"product_brand":[],"product_cat":[113,137,117],"product_tag":[],"class_list":{"0":"post-94424","1":"product","2":"type-product","3":"status-publish","4":"has-post-thumbnail","6":"product_cat-aire-acondicionado","7":"product_cat-integradores-de-sistemas-de-protocolo-abierto","8":"product_cat-lennox-controles-residenciales-y-comerciales","9":"description-off","11":"first","12":"instock","13":"shipping-taxable","14":"product-type-simple"},"yoast_head":"<!-- This site is optimized with the Yoast SEO plugin v27.4 - https:\/\/yoast.com\/product\/yoast-seo-wordpress\/ -->\n<title>BaCnet\u00ae y LonTalk\u00ae - Megarefrigeracion<\/title>\n<meta name=\"description\" content=\"Los sistemas integradores de protocolo abierto unifican dispositivos de varios proveedores en una plataforma usando un protocolo com\u00fan.\" \/>\n<meta name=\"robots\" content=\"index, follow, max-snippet:-1, max-image-preview:large, max-video-preview:-1\" \/>\n<link rel=\"canonical\" href=\"https:\/\/megarefrigeracion.com\/index.php\/producto\/bacnet-y-lontalk\/\" \/>\n<meta property=\"og:locale\" content=\"es_ES\" \/>\n<meta property=\"og:type\" content=\"article\" \/>\n<meta property=\"og:title\" content=\"BaCnet\u00ae y LonTalk\u00ae - Megarefrigeracion\" \/>\n<meta property=\"og:description\" content=\"Los sistemas integradores de protocolo abierto unifican dispositivos de varios proveedores en una plataforma usando un protocolo com\u00fan.\" \/>\n<meta property=\"og:url\" content=\"https:\/\/megarefrigeracion.com\/index.php\/producto\/bacnet-y-lontalk\/\" \/>\n<meta property=\"og:site_name\" content=\"Megarefrigeracion\" \/>\n<meta property=\"og:image\" content=\"https:\/\/megarefrigeracion.com\/wp-content\/uploads\/2024\/07\/BaCnet\u00ae-y-LonTalk\u00ae.png\" \/>\n\t<meta property=\"og:image:width\" content=\"1152\" \/>\n\t<meta property=\"og:image:height\" content=\"864\" \/>\n\t<meta property=\"og:image:type\" content=\"image\/png\" \/>\n<meta name=\"twitter:card\" content=\"summary_large_image\" \/>\n<meta name=\"twitter:label1\" content=\"Tiempo de lectura\" \/>\n\t<meta name=\"twitter:data1\" content=\"3 minutos\" \/>\n<script type=\"application\/ld+json\" class=\"yoast-schema-graph\">{\"@context\":\"https:\\\/\\\/schema.org\",\"@graph\":[{\"@type\":\"WebPage\",\"@id\":\"https:\\\/\\\/megarefrigeracion.com\\\/index.php\\\/producto\\\/bacnet-y-lontalk\\\/\",\"url\":\"https:\\\/\\\/megarefrigeracion.com\\\/index.php\\\/producto\\\/bacnet-y-lontalk\\\/\",\"name\":\"BaCnet\u00ae y LonTalk\u00ae - Megarefrigeracion\",\"isPartOf\":{\"@id\":\"https:\\\/\\\/megarefrigeracion.com\\\/#website\"},\"primaryImageOfPage\":{\"@id\":\"https:\\\/\\\/megarefrigeracion.com\\\/index.php\\\/producto\\\/bacnet-y-lontalk\\\/#primaryimage\"},\"image\":{\"@id\":\"https:\\\/\\\/megarefrigeracion.com\\\/index.php\\\/producto\\\/bacnet-y-lontalk\\\/#primaryimage\"},\"thumbnailUrl\":\"https:\\\/\\\/megarefrigeracion.com\\\/wp-content\\\/uploads\\\/2024\\\/07\\\/BaCnet\u00ae-y-LonTalk\u00ae.png\",\"datePublished\":\"2024-07-10T16:24:15+00:00\",\"description\":\"Los sistemas integradores de protocolo abierto unifican dispositivos de varios proveedores en una plataforma usando un protocolo com\u00fan.\",\"breadcrumb\":{\"@id\":\"https:\\\/\\\/megarefrigeracion.com\\\/index.php\\\/producto\\\/bacnet-y-lontalk\\\/#breadcrumb\"},\"inLanguage\":\"es\",\"potentialAction\":[{\"@type\":\"ReadAction\",\"target\":[\"https:\\\/\\\/megarefrigeracion.com\\\/index.php\\\/producto\\\/bacnet-y-lontalk\\\/\"]}]},{\"@type\":\"ImageObject\",\"inLanguage\":\"es\",\"@id\":\"https:\\\/\\\/megarefrigeracion.com\\\/index.php\\\/producto\\\/bacnet-y-lontalk\\\/#primaryimage\",\"url\":\"https:\\\/\\\/megarefrigeracion.com\\\/wp-content\\\/uploads\\\/2024\\\/07\\\/BaCnet\u00ae-y-LonTalk\u00ae.png\",\"contentUrl\":\"https:\\\/\\\/megarefrigeracion.com\\\/wp-content\\\/uploads\\\/2024\\\/07\\\/BaCnet\u00ae-y-LonTalk\u00ae.png\",\"width\":1152,\"height\":864,\"caption\":\"BaCnet\u00ae y LonTalk\u00ae\"},{\"@type\":\"BreadcrumbList\",\"@id\":\"https:\\\/\\\/megarefrigeracion.com\\\/index.php\\\/producto\\\/bacnet-y-lontalk\\\/#breadcrumb\",\"itemListElement\":[{\"@type\":\"ListItem\",\"position\":1,\"name\":\"Portada\",\"item\":\"https:\\\/\\\/megarefrigeracion.com\\\/\"},{\"@type\":\"ListItem\",\"position\":2,\"name\":\"Productos\",\"item\":\"https:\\\/\\\/megarefrigeracion.com\\\/index.php\\\/shop\\\/\"},{\"@type\":\"ListItem\",\"position\":3,\"name\":\"BaCnet\u00ae y LonTalk\u00ae\"}]},{\"@type\":\"WebSite\",\"@id\":\"https:\\\/\\\/megarefrigeracion.com\\\/#website\",\"url\":\"https:\\\/\\\/megarefrigeracion.com\\\/\",\"name\":\"Megarefrigeracion\",\"description\":\"\",\"publisher\":{\"@id\":\"https:\\\/\\\/megarefrigeracion.com\\\/#organization\"},\"potentialAction\":[{\"@type\":\"SearchAction\",\"target\":{\"@type\":\"EntryPoint\",\"urlTemplate\":\"https:\\\/\\\/megarefrigeracion.com\\\/?s={search_term_string}\"},\"query-input\":{\"@type\":\"PropertyValueSpecification\",\"valueRequired\":true,\"valueName\":\"search_term_string\"}}],\"inLanguage\":\"es\"},{\"@type\":\"Organization\",\"@id\":\"https:\\\/\\\/megarefrigeracion.com\\\/#organization\",\"name\":\"Megarefrigeracion\",\"url\":\"https:\\\/\\\/megarefrigeracion.com\\\/\",\"logo\":{\"@type\":\"ImageObject\",\"inLanguage\":\"es\",\"@id\":\"https:\\\/\\\/megarefrigeracion.com\\\/#\\\/schema\\\/logo\\\/image\\\/\",\"url\":\"https:\\\/\\\/megarefrigeracion.com\\\/wp-content\\\/uploads\\\/2024\\\/07\\\/logomega-300x165-1.png\",\"contentUrl\":\"https:\\\/\\\/megarefrigeracion.com\\\/wp-content\\\/uploads\\\/2024\\\/07\\\/logomega-300x165-1.png\",\"width\":300,\"height\":165,\"caption\":\"Megarefrigeracion\"},\"image\":{\"@id\":\"https:\\\/\\\/megarefrigeracion.com\\\/#\\\/schema\\\/logo\\\/image\\\/\"}}]}<\/script>\n<!-- \/ Yoast SEO plugin. -->","yoast_head_json":{"title":"BaCnet\u00ae y LonTalk\u00ae - Megarefrigeracion","description":"Los sistemas integradores de protocolo abierto unifican dispositivos de varios proveedores en una plataforma usando un protocolo com\u00fan.","robots":{"index":"index","follow":"follow","max-snippet":"max-snippet:-1","max-image-preview":"max-image-preview:large","max-video-preview":"max-video-preview:-1"},"canonical":"https:\/\/megarefrigeracion.com\/index.php\/producto\/bacnet-y-lontalk\/","og_locale":"es_ES","og_type":"article","og_title":"BaCnet\u00ae y LonTalk\u00ae - Megarefrigeracion","og_description":"Los sistemas integradores de protocolo abierto unifican dispositivos de varios proveedores en una plataforma usando un protocolo com\u00fan.","og_url":"https:\/\/megarefrigeracion.com\/index.php\/producto\/bacnet-y-lontalk\/","og_site_name":"Megarefrigeracion","og_image":[{"width":1152,"height":864,"url":"https:\/\/megarefrigeracion.com\/wp-content\/uploads\/2024\/07\/BaCnet\u00ae-y-LonTalk\u00ae.png","type":"image\/png"}],"twitter_card":"summary_large_image","twitter_misc":{"Tiempo de lectura":"3 minutos"},"schema":{"@context":"https:\/\/schema.org","@graph":[{"@type":"WebPage","@id":"https:\/\/megarefrigeracion.com\/index.php\/producto\/bacnet-y-lontalk\/","url":"https:\/\/megarefrigeracion.com\/index.php\/producto\/bacnet-y-lontalk\/","name":"BaCnet\u00ae y LonTalk\u00ae - Megarefrigeracion","isPartOf":{"@id":"https:\/\/megarefrigeracion.com\/#website"},"primaryImageOfPage":{"@id":"https:\/\/megarefrigeracion.com\/index.php\/producto\/bacnet-y-lontalk\/#primaryimage"},"image":{"@id":"https:\/\/megarefrigeracion.com\/index.php\/producto\/bacnet-y-lontalk\/#primaryimage"},"thumbnailUrl":"https:\/\/megarefrigeracion.com\/wp-content\/uploads\/2024\/07\/BaCnet\u00ae-y-LonTalk\u00ae.png","datePublished":"2024-07-10T16:24:15+00:00","description":"Los sistemas integradores de protocolo abierto unifican dispositivos de varios proveedores en una plataforma usando un protocolo com\u00fan.","breadcrumb":{"@id":"https:\/\/megarefrigeracion.com\/index.php\/producto\/bacnet-y-lontalk\/#breadcrumb"},"inLanguage":"es","potentialAction":[{"@type":"ReadAction","target":["https:\/\/megarefrigeracion.com\/index.php\/producto\/bacnet-y-lontalk\/"]}]},{"@type":"ImageObject","inLanguage":"es","@id":"https:\/\/megarefrigeracion.com\/index.php\/producto\/bacnet-y-lontalk\/#primaryimage","url":"https:\/\/megarefrigeracion.com\/wp-content\/uploads\/2024\/07\/BaCnet\u00ae-y-LonTalk\u00ae.png","contentUrl":"https:\/\/megarefrigeracion.com\/wp-content\/uploads\/2024\/07\/BaCnet\u00ae-y-LonTalk\u00ae.png","width":1152,"height":864,"caption":"BaCnet\u00ae y LonTalk\u00ae"},{"@type":"BreadcrumbList","@id":"https:\/\/megarefrigeracion.com\/index.php\/producto\/bacnet-y-lontalk\/#breadcrumb","itemListElement":[{"@type":"ListItem","position":1,"name":"Portada","item":"https:\/\/megarefrigeracion.com\/"},{"@type":"ListItem","position":2,"name":"Productos","item":"https:\/\/megarefrigeracion.com\/index.php\/shop\/"},{"@type":"ListItem","position":3,"name":"BaCnet\u00ae y LonTalk\u00ae"}]},{"@type":"WebSite","@id":"https:\/\/megarefrigeracion.com\/#website","url":"https:\/\/megarefrigeracion.com\/","name":"Megarefrigeracion","description":"","publisher":{"@id":"https:\/\/megarefrigeracion.com\/#organization"},"potentialAction":[{"@type":"SearchAction","target":{"@type":"EntryPoint","urlTemplate":"https:\/\/megarefrigeracion.com\/?s={search_term_string}"},"query-input":{"@type":"PropertyValueSpecification","valueRequired":true,"valueName":"search_term_string"}}],"inLanguage":"es"},{"@type":"Organization","@id":"https:\/\/megarefrigeracion.com\/#organization","name":"Megarefrigeracion","url":"https:\/\/megarefrigeracion.com\/","logo":{"@type":"ImageObject","inLanguage":"es","@id":"https:\/\/megarefrigeracion.com\/#\/schema\/logo\/image\/","url":"https:\/\/megarefrigeracion.com\/wp-content\/uploads\/2024\/07\/logomega-300x165-1.png","contentUrl":"https:\/\/megarefrigeracion.com\/wp-content\/uploads\/2024\/07\/logomega-300x165-1.png","width":300,"height":165,"caption":"Megarefrigeracion"},"image":{"@id":"https:\/\/megarefrigeracion.com\/#\/schema\/logo\/image\/"}}]}},"_links":{"self":[{"href":"https:\/\/megarefrigeracion.com\/index.php\/wp-json\/wp\/v2\/product\/94424","targetHints":{"allow":["GET"]}}],"collection":[{"href":"https:\/\/megarefrigeracion.com\/index.php\/wp-json\/wp\/v2\/product"}],"about":[{"href":"https:\/\/megarefrigeracion.com\/index.php\/wp-json\/wp\/v2\/types\/product"}],"replies":[{"embeddable":true,"href":"https:\/\/megarefrigeracion.com\/index.php\/wp-json\/wp\/v2\/comments?post=94424"}],"wp:featuredmedia":[{"embeddable":true,"href":"https:\/\/megarefrigeracion.com\/index.php\/wp-json\/wp\/v2\/media\/94425"}],"wp:attachment":[{"href":"https:\/\/megarefrigeracion.com\/index.php\/wp-json\/wp\/v2\/media?parent=94424"}],"wp:term":[{"taxonomy":"product_brand","embeddable":true,"href":"https:\/\/megarefrigeracion.com\/index.php\/wp-json\/wp\/v2\/product_brand?post=94424"},{"taxonomy":"product_cat","embeddable":true,"href":"https:\/\/megarefrigeracion.com\/index.php\/wp-json\/wp\/v2\/product_cat?post=94424"},{"taxonomy":"product_tag","embeddable":true,"href":"https:\/\/megarefrigeracion.com\/index.php\/wp-json\/wp\/v2\/product_tag?post=94424"}],"curies":[{"name":"wp","href":"https:\/\/api.w.org\/{rel}","templated":true}]}}