{"id":94319,"date":"2024-07-08T16:26:03","date_gmt":"2024-07-08T16:26:03","guid":{"rendered":"https:\/\/todoenrefrigeracion.com\/?post_type=product&#038;p=94319"},"modified":"2024-07-08T17:02:45","modified_gmt":"2024-07-08T17:02:45","slug":"sistemas-divididos-fan-coil","status":"publish","type":"product","link":"https:\/\/megarefrigeracion.com\/index.php\/producto\/sistemas-divididos-fan-coil\/","title":{"rendered":"Sistemas divididos Fan Coil"},"content":{"rendered":"<p align=\"justify\">Para un acabado est\u00e9tico, los sistemas Fan Coil son una buena alternativa, ya que se ocultan sobre el plaf\u00f3n y ocupan poco espacio. Son ideales para hoteles y oficinas. Requiere sistema de ductos para su instalaci\u00f3n.<\/p>\n<p><strong>Capacidades:<\/strong>\u00a0de 1.5 a 5.0 Toneladas (de 18,000 a 60,000 Btu)<br \/>\n<strong>Eficiencia:<\/strong>\u00a0de hasta 13.0 SEER |\u00a0<strong>Configuraci\u00f3n:\u00a0<\/strong>Solo fr\u00edo<br \/>\nManual<\/p>\n","protected":false},"excerpt":{"rendered":"<p>Para un acabado est\u00e9tico, los sistemas Fan Coil son una buena alternativa, ya que se ocultan sobre el plaf\u00f3n y ocupan poco espacio. Son ideales para hoteles y oficinas. Requiere sistema de ductos para su instalaci\u00f3n. Capacidades:\u00a0de 1.5 a 5.0 Toneladas (de 18,000 a 60,000 Btu) Eficiencia:\u00a0de hasta 13.0 SEER |\u00a0Configuraci\u00f3n:\u00a0Solo fr\u00edo Manual<\/p>\n","protected":false},"featured_media":94320,"comment_status":"open","ping_status":"closed","template":"","meta":[],"product_brand":[],"product_cat":[113,115],"product_tag":[],"class_list":{"0":"post-94319","1":"product","2":"type-product","3":"status-publish","4":"has-post-thumbnail","6":"product_cat-aire-acondicionado","7":"product_cat-lennox-aire-acondicionado-residencial","8":"description-off","10":"first","11":"instock","12":"shipping-taxable","13":"product-type-simple"},"yoast_head":"<!-- This site is optimized with the Yoast SEO plugin v27.4 - https:\/\/yoast.com\/product\/yoast-seo-wordpress\/ -->\n<title>Sistemas divididos Fan Coil - Megarefrigeracion<\/title>\n<meta name=\"description\" content=\"Para un acabado est\u00e9tico, los sistemas Fan Coil son una buena alternativa, ya que se ocultan sobre el plaf\u00f3n y ocupan poco espacio.\" \/>\n<meta name=\"robots\" content=\"index, follow, max-snippet:-1, max-image-preview:large, max-video-preview:-1\" \/>\n<link rel=\"canonical\" href=\"https:\/\/megarefrigeracion.com\/index.php\/producto\/sistemas-divididos-fan-coil\/\" \/>\n<meta property=\"og:locale\" content=\"es_ES\" \/>\n<meta property=\"og:type\" content=\"article\" \/>\n<meta property=\"og:title\" content=\"Sistemas divididos Fan Coil - Megarefrigeracion\" \/>\n<meta property=\"og:description\" content=\"Para un acabado est\u00e9tico, los sistemas Fan Coil son una buena alternativa, ya que se ocultan sobre el plaf\u00f3n y ocupan poco espacio.\" \/>\n<meta property=\"og:url\" content=\"https:\/\/megarefrigeracion.com\/index.php\/producto\/sistemas-divididos-fan-coil\/\" \/>\n<meta property=\"og:site_name\" content=\"Megarefrigeracion\" \/>\n<meta property=\"article:modified_time\" content=\"2024-07-08T17:02:45+00:00\" \/>\n<meta property=\"og:image\" content=\"https:\/\/megarefrigeracion.com\/wp-content\/uploads\/2024\/07\/Sistemas-divididos-Fan-Coil.png\" \/>\n\t<meta property=\"og:image:width\" content=\"1152\" \/>\n\t<meta property=\"og:image:height\" content=\"864\" \/>\n\t<meta property=\"og:image:type\" content=\"image\/png\" \/>\n<meta name=\"twitter:card\" content=\"summary_large_image\" \/>\n<meta name=\"twitter:label1\" content=\"Tiempo de lectura\" \/>\n\t<meta name=\"twitter:data1\" content=\"1 minuto\" \/>\n<script type=\"application\/ld+json\" class=\"yoast-schema-graph\">{\"@context\":\"https:\\\/\\\/schema.org\",\"@graph\":[{\"@type\":\"WebPage\",\"@id\":\"https:\\\/\\\/megarefrigeracion.com\\\/index.php\\\/producto\\\/sistemas-divididos-fan-coil\\\/\",\"url\":\"https:\\\/\\\/megarefrigeracion.com\\\/index.php\\\/producto\\\/sistemas-divididos-fan-coil\\\/\",\"name\":\"Sistemas divididos Fan Coil - Megarefrigeracion\",\"isPartOf\":{\"@id\":\"https:\\\/\\\/megarefrigeracion.com\\\/#website\"},\"primaryImageOfPage\":{\"@id\":\"https:\\\/\\\/megarefrigeracion.com\\\/index.php\\\/producto\\\/sistemas-divididos-fan-coil\\\/#primaryimage\"},\"image\":{\"@id\":\"https:\\\/\\\/megarefrigeracion.com\\\/index.php\\\/producto\\\/sistemas-divididos-fan-coil\\\/#primaryimage\"},\"thumbnailUrl\":\"https:\\\/\\\/megarefrigeracion.com\\\/wp-content\\\/uploads\\\/2024\\\/07\\\/Sistemas-divididos-Fan-Coil.png\",\"datePublished\":\"2024-07-08T16:26:03+00:00\",\"dateModified\":\"2024-07-08T17:02:45+00:00\",\"description\":\"Para un acabado est\u00e9tico, los sistemas Fan Coil son una buena alternativa, ya que se ocultan sobre el plaf\u00f3n y ocupan poco espacio.\",\"breadcrumb\":{\"@id\":\"https:\\\/\\\/megarefrigeracion.com\\\/index.php\\\/producto\\\/sistemas-divididos-fan-coil\\\/#breadcrumb\"},\"inLanguage\":\"es\",\"potentialAction\":[{\"@type\":\"ReadAction\",\"target\":[\"https:\\\/\\\/megarefrigeracion.com\\\/index.php\\\/producto\\\/sistemas-divididos-fan-coil\\\/\"]}]},{\"@type\":\"ImageObject\",\"inLanguage\":\"es\",\"@id\":\"https:\\\/\\\/megarefrigeracion.com\\\/index.php\\\/producto\\\/sistemas-divididos-fan-coil\\\/#primaryimage\",\"url\":\"https:\\\/\\\/megarefrigeracion.com\\\/wp-content\\\/uploads\\\/2024\\\/07\\\/Sistemas-divididos-Fan-Coil.png\",\"contentUrl\":\"https:\\\/\\\/megarefrigeracion.com\\\/wp-content\\\/uploads\\\/2024\\\/07\\\/Sistemas-divididos-Fan-Coil.png\",\"width\":1152,\"height\":864,\"caption\":\"Sistemas divididos Fan Coil\"},{\"@type\":\"BreadcrumbList\",\"@id\":\"https:\\\/\\\/megarefrigeracion.com\\\/index.php\\\/producto\\\/sistemas-divididos-fan-coil\\\/#breadcrumb\",\"itemListElement\":[{\"@type\":\"ListItem\",\"position\":1,\"name\":\"Portada\",\"item\":\"https:\\\/\\\/megarefrigeracion.com\\\/\"},{\"@type\":\"ListItem\",\"position\":2,\"name\":\"Productos\",\"item\":\"https:\\\/\\\/megarefrigeracion.com\\\/index.php\\\/shop\\\/\"},{\"@type\":\"ListItem\",\"position\":3,\"name\":\"Sistemas divididos Fan Coil\"}]},{\"@type\":\"WebSite\",\"@id\":\"https:\\\/\\\/megarefrigeracion.com\\\/#website\",\"url\":\"https:\\\/\\\/megarefrigeracion.com\\\/\",\"name\":\"Megarefrigeracion\",\"description\":\"\",\"publisher\":{\"@id\":\"https:\\\/\\\/megarefrigeracion.com\\\/#organization\"},\"potentialAction\":[{\"@type\":\"SearchAction\",\"target\":{\"@type\":\"EntryPoint\",\"urlTemplate\":\"https:\\\/\\\/megarefrigeracion.com\\\/?s={search_term_string}\"},\"query-input\":{\"@type\":\"PropertyValueSpecification\",\"valueRequired\":true,\"valueName\":\"search_term_string\"}}],\"inLanguage\":\"es\"},{\"@type\":\"Organization\",\"@id\":\"https:\\\/\\\/megarefrigeracion.com\\\/#organization\",\"name\":\"Megarefrigeracion\",\"url\":\"https:\\\/\\\/megarefrigeracion.com\\\/\",\"logo\":{\"@type\":\"ImageObject\",\"inLanguage\":\"es\",\"@id\":\"https:\\\/\\\/megarefrigeracion.com\\\/#\\\/schema\\\/logo\\\/image\\\/\",\"url\":\"https:\\\/\\\/megarefrigeracion.com\\\/wp-content\\\/uploads\\\/2024\\\/07\\\/logomega-300x165-1.png\",\"contentUrl\":\"https:\\\/\\\/megarefrigeracion.com\\\/wp-content\\\/uploads\\\/2024\\\/07\\\/logomega-300x165-1.png\",\"width\":300,\"height\":165,\"caption\":\"Megarefrigeracion\"},\"image\":{\"@id\":\"https:\\\/\\\/megarefrigeracion.com\\\/#\\\/schema\\\/logo\\\/image\\\/\"}}]}<\/script>\n<!-- \/ Yoast SEO plugin. -->","yoast_head_json":{"title":"Sistemas divididos Fan Coil - Megarefrigeracion","description":"Para un acabado est\u00e9tico, los sistemas Fan Coil son una buena alternativa, ya que se ocultan sobre el plaf\u00f3n y ocupan poco espacio.","robots":{"index":"index","follow":"follow","max-snippet":"max-snippet:-1","max-image-preview":"max-image-preview:large","max-video-preview":"max-video-preview:-1"},"canonical":"https:\/\/megarefrigeracion.com\/index.php\/producto\/sistemas-divididos-fan-coil\/","og_locale":"es_ES","og_type":"article","og_title":"Sistemas divididos Fan Coil - Megarefrigeracion","og_description":"Para un acabado est\u00e9tico, los sistemas Fan Coil son una buena alternativa, ya que se ocultan sobre el plaf\u00f3n y ocupan poco espacio.","og_url":"https:\/\/megarefrigeracion.com\/index.php\/producto\/sistemas-divididos-fan-coil\/","og_site_name":"Megarefrigeracion","article_modified_time":"2024-07-08T17:02:45+00:00","og_image":[{"width":1152,"height":864,"url":"https:\/\/megarefrigeracion.com\/wp-content\/uploads\/2024\/07\/Sistemas-divididos-Fan-Coil.png","type":"image\/png"}],"twitter_card":"summary_large_image","twitter_misc":{"Tiempo de lectura":"1 minuto"},"schema":{"@context":"https:\/\/schema.org","@graph":[{"@type":"WebPage","@id":"https:\/\/megarefrigeracion.com\/index.php\/producto\/sistemas-divididos-fan-coil\/","url":"https:\/\/megarefrigeracion.com\/index.php\/producto\/sistemas-divididos-fan-coil\/","name":"Sistemas divididos Fan Coil - Megarefrigeracion","isPartOf":{"@id":"https:\/\/megarefrigeracion.com\/#website"},"primaryImageOfPage":{"@id":"https:\/\/megarefrigeracion.com\/index.php\/producto\/sistemas-divididos-fan-coil\/#primaryimage"},"image":{"@id":"https:\/\/megarefrigeracion.com\/index.php\/producto\/sistemas-divididos-fan-coil\/#primaryimage"},"thumbnailUrl":"https:\/\/megarefrigeracion.com\/wp-content\/uploads\/2024\/07\/Sistemas-divididos-Fan-Coil.png","datePublished":"2024-07-08T16:26:03+00:00","dateModified":"2024-07-08T17:02:45+00:00","description":"Para un acabado est\u00e9tico, los sistemas Fan Coil son una buena alternativa, ya que se ocultan sobre el plaf\u00f3n y ocupan poco espacio.","breadcrumb":{"@id":"https:\/\/megarefrigeracion.com\/index.php\/producto\/sistemas-divididos-fan-coil\/#breadcrumb"},"inLanguage":"es","potentialAction":[{"@type":"ReadAction","target":["https:\/\/megarefrigeracion.com\/index.php\/producto\/sistemas-divididos-fan-coil\/"]}]},{"@type":"ImageObject","inLanguage":"es","@id":"https:\/\/megarefrigeracion.com\/index.php\/producto\/sistemas-divididos-fan-coil\/#primaryimage","url":"https:\/\/megarefrigeracion.com\/wp-content\/uploads\/2024\/07\/Sistemas-divididos-Fan-Coil.png","contentUrl":"https:\/\/megarefrigeracion.com\/wp-content\/uploads\/2024\/07\/Sistemas-divididos-Fan-Coil.png","width":1152,"height":864,"caption":"Sistemas divididos Fan Coil"},{"@type":"BreadcrumbList","@id":"https:\/\/megarefrigeracion.com\/index.php\/producto\/sistemas-divididos-fan-coil\/#breadcrumb","itemListElement":[{"@type":"ListItem","position":1,"name":"Portada","item":"https:\/\/megarefrigeracion.com\/"},{"@type":"ListItem","position":2,"name":"Productos","item":"https:\/\/megarefrigeracion.com\/index.php\/shop\/"},{"@type":"ListItem","position":3,"name":"Sistemas divididos Fan Coil"}]},{"@type":"WebSite","@id":"https:\/\/megarefrigeracion.com\/#website","url":"https:\/\/megarefrigeracion.com\/","name":"Megarefrigeracion","description":"","publisher":{"@id":"https:\/\/megarefrigeracion.com\/#organization"},"potentialAction":[{"@type":"SearchAction","target":{"@type":"EntryPoint","urlTemplate":"https:\/\/megarefrigeracion.com\/?s={search_term_string}"},"query-input":{"@type":"PropertyValueSpecification","valueRequired":true,"valueName":"search_term_string"}}],"inLanguage":"es"},{"@type":"Organization","@id":"https:\/\/megarefrigeracion.com\/#organization","name":"Megarefrigeracion","url":"https:\/\/megarefrigeracion.com\/","logo":{"@type":"ImageObject","inLanguage":"es","@id":"https:\/\/megarefrigeracion.com\/#\/schema\/logo\/image\/","url":"https:\/\/megarefrigeracion.com\/wp-content\/uploads\/2024\/07\/logomega-300x165-1.png","contentUrl":"https:\/\/megarefrigeracion.com\/wp-content\/uploads\/2024\/07\/logomega-300x165-1.png","width":300,"height":165,"caption":"Megarefrigeracion"},"image":{"@id":"https:\/\/megarefrigeracion.com\/#\/schema\/logo\/image\/"}}]}},"_links":{"self":[{"href":"https:\/\/megarefrigeracion.com\/index.php\/wp-json\/wp\/v2\/product\/94319","targetHints":{"allow":["GET"]}}],"collection":[{"href":"https:\/\/megarefrigeracion.com\/index.php\/wp-json\/wp\/v2\/product"}],"about":[{"href":"https:\/\/megarefrigeracion.com\/index.php\/wp-json\/wp\/v2\/types\/product"}],"replies":[{"embeddable":true,"href":"https:\/\/megarefrigeracion.com\/index.php\/wp-json\/wp\/v2\/comments?post=94319"}],"wp:featuredmedia":[{"embeddable":true,"href":"https:\/\/megarefrigeracion.com\/index.php\/wp-json\/wp\/v2\/media\/94320"}],"wp:attachment":[{"href":"https:\/\/megarefrigeracion.com\/index.php\/wp-json\/wp\/v2\/media?parent=94319"}],"wp:term":[{"taxonomy":"product_brand","embeddable":true,"href":"https:\/\/megarefrigeracion.com\/index.php\/wp-json\/wp\/v2\/product_brand?post=94319"},{"taxonomy":"product_cat","embeddable":true,"href":"https:\/\/megarefrigeracion.com\/index.php\/wp-json\/wp\/v2\/product_cat?post=94319"},{"taxonomy":"product_tag","embeddable":true,"href":"https:\/\/megarefrigeracion.com\/index.php\/wp-json\/wp\/v2\/product_tag?post=94319"}],"curies":[{"name":"wp","href":"https:\/\/api.w.org\/{rel}","templated":true}]}}