{"id":94317,"date":"2024-07-08T16:14:38","date_gmt":"2024-07-08T16:14:38","guid":{"rendered":"https:\/\/todoenrefrigeracion.com\/?post_type=product&#038;p=94317"},"modified":"2024-07-08T16:58:38","modified_gmt":"2024-07-08T16:58:38","slug":"piso-techo","status":"publish","type":"product","link":"https:\/\/megarefrigeracion.com\/index.php\/producto\/piso-techo\/","title":{"rendered":"Piso-Techo"},"content":{"rendered":"<p align=\"justify\">Equipos de Aire Acondicionado de montaje universal Piso-Techo. Su dise\u00f1o moderno y excepcional capacidad de desempe\u00f1o, lo hacen ideal para aplicaciones residenciales y comercial ligero, como oficinas y locales comerciales.<\/p>\n<p align=\"justify\">Su instalaci\u00f3n no requiere de modificaciones mayores, ya que no necesita sistema de ducter\u00eda y puede ser instalado, tanto de forma horizontal (techo) como de forma vertical (piso).<\/p>\n<p><strong>Capacidades:<\/strong>\u00a0de 2.0 a 5.0 Toneladas (24,000 a 60,000 Btu)<br \/>\n<strong>Eficiencia:<\/strong>\u00a0de hasta 13.0 SEER |\u00a0<strong>Configuraci\u00f3n:\u00a0<\/strong>Solo fr\u00edo y bomba de calor<\/p>\n","protected":false},"excerpt":{"rendered":"<p>Equipos de Aire Acondicionado de montaje universal Piso-Techo. Su dise\u00f1o moderno y excepcional capacidad de desempe\u00f1o, lo hacen ideal para aplicaciones residenciales y comercial ligero, como oficinas y locales comerciales. Su instalaci\u00f3n no requiere de modificaciones mayores, ya que no necesita sistema de ducter\u00eda y puede ser instalado, tanto de forma horizontal (techo) como de&hellip;<\/p>\n","protected":false},"featured_media":94318,"comment_status":"open","ping_status":"closed","template":"","meta":[],"product_brand":[],"product_cat":[113,115],"product_tag":[],"class_list":{"0":"post-94317","1":"product","2":"type-product","3":"status-publish","4":"has-post-thumbnail","6":"product_cat-aire-acondicionado","7":"product_cat-lennox-aire-acondicionado-residencial","8":"description-off","10":"first","11":"instock","12":"shipping-taxable","13":"product-type-simple"},"yoast_head":"<!-- This site is optimized with the Yoast SEO plugin v27.4 - https:\/\/yoast.com\/product\/yoast-seo-wordpress\/ -->\n<title>Piso-Techo - Megarefrigeracion<\/title>\n<meta name=\"description\" content=\"Su dise\u00f1o moderno y excepcional capacidad de desempe\u00f1o, lo hacen ideal para aplicaciones residenciales y comercial ligero, como oficinas y locales comerciales.\" \/>\n<meta name=\"robots\" content=\"index, follow, max-snippet:-1, max-image-preview:large, max-video-preview:-1\" \/>\n<link rel=\"canonical\" href=\"https:\/\/megarefrigeracion.com\/index.php\/producto\/piso-techo\/\" \/>\n<meta property=\"og:locale\" content=\"es_ES\" \/>\n<meta property=\"og:type\" content=\"article\" \/>\n<meta property=\"og:title\" content=\"Piso-Techo - Megarefrigeracion\" \/>\n<meta property=\"og:description\" content=\"Su dise\u00f1o moderno y excepcional capacidad de desempe\u00f1o, lo hacen ideal para aplicaciones residenciales y comercial ligero, como oficinas y locales comerciales.\" \/>\n<meta property=\"og:url\" content=\"https:\/\/megarefrigeracion.com\/index.php\/producto\/piso-techo\/\" \/>\n<meta property=\"og:site_name\" content=\"Megarefrigeracion\" \/>\n<meta property=\"article:modified_time\" content=\"2024-07-08T16:58:38+00:00\" \/>\n<meta property=\"og:image\" content=\"https:\/\/megarefrigeracion.com\/wp-content\/uploads\/2024\/07\/Piso-Techo-.png\" \/>\n\t<meta property=\"og:image:width\" content=\"1152\" \/>\n\t<meta property=\"og:image:height\" content=\"864\" \/>\n\t<meta property=\"og:image:type\" content=\"image\/png\" \/>\n<meta name=\"twitter:card\" content=\"summary_large_image\" \/>\n<meta name=\"twitter:label1\" content=\"Tiempo de lectura\" \/>\n\t<meta name=\"twitter:data1\" content=\"1 minuto\" \/>\n<script type=\"application\/ld+json\" class=\"yoast-schema-graph\">{\"@context\":\"https:\\\/\\\/schema.org\",\"@graph\":[{\"@type\":\"WebPage\",\"@id\":\"https:\\\/\\\/megarefrigeracion.com\\\/index.php\\\/producto\\\/piso-techo\\\/\",\"url\":\"https:\\\/\\\/megarefrigeracion.com\\\/index.php\\\/producto\\\/piso-techo\\\/\",\"name\":\"Piso-Techo - Megarefrigeracion\",\"isPartOf\":{\"@id\":\"https:\\\/\\\/megarefrigeracion.com\\\/#website\"},\"primaryImageOfPage\":{\"@id\":\"https:\\\/\\\/megarefrigeracion.com\\\/index.php\\\/producto\\\/piso-techo\\\/#primaryimage\"},\"image\":{\"@id\":\"https:\\\/\\\/megarefrigeracion.com\\\/index.php\\\/producto\\\/piso-techo\\\/#primaryimage\"},\"thumbnailUrl\":\"https:\\\/\\\/megarefrigeracion.com\\\/wp-content\\\/uploads\\\/2024\\\/07\\\/Piso-Techo-.png\",\"datePublished\":\"2024-07-08T16:14:38+00:00\",\"dateModified\":\"2024-07-08T16:58:38+00:00\",\"description\":\"Su dise\u00f1o moderno y excepcional capacidad de desempe\u00f1o, lo hacen ideal para aplicaciones residenciales y comercial ligero, como oficinas y locales comerciales.\",\"breadcrumb\":{\"@id\":\"https:\\\/\\\/megarefrigeracion.com\\\/index.php\\\/producto\\\/piso-techo\\\/#breadcrumb\"},\"inLanguage\":\"es\",\"potentialAction\":[{\"@type\":\"ReadAction\",\"target\":[\"https:\\\/\\\/megarefrigeracion.com\\\/index.php\\\/producto\\\/piso-techo\\\/\"]}]},{\"@type\":\"ImageObject\",\"inLanguage\":\"es\",\"@id\":\"https:\\\/\\\/megarefrigeracion.com\\\/index.php\\\/producto\\\/piso-techo\\\/#primaryimage\",\"url\":\"https:\\\/\\\/megarefrigeracion.com\\\/wp-content\\\/uploads\\\/2024\\\/07\\\/Piso-Techo-.png\",\"contentUrl\":\"https:\\\/\\\/megarefrigeracion.com\\\/wp-content\\\/uploads\\\/2024\\\/07\\\/Piso-Techo-.png\",\"width\":1152,\"height\":864,\"caption\":\"Piso-Techo\"},{\"@type\":\"BreadcrumbList\",\"@id\":\"https:\\\/\\\/megarefrigeracion.com\\\/index.php\\\/producto\\\/piso-techo\\\/#breadcrumb\",\"itemListElement\":[{\"@type\":\"ListItem\",\"position\":1,\"name\":\"Portada\",\"item\":\"https:\\\/\\\/megarefrigeracion.com\\\/\"},{\"@type\":\"ListItem\",\"position\":2,\"name\":\"Productos\",\"item\":\"https:\\\/\\\/megarefrigeracion.com\\\/index.php\\\/shop\\\/\"},{\"@type\":\"ListItem\",\"position\":3,\"name\":\"Piso-Techo\"}]},{\"@type\":\"WebSite\",\"@id\":\"https:\\\/\\\/megarefrigeracion.com\\\/#website\",\"url\":\"https:\\\/\\\/megarefrigeracion.com\\\/\",\"name\":\"Megarefrigeracion\",\"description\":\"\",\"publisher\":{\"@id\":\"https:\\\/\\\/megarefrigeracion.com\\\/#organization\"},\"potentialAction\":[{\"@type\":\"SearchAction\",\"target\":{\"@type\":\"EntryPoint\",\"urlTemplate\":\"https:\\\/\\\/megarefrigeracion.com\\\/?s={search_term_string}\"},\"query-input\":{\"@type\":\"PropertyValueSpecification\",\"valueRequired\":true,\"valueName\":\"search_term_string\"}}],\"inLanguage\":\"es\"},{\"@type\":\"Organization\",\"@id\":\"https:\\\/\\\/megarefrigeracion.com\\\/#organization\",\"name\":\"Megarefrigeracion\",\"url\":\"https:\\\/\\\/megarefrigeracion.com\\\/\",\"logo\":{\"@type\":\"ImageObject\",\"inLanguage\":\"es\",\"@id\":\"https:\\\/\\\/megarefrigeracion.com\\\/#\\\/schema\\\/logo\\\/image\\\/\",\"url\":\"https:\\\/\\\/megarefrigeracion.com\\\/wp-content\\\/uploads\\\/2024\\\/07\\\/logomega-300x165-1.png\",\"contentUrl\":\"https:\\\/\\\/megarefrigeracion.com\\\/wp-content\\\/uploads\\\/2024\\\/07\\\/logomega-300x165-1.png\",\"width\":300,\"height\":165,\"caption\":\"Megarefrigeracion\"},\"image\":{\"@id\":\"https:\\\/\\\/megarefrigeracion.com\\\/#\\\/schema\\\/logo\\\/image\\\/\"}}]}<\/script>\n<!-- \/ Yoast SEO plugin. -->","yoast_head_json":{"title":"Piso-Techo - Megarefrigeracion","description":"Su dise\u00f1o moderno y excepcional capacidad de desempe\u00f1o, lo hacen ideal para aplicaciones residenciales y comercial ligero, como oficinas y locales comerciales.","robots":{"index":"index","follow":"follow","max-snippet":"max-snippet:-1","max-image-preview":"max-image-preview:large","max-video-preview":"max-video-preview:-1"},"canonical":"https:\/\/megarefrigeracion.com\/index.php\/producto\/piso-techo\/","og_locale":"es_ES","og_type":"article","og_title":"Piso-Techo - Megarefrigeracion","og_description":"Su dise\u00f1o moderno y excepcional capacidad de desempe\u00f1o, lo hacen ideal para aplicaciones residenciales y comercial ligero, como oficinas y locales comerciales.","og_url":"https:\/\/megarefrigeracion.com\/index.php\/producto\/piso-techo\/","og_site_name":"Megarefrigeracion","article_modified_time":"2024-07-08T16:58:38+00:00","og_image":[{"width":1152,"height":864,"url":"https:\/\/megarefrigeracion.com\/wp-content\/uploads\/2024\/07\/Piso-Techo-.png","type":"image\/png"}],"twitter_card":"summary_large_image","twitter_misc":{"Tiempo de lectura":"1 minuto"},"schema":{"@context":"https:\/\/schema.org","@graph":[{"@type":"WebPage","@id":"https:\/\/megarefrigeracion.com\/index.php\/producto\/piso-techo\/","url":"https:\/\/megarefrigeracion.com\/index.php\/producto\/piso-techo\/","name":"Piso-Techo - Megarefrigeracion","isPartOf":{"@id":"https:\/\/megarefrigeracion.com\/#website"},"primaryImageOfPage":{"@id":"https:\/\/megarefrigeracion.com\/index.php\/producto\/piso-techo\/#primaryimage"},"image":{"@id":"https:\/\/megarefrigeracion.com\/index.php\/producto\/piso-techo\/#primaryimage"},"thumbnailUrl":"https:\/\/megarefrigeracion.com\/wp-content\/uploads\/2024\/07\/Piso-Techo-.png","datePublished":"2024-07-08T16:14:38+00:00","dateModified":"2024-07-08T16:58:38+00:00","description":"Su dise\u00f1o moderno y excepcional capacidad de desempe\u00f1o, lo hacen ideal para aplicaciones residenciales y comercial ligero, como oficinas y locales comerciales.","breadcrumb":{"@id":"https:\/\/megarefrigeracion.com\/index.php\/producto\/piso-techo\/#breadcrumb"},"inLanguage":"es","potentialAction":[{"@type":"ReadAction","target":["https:\/\/megarefrigeracion.com\/index.php\/producto\/piso-techo\/"]}]},{"@type":"ImageObject","inLanguage":"es","@id":"https:\/\/megarefrigeracion.com\/index.php\/producto\/piso-techo\/#primaryimage","url":"https:\/\/megarefrigeracion.com\/wp-content\/uploads\/2024\/07\/Piso-Techo-.png","contentUrl":"https:\/\/megarefrigeracion.com\/wp-content\/uploads\/2024\/07\/Piso-Techo-.png","width":1152,"height":864,"caption":"Piso-Techo"},{"@type":"BreadcrumbList","@id":"https:\/\/megarefrigeracion.com\/index.php\/producto\/piso-techo\/#breadcrumb","itemListElement":[{"@type":"ListItem","position":1,"name":"Portada","item":"https:\/\/megarefrigeracion.com\/"},{"@type":"ListItem","position":2,"name":"Productos","item":"https:\/\/megarefrigeracion.com\/index.php\/shop\/"},{"@type":"ListItem","position":3,"name":"Piso-Techo"}]},{"@type":"WebSite","@id":"https:\/\/megarefrigeracion.com\/#website","url":"https:\/\/megarefrigeracion.com\/","name":"Megarefrigeracion","description":"","publisher":{"@id":"https:\/\/megarefrigeracion.com\/#organization"},"potentialAction":[{"@type":"SearchAction","target":{"@type":"EntryPoint","urlTemplate":"https:\/\/megarefrigeracion.com\/?s={search_term_string}"},"query-input":{"@type":"PropertyValueSpecification","valueRequired":true,"valueName":"search_term_string"}}],"inLanguage":"es"},{"@type":"Organization","@id":"https:\/\/megarefrigeracion.com\/#organization","name":"Megarefrigeracion","url":"https:\/\/megarefrigeracion.com\/","logo":{"@type":"ImageObject","inLanguage":"es","@id":"https:\/\/megarefrigeracion.com\/#\/schema\/logo\/image\/","url":"https:\/\/megarefrigeracion.com\/wp-content\/uploads\/2024\/07\/logomega-300x165-1.png","contentUrl":"https:\/\/megarefrigeracion.com\/wp-content\/uploads\/2024\/07\/logomega-300x165-1.png","width":300,"height":165,"caption":"Megarefrigeracion"},"image":{"@id":"https:\/\/megarefrigeracion.com\/#\/schema\/logo\/image\/"}}]}},"_links":{"self":[{"href":"https:\/\/megarefrigeracion.com\/index.php\/wp-json\/wp\/v2\/product\/94317","targetHints":{"allow":["GET"]}}],"collection":[{"href":"https:\/\/megarefrigeracion.com\/index.php\/wp-json\/wp\/v2\/product"}],"about":[{"href":"https:\/\/megarefrigeracion.com\/index.php\/wp-json\/wp\/v2\/types\/product"}],"replies":[{"embeddable":true,"href":"https:\/\/megarefrigeracion.com\/index.php\/wp-json\/wp\/v2\/comments?post=94317"}],"wp:featuredmedia":[{"embeddable":true,"href":"https:\/\/megarefrigeracion.com\/index.php\/wp-json\/wp\/v2\/media\/94318"}],"wp:attachment":[{"href":"https:\/\/megarefrigeracion.com\/index.php\/wp-json\/wp\/v2\/media?parent=94317"}],"wp:term":[{"taxonomy":"product_brand","embeddable":true,"href":"https:\/\/megarefrigeracion.com\/index.php\/wp-json\/wp\/v2\/product_brand?post=94317"},{"taxonomy":"product_cat","embeddable":true,"href":"https:\/\/megarefrigeracion.com\/index.php\/wp-json\/wp\/v2\/product_cat?post=94317"},{"taxonomy":"product_tag","embeddable":true,"href":"https:\/\/megarefrigeracion.com\/index.php\/wp-json\/wp\/v2\/product_tag?post=94317"}],"curies":[{"name":"wp","href":"https:\/\/api.w.org\/{rel}","templated":true}]}}