{"id":94231,"date":"2024-07-03T18:59:21","date_gmt":"2024-07-03T18:59:21","guid":{"rendered":"https:\/\/todoenrefrigeracion.com\/?post_type=product&#038;p=94231"},"modified":"2024-07-03T18:59:21","modified_gmt":"2024-07-03T18:59:21","slug":"lbn-exhibidor-horizontal-para-helado-y-comida-congelada","status":"publish","type":"product","link":"https:\/\/megarefrigeracion.com\/index.php\/producto\/lbn-exhibidor-horizontal-para-helado-y-comida-congelada\/","title":{"rendered":"LBN Exhibidor Horizontal Para Helado y Comida Congelada"},"content":{"rendered":"<p>Caracter\u00edsticas y Beneficios<\/p>\n<ul>\n<li>Auto contenido para baja temperatura.<\/li>\n<li>Exhibidor para comida congelada y helado.<\/li>\n<li>Nuevo dise\u00f1o contempor\u00e1neo, que proporciona m\u00e1s espacio posterior para un f\u00e1cil acceso al producto.<\/li>\n<li>Tapas de cristal templado que evitan la condensaci\u00f3n y ventana frontal de 10\u201d para una m\u00e1xima exhibici\u00f3n del producto.<\/li>\n<li>Para choque delantero est\u00e1ndar contra impactos.<\/li>\n<li>Fabricado en color blanco.<\/li>\n<\/ul>\n","protected":false},"excerpt":{"rendered":"<p>Caracter\u00edsticas y Beneficios Auto contenido para baja temperatura. Exhibidor para comida congelada y helado. Nuevo dise\u00f1o contempor\u00e1neo, que proporciona m\u00e1s espacio posterior para un f\u00e1cil acceso al producto. Tapas de cristal templado que evitan la condensaci\u00f3n y ventana frontal de 10\u201d para una m\u00e1xima exhibici\u00f3n del producto. Para choque delantero est\u00e1ndar contra impactos. Fabricado en&hellip;<\/p>\n","protected":false},"featured_media":94232,"comment_status":"open","ping_status":"closed","template":"","meta":[],"product_brand":[],"product_cat":[119],"product_tag":[],"class_list":{"0":"post-94231","1":"product","2":"type-product","3":"status-publish","4":"has-post-thumbnail","6":"product_cat-equipos-refrigerados-para-autoservicios","7":"description-off","9":"first","10":"instock","11":"shipping-taxable","12":"product-type-simple"},"yoast_head":"<!-- This site is optimized with the Yoast SEO plugin v27.4 - https:\/\/yoast.com\/product\/yoast-seo-wordpress\/ -->\n<title>LBN Exhibidor Horizontal Para Helado y Comida Congelada - Megarefrigeracion<\/title>\n<meta name=\"description\" content=\"El LBN es un exhibidor horizontal dise\u00f1ado espec\u00edficamente para helados y alimentos congelados, ofreciendo una presentaci\u00f3n eficiente y accesible en entornos comerciales.\" \/>\n<meta name=\"robots\" content=\"index, follow, max-snippet:-1, max-image-preview:large, max-video-preview:-1\" \/>\n<link rel=\"canonical\" href=\"https:\/\/megarefrigeracion.com\/index.php\/producto\/lbn-exhibidor-horizontal-para-helado-y-comida-congelada\/\" \/>\n<meta property=\"og:locale\" content=\"es_ES\" \/>\n<meta property=\"og:type\" content=\"article\" \/>\n<meta property=\"og:title\" content=\"LBN Exhibidor Horizontal Para Helado y Comida Congelada - Megarefrigeracion\" \/>\n<meta property=\"og:description\" content=\"El LBN es un exhibidor horizontal dise\u00f1ado espec\u00edficamente para helados y alimentos congelados, ofreciendo una presentaci\u00f3n eficiente y accesible en entornos comerciales.\" \/>\n<meta property=\"og:url\" content=\"https:\/\/megarefrigeracion.com\/index.php\/producto\/lbn-exhibidor-horizontal-para-helado-y-comida-congelada\/\" \/>\n<meta property=\"og:site_name\" content=\"Megarefrigeracion\" \/>\n<meta property=\"og:image\" content=\"https:\/\/megarefrigeracion.com\/wp-content\/uploads\/2024\/07\/LBN-Exhibidor-Horizontal-Para-Helado-y-Comida-Congelada.png\" \/>\n\t<meta property=\"og:image:width\" content=\"1152\" \/>\n\t<meta property=\"og:image:height\" content=\"864\" \/>\n\t<meta property=\"og:image:type\" content=\"image\/png\" \/>\n<meta name=\"twitter:card\" content=\"summary_large_image\" \/>\n<meta name=\"twitter:label1\" content=\"Tiempo de lectura\" \/>\n\t<meta name=\"twitter:data1\" content=\"1 minuto\" \/>\n<script type=\"application\/ld+json\" class=\"yoast-schema-graph\">{\"@context\":\"https:\\\/\\\/schema.org\",\"@graph\":[{\"@type\":\"WebPage\",\"@id\":\"https:\\\/\\\/megarefrigeracion.com\\\/index.php\\\/producto\\\/lbn-exhibidor-horizontal-para-helado-y-comida-congelada\\\/\",\"url\":\"https:\\\/\\\/megarefrigeracion.com\\\/index.php\\\/producto\\\/lbn-exhibidor-horizontal-para-helado-y-comida-congelada\\\/\",\"name\":\"LBN Exhibidor Horizontal Para Helado y Comida Congelada - Megarefrigeracion\",\"isPartOf\":{\"@id\":\"https:\\\/\\\/megarefrigeracion.com\\\/#website\"},\"primaryImageOfPage\":{\"@id\":\"https:\\\/\\\/megarefrigeracion.com\\\/index.php\\\/producto\\\/lbn-exhibidor-horizontal-para-helado-y-comida-congelada\\\/#primaryimage\"},\"image\":{\"@id\":\"https:\\\/\\\/megarefrigeracion.com\\\/index.php\\\/producto\\\/lbn-exhibidor-horizontal-para-helado-y-comida-congelada\\\/#primaryimage\"},\"thumbnailUrl\":\"https:\\\/\\\/megarefrigeracion.com\\\/wp-content\\\/uploads\\\/2024\\\/07\\\/LBN-Exhibidor-Horizontal-Para-Helado-y-Comida-Congelada.png\",\"datePublished\":\"2024-07-03T18:59:21+00:00\",\"description\":\"El LBN es un exhibidor horizontal dise\u00f1ado espec\u00edficamente para helados y alimentos congelados, ofreciendo una presentaci\u00f3n eficiente y accesible en entornos comerciales.\",\"breadcrumb\":{\"@id\":\"https:\\\/\\\/megarefrigeracion.com\\\/index.php\\\/producto\\\/lbn-exhibidor-horizontal-para-helado-y-comida-congelada\\\/#breadcrumb\"},\"inLanguage\":\"es\",\"potentialAction\":[{\"@type\":\"ReadAction\",\"target\":[\"https:\\\/\\\/megarefrigeracion.com\\\/index.php\\\/producto\\\/lbn-exhibidor-horizontal-para-helado-y-comida-congelada\\\/\"]}]},{\"@type\":\"ImageObject\",\"inLanguage\":\"es\",\"@id\":\"https:\\\/\\\/megarefrigeracion.com\\\/index.php\\\/producto\\\/lbn-exhibidor-horizontal-para-helado-y-comida-congelada\\\/#primaryimage\",\"url\":\"https:\\\/\\\/megarefrigeracion.com\\\/wp-content\\\/uploads\\\/2024\\\/07\\\/LBN-Exhibidor-Horizontal-Para-Helado-y-Comida-Congelada.png\",\"contentUrl\":\"https:\\\/\\\/megarefrigeracion.com\\\/wp-content\\\/uploads\\\/2024\\\/07\\\/LBN-Exhibidor-Horizontal-Para-Helado-y-Comida-Congelada.png\",\"width\":1152,\"height\":864,\"caption\":\"LBN Exhibidor Horizontal Para Helado y Comida Congelada\"},{\"@type\":\"BreadcrumbList\",\"@id\":\"https:\\\/\\\/megarefrigeracion.com\\\/index.php\\\/producto\\\/lbn-exhibidor-horizontal-para-helado-y-comida-congelada\\\/#breadcrumb\",\"itemListElement\":[{\"@type\":\"ListItem\",\"position\":1,\"name\":\"Portada\",\"item\":\"https:\\\/\\\/megarefrigeracion.com\\\/\"},{\"@type\":\"ListItem\",\"position\":2,\"name\":\"Productos\",\"item\":\"https:\\\/\\\/megarefrigeracion.com\\\/index.php\\\/shop\\\/\"},{\"@type\":\"ListItem\",\"position\":3,\"name\":\"LBN Exhibidor Horizontal Para Helado y Comida Congelada\"}]},{\"@type\":\"WebSite\",\"@id\":\"https:\\\/\\\/megarefrigeracion.com\\\/#website\",\"url\":\"https:\\\/\\\/megarefrigeracion.com\\\/\",\"name\":\"Megarefrigeracion\",\"description\":\"\",\"publisher\":{\"@id\":\"https:\\\/\\\/megarefrigeracion.com\\\/#organization\"},\"potentialAction\":[{\"@type\":\"SearchAction\",\"target\":{\"@type\":\"EntryPoint\",\"urlTemplate\":\"https:\\\/\\\/megarefrigeracion.com\\\/?s={search_term_string}\"},\"query-input\":{\"@type\":\"PropertyValueSpecification\",\"valueRequired\":true,\"valueName\":\"search_term_string\"}}],\"inLanguage\":\"es\"},{\"@type\":\"Organization\",\"@id\":\"https:\\\/\\\/megarefrigeracion.com\\\/#organization\",\"name\":\"Megarefrigeracion\",\"url\":\"https:\\\/\\\/megarefrigeracion.com\\\/\",\"logo\":{\"@type\":\"ImageObject\",\"inLanguage\":\"es\",\"@id\":\"https:\\\/\\\/megarefrigeracion.com\\\/#\\\/schema\\\/logo\\\/image\\\/\",\"url\":\"https:\\\/\\\/megarefrigeracion.com\\\/wp-content\\\/uploads\\\/2024\\\/07\\\/logomega-300x165-1.png\",\"contentUrl\":\"https:\\\/\\\/megarefrigeracion.com\\\/wp-content\\\/uploads\\\/2024\\\/07\\\/logomega-300x165-1.png\",\"width\":300,\"height\":165,\"caption\":\"Megarefrigeracion\"},\"image\":{\"@id\":\"https:\\\/\\\/megarefrigeracion.com\\\/#\\\/schema\\\/logo\\\/image\\\/\"}}]}<\/script>\n<!-- \/ Yoast SEO plugin. -->","yoast_head_json":{"title":"LBN Exhibidor Horizontal Para Helado y Comida Congelada - Megarefrigeracion","description":"El LBN es un exhibidor horizontal dise\u00f1ado espec\u00edficamente para helados y alimentos congelados, ofreciendo una presentaci\u00f3n eficiente y accesible en entornos comerciales.","robots":{"index":"index","follow":"follow","max-snippet":"max-snippet:-1","max-image-preview":"max-image-preview:large","max-video-preview":"max-video-preview:-1"},"canonical":"https:\/\/megarefrigeracion.com\/index.php\/producto\/lbn-exhibidor-horizontal-para-helado-y-comida-congelada\/","og_locale":"es_ES","og_type":"article","og_title":"LBN Exhibidor Horizontal Para Helado y Comida Congelada - Megarefrigeracion","og_description":"El LBN es un exhibidor horizontal dise\u00f1ado espec\u00edficamente para helados y alimentos congelados, ofreciendo una presentaci\u00f3n eficiente y accesible en entornos comerciales.","og_url":"https:\/\/megarefrigeracion.com\/index.php\/producto\/lbn-exhibidor-horizontal-para-helado-y-comida-congelada\/","og_site_name":"Megarefrigeracion","og_image":[{"width":1152,"height":864,"url":"https:\/\/megarefrigeracion.com\/wp-content\/uploads\/2024\/07\/LBN-Exhibidor-Horizontal-Para-Helado-y-Comida-Congelada.png","type":"image\/png"}],"twitter_card":"summary_large_image","twitter_misc":{"Tiempo de lectura":"1 minuto"},"schema":{"@context":"https:\/\/schema.org","@graph":[{"@type":"WebPage","@id":"https:\/\/megarefrigeracion.com\/index.php\/producto\/lbn-exhibidor-horizontal-para-helado-y-comida-congelada\/","url":"https:\/\/megarefrigeracion.com\/index.php\/producto\/lbn-exhibidor-horizontal-para-helado-y-comida-congelada\/","name":"LBN Exhibidor Horizontal Para Helado y Comida Congelada - Megarefrigeracion","isPartOf":{"@id":"https:\/\/megarefrigeracion.com\/#website"},"primaryImageOfPage":{"@id":"https:\/\/megarefrigeracion.com\/index.php\/producto\/lbn-exhibidor-horizontal-para-helado-y-comida-congelada\/#primaryimage"},"image":{"@id":"https:\/\/megarefrigeracion.com\/index.php\/producto\/lbn-exhibidor-horizontal-para-helado-y-comida-congelada\/#primaryimage"},"thumbnailUrl":"https:\/\/megarefrigeracion.com\/wp-content\/uploads\/2024\/07\/LBN-Exhibidor-Horizontal-Para-Helado-y-Comida-Congelada.png","datePublished":"2024-07-03T18:59:21+00:00","description":"El LBN es un exhibidor horizontal dise\u00f1ado espec\u00edficamente para helados y alimentos congelados, ofreciendo una presentaci\u00f3n eficiente y accesible en entornos comerciales.","breadcrumb":{"@id":"https:\/\/megarefrigeracion.com\/index.php\/producto\/lbn-exhibidor-horizontal-para-helado-y-comida-congelada\/#breadcrumb"},"inLanguage":"es","potentialAction":[{"@type":"ReadAction","target":["https:\/\/megarefrigeracion.com\/index.php\/producto\/lbn-exhibidor-horizontal-para-helado-y-comida-congelada\/"]}]},{"@type":"ImageObject","inLanguage":"es","@id":"https:\/\/megarefrigeracion.com\/index.php\/producto\/lbn-exhibidor-horizontal-para-helado-y-comida-congelada\/#primaryimage","url":"https:\/\/megarefrigeracion.com\/wp-content\/uploads\/2024\/07\/LBN-Exhibidor-Horizontal-Para-Helado-y-Comida-Congelada.png","contentUrl":"https:\/\/megarefrigeracion.com\/wp-content\/uploads\/2024\/07\/LBN-Exhibidor-Horizontal-Para-Helado-y-Comida-Congelada.png","width":1152,"height":864,"caption":"LBN Exhibidor Horizontal Para Helado y Comida Congelada"},{"@type":"BreadcrumbList","@id":"https:\/\/megarefrigeracion.com\/index.php\/producto\/lbn-exhibidor-horizontal-para-helado-y-comida-congelada\/#breadcrumb","itemListElement":[{"@type":"ListItem","position":1,"name":"Portada","item":"https:\/\/megarefrigeracion.com\/"},{"@type":"ListItem","position":2,"name":"Productos","item":"https:\/\/megarefrigeracion.com\/index.php\/shop\/"},{"@type":"ListItem","position":3,"name":"LBN Exhibidor Horizontal Para Helado y Comida Congelada"}]},{"@type":"WebSite","@id":"https:\/\/megarefrigeracion.com\/#website","url":"https:\/\/megarefrigeracion.com\/","name":"Megarefrigeracion","description":"","publisher":{"@id":"https:\/\/megarefrigeracion.com\/#organization"},"potentialAction":[{"@type":"SearchAction","target":{"@type":"EntryPoint","urlTemplate":"https:\/\/megarefrigeracion.com\/?s={search_term_string}"},"query-input":{"@type":"PropertyValueSpecification","valueRequired":true,"valueName":"search_term_string"}}],"inLanguage":"es"},{"@type":"Organization","@id":"https:\/\/megarefrigeracion.com\/#organization","name":"Megarefrigeracion","url":"https:\/\/megarefrigeracion.com\/","logo":{"@type":"ImageObject","inLanguage":"es","@id":"https:\/\/megarefrigeracion.com\/#\/schema\/logo\/image\/","url":"https:\/\/megarefrigeracion.com\/wp-content\/uploads\/2024\/07\/logomega-300x165-1.png","contentUrl":"https:\/\/megarefrigeracion.com\/wp-content\/uploads\/2024\/07\/logomega-300x165-1.png","width":300,"height":165,"caption":"Megarefrigeracion"},"image":{"@id":"https:\/\/megarefrigeracion.com\/#\/schema\/logo\/image\/"}}]}},"_links":{"self":[{"href":"https:\/\/megarefrigeracion.com\/index.php\/wp-json\/wp\/v2\/product\/94231","targetHints":{"allow":["GET"]}}],"collection":[{"href":"https:\/\/megarefrigeracion.com\/index.php\/wp-json\/wp\/v2\/product"}],"about":[{"href":"https:\/\/megarefrigeracion.com\/index.php\/wp-json\/wp\/v2\/types\/product"}],"replies":[{"embeddable":true,"href":"https:\/\/megarefrigeracion.com\/index.php\/wp-json\/wp\/v2\/comments?post=94231"}],"wp:featuredmedia":[{"embeddable":true,"href":"https:\/\/megarefrigeracion.com\/index.php\/wp-json\/wp\/v2\/media\/94232"}],"wp:attachment":[{"href":"https:\/\/megarefrigeracion.com\/index.php\/wp-json\/wp\/v2\/media?parent=94231"}],"wp:term":[{"taxonomy":"product_brand","embeddable":true,"href":"https:\/\/megarefrigeracion.com\/index.php\/wp-json\/wp\/v2\/product_brand?post=94231"},{"taxonomy":"product_cat","embeddable":true,"href":"https:\/\/megarefrigeracion.com\/index.php\/wp-json\/wp\/v2\/product_cat?post=94231"},{"taxonomy":"product_tag","embeddable":true,"href":"https:\/\/megarefrigeracion.com\/index.php\/wp-json\/wp\/v2\/product_tag?post=94231"}],"curies":[{"name":"wp","href":"https:\/\/api.w.org\/{rel}","templated":true}]}}