{"id":94228,"date":"2024-07-03T18:52:35","date_gmt":"2024-07-03T18:52:35","guid":{"rendered":"https:\/\/todoenrefrigeracion.com\/?post_type=product&#038;p=94228"},"modified":"2024-07-03T18:52:35","modified_gmt":"2024-07-03T18:52:35","slug":"sn-sm-spot-merchandisers-for-low-and-medium-temperature","status":"publish","type":"product","link":"https:\/\/megarefrigeracion.com\/index.php\/producto\/sn-sm-spot-merchandisers-for-low-and-medium-temperature\/","title":{"rendered":"SN \/ SM \u2013 Spot Merchandisers for Low and Medium Temperature"},"content":{"rendered":"<p>Caracter\u00edsticas y Beneficios<\/p>\n<ul>\n<li>Auto contenido para baja y media temperatura<\/li>\n<li>Exhibidor de temporada especial para jugos, pizzas y helado.<\/li>\n<li>F\u00e1cil de mover por sus 4 ruedas giratorias de 2\u201d.<\/li>\n<li>Modelos SN con puertas corredizas de vidrio templado.<\/li>\n<li>Modelos SM sin purtas dise\u00f1ada para exhibir paquetes de 6 pizzas de 12\u201d de diametro u otros productos de media temperatura.<\/li>\n<li>Term\u00f3metro de l\u00ednea en todos los modelos.<\/li>\n<\/ul>\n","protected":false},"excerpt":{"rendered":"<p>Caracter\u00edsticas y Beneficios Auto contenido para baja y media temperatura Exhibidor de temporada especial para jugos, pizzas y helado. F\u00e1cil de mover por sus 4 ruedas giratorias de 2\u201d. Modelos SN con puertas corredizas de vidrio templado. Modelos SM sin purtas dise\u00f1ada para exhibir paquetes de 6 pizzas de 12\u201d de diametro u otros productos&hellip;<\/p>\n","protected":false},"featured_media":94230,"comment_status":"open","ping_status":"closed","template":"","meta":[],"product_brand":[],"product_cat":[119],"product_tag":[],"class_list":{"0":"post-94228","1":"product","2":"type-product","3":"status-publish","4":"has-post-thumbnail","6":"product_cat-equipos-refrigerados-para-autoservicios","7":"description-off","9":"first","10":"instock","11":"shipping-taxable","12":"product-type-simple"},"yoast_head":"<!-- This site is optimized with the Yoast SEO plugin v27.4 - https:\/\/yoast.com\/product\/yoast-seo-wordpress\/ -->\n<title>SN \/ SM \u2013 Spot Merchandisers for Low and Medium Temperature - Megarefrigeracion<\/title>\n<meta name=\"description\" content=\"SN\/SM son equipos de exhibici\u00f3n dise\u00f1ados para temperaturas baja y media, ideales para destacar productos en puntos estrat\u00e9gicos de venta.\" \/>\n<meta name=\"robots\" content=\"index, follow, max-snippet:-1, max-image-preview:large, max-video-preview:-1\" \/>\n<link rel=\"canonical\" href=\"https:\/\/megarefrigeracion.com\/index.php\/producto\/sn-sm-spot-merchandisers-for-low-and-medium-temperature\/\" \/>\n<meta property=\"og:locale\" content=\"es_ES\" \/>\n<meta property=\"og:type\" content=\"article\" \/>\n<meta property=\"og:title\" content=\"SN \/ SM \u2013 Spot Merchandisers for Low and Medium Temperature - Megarefrigeracion\" \/>\n<meta property=\"og:description\" content=\"SN\/SM son equipos de exhibici\u00f3n dise\u00f1ados para temperaturas baja y media, ideales para destacar productos en puntos estrat\u00e9gicos de venta.\" \/>\n<meta property=\"og:url\" content=\"https:\/\/megarefrigeracion.com\/index.php\/producto\/sn-sm-spot-merchandisers-for-low-and-medium-temperature\/\" \/>\n<meta property=\"og:site_name\" content=\"Megarefrigeracion\" \/>\n<meta property=\"og:image\" content=\"https:\/\/megarefrigeracion.com\/wp-content\/uploads\/2024\/07\/SN-SM-\u2013-Spot-Merchandisers-for-Low-and-Medium-Temperature.png\" \/>\n\t<meta property=\"og:image:width\" content=\"1152\" \/>\n\t<meta property=\"og:image:height\" content=\"864\" \/>\n\t<meta property=\"og:image:type\" content=\"image\/png\" \/>\n<meta name=\"twitter:card\" content=\"summary_large_image\" \/>\n<meta name=\"twitter:label1\" content=\"Tiempo de lectura\" \/>\n\t<meta name=\"twitter:data1\" content=\"1 minuto\" \/>\n<script type=\"application\/ld+json\" class=\"yoast-schema-graph\">{\"@context\":\"https:\\\/\\\/schema.org\",\"@graph\":[{\"@type\":\"WebPage\",\"@id\":\"https:\\\/\\\/megarefrigeracion.com\\\/index.php\\\/producto\\\/sn-sm-spot-merchandisers-for-low-and-medium-temperature\\\/\",\"url\":\"https:\\\/\\\/megarefrigeracion.com\\\/index.php\\\/producto\\\/sn-sm-spot-merchandisers-for-low-and-medium-temperature\\\/\",\"name\":\"SN \\\/ SM \u2013 Spot Merchandisers for Low and Medium Temperature - Megarefrigeracion\",\"isPartOf\":{\"@id\":\"https:\\\/\\\/megarefrigeracion.com\\\/#website\"},\"primaryImageOfPage\":{\"@id\":\"https:\\\/\\\/megarefrigeracion.com\\\/index.php\\\/producto\\\/sn-sm-spot-merchandisers-for-low-and-medium-temperature\\\/#primaryimage\"},\"image\":{\"@id\":\"https:\\\/\\\/megarefrigeracion.com\\\/index.php\\\/producto\\\/sn-sm-spot-merchandisers-for-low-and-medium-temperature\\\/#primaryimage\"},\"thumbnailUrl\":\"https:\\\/\\\/megarefrigeracion.com\\\/wp-content\\\/uploads\\\/2024\\\/07\\\/SN-SM-\u2013-Spot-Merchandisers-for-Low-and-Medium-Temperature.png\",\"datePublished\":\"2024-07-03T18:52:35+00:00\",\"description\":\"SN\\\/SM son equipos de exhibici\u00f3n dise\u00f1ados para temperaturas baja y media, ideales para destacar productos en puntos estrat\u00e9gicos de venta.\",\"breadcrumb\":{\"@id\":\"https:\\\/\\\/megarefrigeracion.com\\\/index.php\\\/producto\\\/sn-sm-spot-merchandisers-for-low-and-medium-temperature\\\/#breadcrumb\"},\"inLanguage\":\"es\",\"potentialAction\":[{\"@type\":\"ReadAction\",\"target\":[\"https:\\\/\\\/megarefrigeracion.com\\\/index.php\\\/producto\\\/sn-sm-spot-merchandisers-for-low-and-medium-temperature\\\/\"]}]},{\"@type\":\"ImageObject\",\"inLanguage\":\"es\",\"@id\":\"https:\\\/\\\/megarefrigeracion.com\\\/index.php\\\/producto\\\/sn-sm-spot-merchandisers-for-low-and-medium-temperature\\\/#primaryimage\",\"url\":\"https:\\\/\\\/megarefrigeracion.com\\\/wp-content\\\/uploads\\\/2024\\\/07\\\/SN-SM-\u2013-Spot-Merchandisers-for-Low-and-Medium-Temperature.png\",\"contentUrl\":\"https:\\\/\\\/megarefrigeracion.com\\\/wp-content\\\/uploads\\\/2024\\\/07\\\/SN-SM-\u2013-Spot-Merchandisers-for-Low-and-Medium-Temperature.png\",\"width\":1152,\"height\":864,\"caption\":\"SN \\\/ SM \u2013 Spot Merchandisers for Low and Medium Temperature\"},{\"@type\":\"BreadcrumbList\",\"@id\":\"https:\\\/\\\/megarefrigeracion.com\\\/index.php\\\/producto\\\/sn-sm-spot-merchandisers-for-low-and-medium-temperature\\\/#breadcrumb\",\"itemListElement\":[{\"@type\":\"ListItem\",\"position\":1,\"name\":\"Portada\",\"item\":\"https:\\\/\\\/megarefrigeracion.com\\\/\"},{\"@type\":\"ListItem\",\"position\":2,\"name\":\"Productos\",\"item\":\"https:\\\/\\\/megarefrigeracion.com\\\/index.php\\\/shop\\\/\"},{\"@type\":\"ListItem\",\"position\":3,\"name\":\"SN \\\/ SM \u2013 Spot Merchandisers for Low and Medium Temperature\"}]},{\"@type\":\"WebSite\",\"@id\":\"https:\\\/\\\/megarefrigeracion.com\\\/#website\",\"url\":\"https:\\\/\\\/megarefrigeracion.com\\\/\",\"name\":\"Megarefrigeracion\",\"description\":\"\",\"publisher\":{\"@id\":\"https:\\\/\\\/megarefrigeracion.com\\\/#organization\"},\"potentialAction\":[{\"@type\":\"SearchAction\",\"target\":{\"@type\":\"EntryPoint\",\"urlTemplate\":\"https:\\\/\\\/megarefrigeracion.com\\\/?s={search_term_string}\"},\"query-input\":{\"@type\":\"PropertyValueSpecification\",\"valueRequired\":true,\"valueName\":\"search_term_string\"}}],\"inLanguage\":\"es\"},{\"@type\":\"Organization\",\"@id\":\"https:\\\/\\\/megarefrigeracion.com\\\/#organization\",\"name\":\"Megarefrigeracion\",\"url\":\"https:\\\/\\\/megarefrigeracion.com\\\/\",\"logo\":{\"@type\":\"ImageObject\",\"inLanguage\":\"es\",\"@id\":\"https:\\\/\\\/megarefrigeracion.com\\\/#\\\/schema\\\/logo\\\/image\\\/\",\"url\":\"https:\\\/\\\/megarefrigeracion.com\\\/wp-content\\\/uploads\\\/2024\\\/07\\\/logomega-300x165-1.png\",\"contentUrl\":\"https:\\\/\\\/megarefrigeracion.com\\\/wp-content\\\/uploads\\\/2024\\\/07\\\/logomega-300x165-1.png\",\"width\":300,\"height\":165,\"caption\":\"Megarefrigeracion\"},\"image\":{\"@id\":\"https:\\\/\\\/megarefrigeracion.com\\\/#\\\/schema\\\/logo\\\/image\\\/\"}}]}<\/script>\n<!-- \/ Yoast SEO plugin. -->","yoast_head_json":{"title":"SN \/ SM \u2013 Spot Merchandisers for Low and Medium Temperature - Megarefrigeracion","description":"SN\/SM son equipos de exhibici\u00f3n dise\u00f1ados para temperaturas baja y media, ideales para destacar productos en puntos estrat\u00e9gicos de venta.","robots":{"index":"index","follow":"follow","max-snippet":"max-snippet:-1","max-image-preview":"max-image-preview:large","max-video-preview":"max-video-preview:-1"},"canonical":"https:\/\/megarefrigeracion.com\/index.php\/producto\/sn-sm-spot-merchandisers-for-low-and-medium-temperature\/","og_locale":"es_ES","og_type":"article","og_title":"SN \/ SM \u2013 Spot Merchandisers for Low and Medium Temperature - Megarefrigeracion","og_description":"SN\/SM son equipos de exhibici\u00f3n dise\u00f1ados para temperaturas baja y media, ideales para destacar productos en puntos estrat\u00e9gicos de venta.","og_url":"https:\/\/megarefrigeracion.com\/index.php\/producto\/sn-sm-spot-merchandisers-for-low-and-medium-temperature\/","og_site_name":"Megarefrigeracion","og_image":[{"width":1152,"height":864,"url":"https:\/\/megarefrigeracion.com\/wp-content\/uploads\/2024\/07\/SN-SM-\u2013-Spot-Merchandisers-for-Low-and-Medium-Temperature.png","type":"image\/png"}],"twitter_card":"summary_large_image","twitter_misc":{"Tiempo de lectura":"1 minuto"},"schema":{"@context":"https:\/\/schema.org","@graph":[{"@type":"WebPage","@id":"https:\/\/megarefrigeracion.com\/index.php\/producto\/sn-sm-spot-merchandisers-for-low-and-medium-temperature\/","url":"https:\/\/megarefrigeracion.com\/index.php\/producto\/sn-sm-spot-merchandisers-for-low-and-medium-temperature\/","name":"SN \/ SM \u2013 Spot Merchandisers for Low and Medium Temperature - Megarefrigeracion","isPartOf":{"@id":"https:\/\/megarefrigeracion.com\/#website"},"primaryImageOfPage":{"@id":"https:\/\/megarefrigeracion.com\/index.php\/producto\/sn-sm-spot-merchandisers-for-low-and-medium-temperature\/#primaryimage"},"image":{"@id":"https:\/\/megarefrigeracion.com\/index.php\/producto\/sn-sm-spot-merchandisers-for-low-and-medium-temperature\/#primaryimage"},"thumbnailUrl":"https:\/\/megarefrigeracion.com\/wp-content\/uploads\/2024\/07\/SN-SM-\u2013-Spot-Merchandisers-for-Low-and-Medium-Temperature.png","datePublished":"2024-07-03T18:52:35+00:00","description":"SN\/SM son equipos de exhibici\u00f3n dise\u00f1ados para temperaturas baja y media, ideales para destacar productos en puntos estrat\u00e9gicos de venta.","breadcrumb":{"@id":"https:\/\/megarefrigeracion.com\/index.php\/producto\/sn-sm-spot-merchandisers-for-low-and-medium-temperature\/#breadcrumb"},"inLanguage":"es","potentialAction":[{"@type":"ReadAction","target":["https:\/\/megarefrigeracion.com\/index.php\/producto\/sn-sm-spot-merchandisers-for-low-and-medium-temperature\/"]}]},{"@type":"ImageObject","inLanguage":"es","@id":"https:\/\/megarefrigeracion.com\/index.php\/producto\/sn-sm-spot-merchandisers-for-low-and-medium-temperature\/#primaryimage","url":"https:\/\/megarefrigeracion.com\/wp-content\/uploads\/2024\/07\/SN-SM-\u2013-Spot-Merchandisers-for-Low-and-Medium-Temperature.png","contentUrl":"https:\/\/megarefrigeracion.com\/wp-content\/uploads\/2024\/07\/SN-SM-\u2013-Spot-Merchandisers-for-Low-and-Medium-Temperature.png","width":1152,"height":864,"caption":"SN \/ SM \u2013 Spot Merchandisers for Low and Medium Temperature"},{"@type":"BreadcrumbList","@id":"https:\/\/megarefrigeracion.com\/index.php\/producto\/sn-sm-spot-merchandisers-for-low-and-medium-temperature\/#breadcrumb","itemListElement":[{"@type":"ListItem","position":1,"name":"Portada","item":"https:\/\/megarefrigeracion.com\/"},{"@type":"ListItem","position":2,"name":"Productos","item":"https:\/\/megarefrigeracion.com\/index.php\/shop\/"},{"@type":"ListItem","position":3,"name":"SN \/ SM \u2013 Spot Merchandisers for Low and Medium Temperature"}]},{"@type":"WebSite","@id":"https:\/\/megarefrigeracion.com\/#website","url":"https:\/\/megarefrigeracion.com\/","name":"Megarefrigeracion","description":"","publisher":{"@id":"https:\/\/megarefrigeracion.com\/#organization"},"potentialAction":[{"@type":"SearchAction","target":{"@type":"EntryPoint","urlTemplate":"https:\/\/megarefrigeracion.com\/?s={search_term_string}"},"query-input":{"@type":"PropertyValueSpecification","valueRequired":true,"valueName":"search_term_string"}}],"inLanguage":"es"},{"@type":"Organization","@id":"https:\/\/megarefrigeracion.com\/#organization","name":"Megarefrigeracion","url":"https:\/\/megarefrigeracion.com\/","logo":{"@type":"ImageObject","inLanguage":"es","@id":"https:\/\/megarefrigeracion.com\/#\/schema\/logo\/image\/","url":"https:\/\/megarefrigeracion.com\/wp-content\/uploads\/2024\/07\/logomega-300x165-1.png","contentUrl":"https:\/\/megarefrigeracion.com\/wp-content\/uploads\/2024\/07\/logomega-300x165-1.png","width":300,"height":165,"caption":"Megarefrigeracion"},"image":{"@id":"https:\/\/megarefrigeracion.com\/#\/schema\/logo\/image\/"}}]}},"_links":{"self":[{"href":"https:\/\/megarefrigeracion.com\/index.php\/wp-json\/wp\/v2\/product\/94228","targetHints":{"allow":["GET"]}}],"collection":[{"href":"https:\/\/megarefrigeracion.com\/index.php\/wp-json\/wp\/v2\/product"}],"about":[{"href":"https:\/\/megarefrigeracion.com\/index.php\/wp-json\/wp\/v2\/types\/product"}],"replies":[{"embeddable":true,"href":"https:\/\/megarefrigeracion.com\/index.php\/wp-json\/wp\/v2\/comments?post=94228"}],"wp:featuredmedia":[{"embeddable":true,"href":"https:\/\/megarefrigeracion.com\/index.php\/wp-json\/wp\/v2\/media\/94230"}],"wp:attachment":[{"href":"https:\/\/megarefrigeracion.com\/index.php\/wp-json\/wp\/v2\/media?parent=94228"}],"wp:term":[{"taxonomy":"product_brand","embeddable":true,"href":"https:\/\/megarefrigeracion.com\/index.php\/wp-json\/wp\/v2\/product_brand?post=94228"},{"taxonomy":"product_cat","embeddable":true,"href":"https:\/\/megarefrigeracion.com\/index.php\/wp-json\/wp\/v2\/product_cat?post=94228"},{"taxonomy":"product_tag","embeddable":true,"href":"https:\/\/megarefrigeracion.com\/index.php\/wp-json\/wp\/v2\/product_tag?post=94228"}],"curies":[{"name":"wp","href":"https:\/\/api.w.org\/{rel}","templated":true}]}}