{"id":94222,"date":"2024-07-03T18:41:50","date_gmt":"2024-07-03T18:41:50","guid":{"rendered":"https:\/\/todoenrefrigeracion.com\/?post_type=product&#038;p=94222"},"modified":"2024-07-03T18:41:50","modified_gmt":"2024-07-03T18:41:50","slug":"ddss-4mc-exhibidor-multinivel-de-alta-capacidad","status":"publish","type":"product","link":"https:\/\/megarefrigeracion.com\/index.php\/producto\/ddss-4mc-exhibidor-multinivel-de-alta-capacidad\/","title":{"rendered":"DDSS-4MC \u2013 Exhibidor Multinivel De Alta Capacidad"},"content":{"rendered":"<p>Caracter\u00edsticas y Beneficios<\/p>\n<ul>\n<li>Fondo de 29\u201d, m\u00e1xima capacidad.<\/li>\n<li>Copete iluminado.<\/li>\n<li>Entrepa\u00f1os de vidrio.<\/li>\n<li>Unidad condensadora extra\u00edble.<\/li>\n<\/ul>\n","protected":false},"excerpt":{"rendered":"<p>Caracter\u00edsticas y Beneficios Fondo de 29\u201d, m\u00e1xima capacidad. Copete iluminado. Entrepa\u00f1os de vidrio. Unidad condensadora extra\u00edble.<\/p>\n","protected":false},"featured_media":94223,"comment_status":"open","ping_status":"closed","template":"","meta":[],"product_brand":[],"product_cat":[119],"product_tag":[],"class_list":{"0":"post-94222","1":"product","2":"type-product","3":"status-publish","4":"has-post-thumbnail","6":"product_cat-equipos-refrigerados-para-autoservicios","7":"description-off","9":"first","10":"instock","11":"shipping-taxable","12":"product-type-simple"},"yoast_head":"<!-- This site is optimized with the Yoast SEO plugin v27.4 - https:\/\/yoast.com\/product\/yoast-seo-wordpress\/ -->\n<title>DDSS-4MC \u2013 Exhibidor Multinivel De Alta Capacidad - Megarefrigeracion<\/title>\n<meta name=\"description\" content=\"El DDSS-4MC es un exhibidor multinivel de alta capacidad dise\u00f1ado para mostrar productos de manera eficiente y organizada en diversos niveles.\" \/>\n<meta name=\"robots\" content=\"index, follow, max-snippet:-1, max-image-preview:large, max-video-preview:-1\" \/>\n<link rel=\"canonical\" href=\"https:\/\/megarefrigeracion.com\/index.php\/producto\/ddss-4mc-exhibidor-multinivel-de-alta-capacidad\/\" \/>\n<meta property=\"og:locale\" content=\"es_ES\" \/>\n<meta property=\"og:type\" content=\"article\" \/>\n<meta property=\"og:title\" content=\"DDSS-4MC \u2013 Exhibidor Multinivel De Alta Capacidad - Megarefrigeracion\" \/>\n<meta property=\"og:description\" content=\"El DDSS-4MC es un exhibidor multinivel de alta capacidad dise\u00f1ado para mostrar productos de manera eficiente y organizada en diversos niveles.\" \/>\n<meta property=\"og:url\" content=\"https:\/\/megarefrigeracion.com\/index.php\/producto\/ddss-4mc-exhibidor-multinivel-de-alta-capacidad\/\" \/>\n<meta property=\"og:site_name\" content=\"Megarefrigeracion\" \/>\n<meta property=\"og:image\" content=\"https:\/\/megarefrigeracion.com\/wp-content\/uploads\/2024\/07\/DDSS-4MC-\u2013-Exhibidor-Multinivel-De-Alta-Capacidad.png\" \/>\n\t<meta property=\"og:image:width\" content=\"1152\" \/>\n\t<meta property=\"og:image:height\" content=\"864\" \/>\n\t<meta property=\"og:image:type\" content=\"image\/png\" \/>\n<meta name=\"twitter:card\" content=\"summary_large_image\" \/>\n<meta name=\"twitter:label1\" content=\"Tiempo de lectura\" \/>\n\t<meta name=\"twitter:data1\" content=\"1 minuto\" \/>\n<script type=\"application\/ld+json\" class=\"yoast-schema-graph\">{\"@context\":\"https:\\\/\\\/schema.org\",\"@graph\":[{\"@type\":\"WebPage\",\"@id\":\"https:\\\/\\\/megarefrigeracion.com\\\/index.php\\\/producto\\\/ddss-4mc-exhibidor-multinivel-de-alta-capacidad\\\/\",\"url\":\"https:\\\/\\\/megarefrigeracion.com\\\/index.php\\\/producto\\\/ddss-4mc-exhibidor-multinivel-de-alta-capacidad\\\/\",\"name\":\"DDSS-4MC \u2013 Exhibidor Multinivel De Alta Capacidad - Megarefrigeracion\",\"isPartOf\":{\"@id\":\"https:\\\/\\\/megarefrigeracion.com\\\/#website\"},\"primaryImageOfPage\":{\"@id\":\"https:\\\/\\\/megarefrigeracion.com\\\/index.php\\\/producto\\\/ddss-4mc-exhibidor-multinivel-de-alta-capacidad\\\/#primaryimage\"},\"image\":{\"@id\":\"https:\\\/\\\/megarefrigeracion.com\\\/index.php\\\/producto\\\/ddss-4mc-exhibidor-multinivel-de-alta-capacidad\\\/#primaryimage\"},\"thumbnailUrl\":\"https:\\\/\\\/megarefrigeracion.com\\\/wp-content\\\/uploads\\\/2024\\\/07\\\/DDSS-4MC-\u2013-Exhibidor-Multinivel-De-Alta-Capacidad.png\",\"datePublished\":\"2024-07-03T18:41:50+00:00\",\"description\":\"El DDSS-4MC es un exhibidor multinivel de alta capacidad dise\u00f1ado para mostrar productos de manera eficiente y organizada en diversos niveles.\",\"breadcrumb\":{\"@id\":\"https:\\\/\\\/megarefrigeracion.com\\\/index.php\\\/producto\\\/ddss-4mc-exhibidor-multinivel-de-alta-capacidad\\\/#breadcrumb\"},\"inLanguage\":\"es\",\"potentialAction\":[{\"@type\":\"ReadAction\",\"target\":[\"https:\\\/\\\/megarefrigeracion.com\\\/index.php\\\/producto\\\/ddss-4mc-exhibidor-multinivel-de-alta-capacidad\\\/\"]}]},{\"@type\":\"ImageObject\",\"inLanguage\":\"es\",\"@id\":\"https:\\\/\\\/megarefrigeracion.com\\\/index.php\\\/producto\\\/ddss-4mc-exhibidor-multinivel-de-alta-capacidad\\\/#primaryimage\",\"url\":\"https:\\\/\\\/megarefrigeracion.com\\\/wp-content\\\/uploads\\\/2024\\\/07\\\/DDSS-4MC-\u2013-Exhibidor-Multinivel-De-Alta-Capacidad.png\",\"contentUrl\":\"https:\\\/\\\/megarefrigeracion.com\\\/wp-content\\\/uploads\\\/2024\\\/07\\\/DDSS-4MC-\u2013-Exhibidor-Multinivel-De-Alta-Capacidad.png\",\"width\":1152,\"height\":864,\"caption\":\"DDSS-4MC \u2013 Exhibidor Multinivel De Alta Capacidad\"},{\"@type\":\"BreadcrumbList\",\"@id\":\"https:\\\/\\\/megarefrigeracion.com\\\/index.php\\\/producto\\\/ddss-4mc-exhibidor-multinivel-de-alta-capacidad\\\/#breadcrumb\",\"itemListElement\":[{\"@type\":\"ListItem\",\"position\":1,\"name\":\"Portada\",\"item\":\"https:\\\/\\\/megarefrigeracion.com\\\/\"},{\"@type\":\"ListItem\",\"position\":2,\"name\":\"Productos\",\"item\":\"https:\\\/\\\/megarefrigeracion.com\\\/index.php\\\/shop\\\/\"},{\"@type\":\"ListItem\",\"position\":3,\"name\":\"DDSS-4MC \u2013 Exhibidor Multinivel De Alta Capacidad\"}]},{\"@type\":\"WebSite\",\"@id\":\"https:\\\/\\\/megarefrigeracion.com\\\/#website\",\"url\":\"https:\\\/\\\/megarefrigeracion.com\\\/\",\"name\":\"Megarefrigeracion\",\"description\":\"\",\"publisher\":{\"@id\":\"https:\\\/\\\/megarefrigeracion.com\\\/#organization\"},\"potentialAction\":[{\"@type\":\"SearchAction\",\"target\":{\"@type\":\"EntryPoint\",\"urlTemplate\":\"https:\\\/\\\/megarefrigeracion.com\\\/?s={search_term_string}\"},\"query-input\":{\"@type\":\"PropertyValueSpecification\",\"valueRequired\":true,\"valueName\":\"search_term_string\"}}],\"inLanguage\":\"es\"},{\"@type\":\"Organization\",\"@id\":\"https:\\\/\\\/megarefrigeracion.com\\\/#organization\",\"name\":\"Megarefrigeracion\",\"url\":\"https:\\\/\\\/megarefrigeracion.com\\\/\",\"logo\":{\"@type\":\"ImageObject\",\"inLanguage\":\"es\",\"@id\":\"https:\\\/\\\/megarefrigeracion.com\\\/#\\\/schema\\\/logo\\\/image\\\/\",\"url\":\"https:\\\/\\\/megarefrigeracion.com\\\/wp-content\\\/uploads\\\/2024\\\/07\\\/logomega-300x165-1.png\",\"contentUrl\":\"https:\\\/\\\/megarefrigeracion.com\\\/wp-content\\\/uploads\\\/2024\\\/07\\\/logomega-300x165-1.png\",\"width\":300,\"height\":165,\"caption\":\"Megarefrigeracion\"},\"image\":{\"@id\":\"https:\\\/\\\/megarefrigeracion.com\\\/#\\\/schema\\\/logo\\\/image\\\/\"}}]}<\/script>\n<!-- \/ Yoast SEO plugin. -->","yoast_head_json":{"title":"DDSS-4MC \u2013 Exhibidor Multinivel De Alta Capacidad - Megarefrigeracion","description":"El DDSS-4MC es un exhibidor multinivel de alta capacidad dise\u00f1ado para mostrar productos de manera eficiente y organizada en diversos niveles.","robots":{"index":"index","follow":"follow","max-snippet":"max-snippet:-1","max-image-preview":"max-image-preview:large","max-video-preview":"max-video-preview:-1"},"canonical":"https:\/\/megarefrigeracion.com\/index.php\/producto\/ddss-4mc-exhibidor-multinivel-de-alta-capacidad\/","og_locale":"es_ES","og_type":"article","og_title":"DDSS-4MC \u2013 Exhibidor Multinivel De Alta Capacidad - Megarefrigeracion","og_description":"El DDSS-4MC es un exhibidor multinivel de alta capacidad dise\u00f1ado para mostrar productos de manera eficiente y organizada en diversos niveles.","og_url":"https:\/\/megarefrigeracion.com\/index.php\/producto\/ddss-4mc-exhibidor-multinivel-de-alta-capacidad\/","og_site_name":"Megarefrigeracion","og_image":[{"width":1152,"height":864,"url":"https:\/\/megarefrigeracion.com\/wp-content\/uploads\/2024\/07\/DDSS-4MC-\u2013-Exhibidor-Multinivel-De-Alta-Capacidad.png","type":"image\/png"}],"twitter_card":"summary_large_image","twitter_misc":{"Tiempo de lectura":"1 minuto"},"schema":{"@context":"https:\/\/schema.org","@graph":[{"@type":"WebPage","@id":"https:\/\/megarefrigeracion.com\/index.php\/producto\/ddss-4mc-exhibidor-multinivel-de-alta-capacidad\/","url":"https:\/\/megarefrigeracion.com\/index.php\/producto\/ddss-4mc-exhibidor-multinivel-de-alta-capacidad\/","name":"DDSS-4MC \u2013 Exhibidor Multinivel De Alta Capacidad - Megarefrigeracion","isPartOf":{"@id":"https:\/\/megarefrigeracion.com\/#website"},"primaryImageOfPage":{"@id":"https:\/\/megarefrigeracion.com\/index.php\/producto\/ddss-4mc-exhibidor-multinivel-de-alta-capacidad\/#primaryimage"},"image":{"@id":"https:\/\/megarefrigeracion.com\/index.php\/producto\/ddss-4mc-exhibidor-multinivel-de-alta-capacidad\/#primaryimage"},"thumbnailUrl":"https:\/\/megarefrigeracion.com\/wp-content\/uploads\/2024\/07\/DDSS-4MC-\u2013-Exhibidor-Multinivel-De-Alta-Capacidad.png","datePublished":"2024-07-03T18:41:50+00:00","description":"El DDSS-4MC es un exhibidor multinivel de alta capacidad dise\u00f1ado para mostrar productos de manera eficiente y organizada en diversos niveles.","breadcrumb":{"@id":"https:\/\/megarefrigeracion.com\/index.php\/producto\/ddss-4mc-exhibidor-multinivel-de-alta-capacidad\/#breadcrumb"},"inLanguage":"es","potentialAction":[{"@type":"ReadAction","target":["https:\/\/megarefrigeracion.com\/index.php\/producto\/ddss-4mc-exhibidor-multinivel-de-alta-capacidad\/"]}]},{"@type":"ImageObject","inLanguage":"es","@id":"https:\/\/megarefrigeracion.com\/index.php\/producto\/ddss-4mc-exhibidor-multinivel-de-alta-capacidad\/#primaryimage","url":"https:\/\/megarefrigeracion.com\/wp-content\/uploads\/2024\/07\/DDSS-4MC-\u2013-Exhibidor-Multinivel-De-Alta-Capacidad.png","contentUrl":"https:\/\/megarefrigeracion.com\/wp-content\/uploads\/2024\/07\/DDSS-4MC-\u2013-Exhibidor-Multinivel-De-Alta-Capacidad.png","width":1152,"height":864,"caption":"DDSS-4MC \u2013 Exhibidor Multinivel De Alta Capacidad"},{"@type":"BreadcrumbList","@id":"https:\/\/megarefrigeracion.com\/index.php\/producto\/ddss-4mc-exhibidor-multinivel-de-alta-capacidad\/#breadcrumb","itemListElement":[{"@type":"ListItem","position":1,"name":"Portada","item":"https:\/\/megarefrigeracion.com\/"},{"@type":"ListItem","position":2,"name":"Productos","item":"https:\/\/megarefrigeracion.com\/index.php\/shop\/"},{"@type":"ListItem","position":3,"name":"DDSS-4MC \u2013 Exhibidor Multinivel De Alta Capacidad"}]},{"@type":"WebSite","@id":"https:\/\/megarefrigeracion.com\/#website","url":"https:\/\/megarefrigeracion.com\/","name":"Megarefrigeracion","description":"","publisher":{"@id":"https:\/\/megarefrigeracion.com\/#organization"},"potentialAction":[{"@type":"SearchAction","target":{"@type":"EntryPoint","urlTemplate":"https:\/\/megarefrigeracion.com\/?s={search_term_string}"},"query-input":{"@type":"PropertyValueSpecification","valueRequired":true,"valueName":"search_term_string"}}],"inLanguage":"es"},{"@type":"Organization","@id":"https:\/\/megarefrigeracion.com\/#organization","name":"Megarefrigeracion","url":"https:\/\/megarefrigeracion.com\/","logo":{"@type":"ImageObject","inLanguage":"es","@id":"https:\/\/megarefrigeracion.com\/#\/schema\/logo\/image\/","url":"https:\/\/megarefrigeracion.com\/wp-content\/uploads\/2024\/07\/logomega-300x165-1.png","contentUrl":"https:\/\/megarefrigeracion.com\/wp-content\/uploads\/2024\/07\/logomega-300x165-1.png","width":300,"height":165,"caption":"Megarefrigeracion"},"image":{"@id":"https:\/\/megarefrigeracion.com\/#\/schema\/logo\/image\/"}}]}},"_links":{"self":[{"href":"https:\/\/megarefrigeracion.com\/index.php\/wp-json\/wp\/v2\/product\/94222","targetHints":{"allow":["GET"]}}],"collection":[{"href":"https:\/\/megarefrigeracion.com\/index.php\/wp-json\/wp\/v2\/product"}],"about":[{"href":"https:\/\/megarefrigeracion.com\/index.php\/wp-json\/wp\/v2\/types\/product"}],"replies":[{"embeddable":true,"href":"https:\/\/megarefrigeracion.com\/index.php\/wp-json\/wp\/v2\/comments?post=94222"}],"wp:featuredmedia":[{"embeddable":true,"href":"https:\/\/megarefrigeracion.com\/index.php\/wp-json\/wp\/v2\/media\/94223"}],"wp:attachment":[{"href":"https:\/\/megarefrigeracion.com\/index.php\/wp-json\/wp\/v2\/media?parent=94222"}],"wp:term":[{"taxonomy":"product_brand","embeddable":true,"href":"https:\/\/megarefrigeracion.com\/index.php\/wp-json\/wp\/v2\/product_brand?post=94222"},{"taxonomy":"product_cat","embeddable":true,"href":"https:\/\/megarefrigeracion.com\/index.php\/wp-json\/wp\/v2\/product_cat?post=94222"},{"taxonomy":"product_tag","embeddable":true,"href":"https:\/\/megarefrigeracion.com\/index.php\/wp-json\/wp\/v2\/product_tag?post=94222"}],"curies":[{"name":"wp","href":"https:\/\/api.w.org\/{rel}","templated":true}]}}