{"id":94220,"date":"2024-07-03T18:37:09","date_gmt":"2024-07-03T18:37:09","guid":{"rendered":"https:\/\/todoenrefrigeracion.com\/?post_type=product&#038;p=94220"},"modified":"2024-07-03T18:37:10","modified_gmt":"2024-07-03T18:37:10","slug":"shm-exhibidor-horizontal-para-especialidades","status":"publish","type":"product","link":"https:\/\/megarefrigeracion.com\/index.php\/producto\/shm-exhibidor-horizontal-para-especialidades\/","title":{"rendered":"SHM Exhibidor Horizontal Para Especialidades"},"content":{"rendered":"<p>Caracter\u00edsticas y Beneficios *Auto contenida, temperatura media para deli, quesos y comidas preparadas. *Excelente para exhibir ensaladas, pizzas, s\u00e1ndwiches y bebidas. *Estilo contempor\u00e1neo con un \u00e1rea m\u00e1xima de exhibici\u00f3n en un m\u00ednimo espacio. *3 nivelas de exhibici\u00f3n para atraer las ventas e impulso. *Ventana frontal y lateral para incrementar la vista del producto. *Fabricado en color gris.<\/p>\n","protected":false},"excerpt":{"rendered":"<p>Caracter\u00edsticas y Beneficios *Auto contenida, temperatura media para deli, quesos y comidas preparadas. *Excelente para exhibir ensaladas, pizzas, s\u00e1ndwiches y bebidas. *Estilo contempor\u00e1neo con un \u00e1rea m\u00e1xima de exhibici\u00f3n en un m\u00ednimo espacio. *3 nivelas de exhibici\u00f3n para atraer las ventas e impulso. *Ventana frontal y lateral para incrementar la vista del producto. *Fabricado en&hellip;<\/p>\n","protected":false},"featured_media":94221,"comment_status":"open","ping_status":"closed","template":"","meta":[],"product_brand":[],"product_cat":[119],"product_tag":[],"class_list":{"0":"post-94220","1":"product","2":"type-product","3":"status-publish","4":"has-post-thumbnail","6":"product_cat-equipos-refrigerados-para-autoservicios","7":"description-off","9":"first","10":"instock","11":"shipping-taxable","12":"product-type-simple"},"yoast_head":"<!-- This site is optimized with the Yoast SEO plugin v27.4 - https:\/\/yoast.com\/product\/yoast-seo-wordpress\/ -->\n<title>SHM Exhibidor Horizontal Para Especialidades - Megarefrigeracion<\/title>\n<meta name=\"description\" content=\"Excelente para exhibir ensaladas, pizzas, s\u00e1ndwiches y bebidas. Estilo contempor\u00e1neo con un \u00e1rea m\u00e1xima de exhibici\u00f3n en un m\u00ednimo espacio.\" \/>\n<meta name=\"robots\" content=\"index, follow, max-snippet:-1, max-image-preview:large, max-video-preview:-1\" \/>\n<link rel=\"canonical\" href=\"https:\/\/megarefrigeracion.com\/index.php\/producto\/shm-exhibidor-horizontal-para-especialidades\/\" \/>\n<meta property=\"og:locale\" content=\"es_ES\" \/>\n<meta property=\"og:type\" content=\"article\" \/>\n<meta property=\"og:title\" content=\"SHM Exhibidor Horizontal Para Especialidades - Megarefrigeracion\" \/>\n<meta property=\"og:description\" content=\"Excelente para exhibir ensaladas, pizzas, s\u00e1ndwiches y bebidas. Estilo contempor\u00e1neo con un \u00e1rea m\u00e1xima de exhibici\u00f3n en un m\u00ednimo espacio.\" \/>\n<meta property=\"og:url\" content=\"https:\/\/megarefrigeracion.com\/index.php\/producto\/shm-exhibidor-horizontal-para-especialidades\/\" \/>\n<meta property=\"og:site_name\" content=\"Megarefrigeracion\" \/>\n<meta property=\"article:modified_time\" content=\"2024-07-03T18:37:10+00:00\" \/>\n<meta property=\"og:image\" content=\"https:\/\/megarefrigeracion.com\/wp-content\/uploads\/2024\/07\/SHM-Exhibidor-Horizontal-Para-Especialidades.png\" \/>\n\t<meta property=\"og:image:width\" content=\"1152\" \/>\n\t<meta property=\"og:image:height\" content=\"864\" \/>\n\t<meta property=\"og:image:type\" content=\"image\/png\" \/>\n<meta name=\"twitter:card\" content=\"summary_large_image\" \/>\n<meta name=\"twitter:label1\" content=\"Tiempo de lectura\" \/>\n\t<meta name=\"twitter:data1\" content=\"1 minuto\" \/>\n<script type=\"application\/ld+json\" class=\"yoast-schema-graph\">{\"@context\":\"https:\\\/\\\/schema.org\",\"@graph\":[{\"@type\":\"WebPage\",\"@id\":\"https:\\\/\\\/megarefrigeracion.com\\\/index.php\\\/producto\\\/shm-exhibidor-horizontal-para-especialidades\\\/\",\"url\":\"https:\\\/\\\/megarefrigeracion.com\\\/index.php\\\/producto\\\/shm-exhibidor-horizontal-para-especialidades\\\/\",\"name\":\"SHM Exhibidor Horizontal Para Especialidades - Megarefrigeracion\",\"isPartOf\":{\"@id\":\"https:\\\/\\\/megarefrigeracion.com\\\/#website\"},\"primaryImageOfPage\":{\"@id\":\"https:\\\/\\\/megarefrigeracion.com\\\/index.php\\\/producto\\\/shm-exhibidor-horizontal-para-especialidades\\\/#primaryimage\"},\"image\":{\"@id\":\"https:\\\/\\\/megarefrigeracion.com\\\/index.php\\\/producto\\\/shm-exhibidor-horizontal-para-especialidades\\\/#primaryimage\"},\"thumbnailUrl\":\"https:\\\/\\\/megarefrigeracion.com\\\/wp-content\\\/uploads\\\/2024\\\/07\\\/SHM-Exhibidor-Horizontal-Para-Especialidades.png\",\"datePublished\":\"2024-07-03T18:37:09+00:00\",\"dateModified\":\"2024-07-03T18:37:10+00:00\",\"description\":\"Excelente para exhibir ensaladas, pizzas, s\u00e1ndwiches y bebidas. Estilo contempor\u00e1neo con un \u00e1rea m\u00e1xima de exhibici\u00f3n en un m\u00ednimo espacio.\",\"breadcrumb\":{\"@id\":\"https:\\\/\\\/megarefrigeracion.com\\\/index.php\\\/producto\\\/shm-exhibidor-horizontal-para-especialidades\\\/#breadcrumb\"},\"inLanguage\":\"es\",\"potentialAction\":[{\"@type\":\"ReadAction\",\"target\":[\"https:\\\/\\\/megarefrigeracion.com\\\/index.php\\\/producto\\\/shm-exhibidor-horizontal-para-especialidades\\\/\"]}]},{\"@type\":\"ImageObject\",\"inLanguage\":\"es\",\"@id\":\"https:\\\/\\\/megarefrigeracion.com\\\/index.php\\\/producto\\\/shm-exhibidor-horizontal-para-especialidades\\\/#primaryimage\",\"url\":\"https:\\\/\\\/megarefrigeracion.com\\\/wp-content\\\/uploads\\\/2024\\\/07\\\/SHM-Exhibidor-Horizontal-Para-Especialidades.png\",\"contentUrl\":\"https:\\\/\\\/megarefrigeracion.com\\\/wp-content\\\/uploads\\\/2024\\\/07\\\/SHM-Exhibidor-Horizontal-Para-Especialidades.png\",\"width\":1152,\"height\":864,\"caption\":\"SHM Exhibidor Horizontal Para Especialidades\"},{\"@type\":\"BreadcrumbList\",\"@id\":\"https:\\\/\\\/megarefrigeracion.com\\\/index.php\\\/producto\\\/shm-exhibidor-horizontal-para-especialidades\\\/#breadcrumb\",\"itemListElement\":[{\"@type\":\"ListItem\",\"position\":1,\"name\":\"Portada\",\"item\":\"https:\\\/\\\/megarefrigeracion.com\\\/\"},{\"@type\":\"ListItem\",\"position\":2,\"name\":\"Productos\",\"item\":\"https:\\\/\\\/megarefrigeracion.com\\\/index.php\\\/shop\\\/\"},{\"@type\":\"ListItem\",\"position\":3,\"name\":\"SHM Exhibidor Horizontal Para Especialidades\"}]},{\"@type\":\"WebSite\",\"@id\":\"https:\\\/\\\/megarefrigeracion.com\\\/#website\",\"url\":\"https:\\\/\\\/megarefrigeracion.com\\\/\",\"name\":\"Megarefrigeracion\",\"description\":\"\",\"publisher\":{\"@id\":\"https:\\\/\\\/megarefrigeracion.com\\\/#organization\"},\"potentialAction\":[{\"@type\":\"SearchAction\",\"target\":{\"@type\":\"EntryPoint\",\"urlTemplate\":\"https:\\\/\\\/megarefrigeracion.com\\\/?s={search_term_string}\"},\"query-input\":{\"@type\":\"PropertyValueSpecification\",\"valueRequired\":true,\"valueName\":\"search_term_string\"}}],\"inLanguage\":\"es\"},{\"@type\":\"Organization\",\"@id\":\"https:\\\/\\\/megarefrigeracion.com\\\/#organization\",\"name\":\"Megarefrigeracion\",\"url\":\"https:\\\/\\\/megarefrigeracion.com\\\/\",\"logo\":{\"@type\":\"ImageObject\",\"inLanguage\":\"es\",\"@id\":\"https:\\\/\\\/megarefrigeracion.com\\\/#\\\/schema\\\/logo\\\/image\\\/\",\"url\":\"https:\\\/\\\/megarefrigeracion.com\\\/wp-content\\\/uploads\\\/2024\\\/07\\\/logomega-300x165-1.png\",\"contentUrl\":\"https:\\\/\\\/megarefrigeracion.com\\\/wp-content\\\/uploads\\\/2024\\\/07\\\/logomega-300x165-1.png\",\"width\":300,\"height\":165,\"caption\":\"Megarefrigeracion\"},\"image\":{\"@id\":\"https:\\\/\\\/megarefrigeracion.com\\\/#\\\/schema\\\/logo\\\/image\\\/\"}}]}<\/script>\n<!-- \/ Yoast SEO plugin. -->","yoast_head_json":{"title":"SHM Exhibidor Horizontal Para Especialidades - Megarefrigeracion","description":"Excelente para exhibir ensaladas, pizzas, s\u00e1ndwiches y bebidas. Estilo contempor\u00e1neo con un \u00e1rea m\u00e1xima de exhibici\u00f3n en un m\u00ednimo espacio.","robots":{"index":"index","follow":"follow","max-snippet":"max-snippet:-1","max-image-preview":"max-image-preview:large","max-video-preview":"max-video-preview:-1"},"canonical":"https:\/\/megarefrigeracion.com\/index.php\/producto\/shm-exhibidor-horizontal-para-especialidades\/","og_locale":"es_ES","og_type":"article","og_title":"SHM Exhibidor Horizontal Para Especialidades - Megarefrigeracion","og_description":"Excelente para exhibir ensaladas, pizzas, s\u00e1ndwiches y bebidas. Estilo contempor\u00e1neo con un \u00e1rea m\u00e1xima de exhibici\u00f3n en un m\u00ednimo espacio.","og_url":"https:\/\/megarefrigeracion.com\/index.php\/producto\/shm-exhibidor-horizontal-para-especialidades\/","og_site_name":"Megarefrigeracion","article_modified_time":"2024-07-03T18:37:10+00:00","og_image":[{"width":1152,"height":864,"url":"https:\/\/megarefrigeracion.com\/wp-content\/uploads\/2024\/07\/SHM-Exhibidor-Horizontal-Para-Especialidades.png","type":"image\/png"}],"twitter_card":"summary_large_image","twitter_misc":{"Tiempo de lectura":"1 minuto"},"schema":{"@context":"https:\/\/schema.org","@graph":[{"@type":"WebPage","@id":"https:\/\/megarefrigeracion.com\/index.php\/producto\/shm-exhibidor-horizontal-para-especialidades\/","url":"https:\/\/megarefrigeracion.com\/index.php\/producto\/shm-exhibidor-horizontal-para-especialidades\/","name":"SHM Exhibidor Horizontal Para Especialidades - Megarefrigeracion","isPartOf":{"@id":"https:\/\/megarefrigeracion.com\/#website"},"primaryImageOfPage":{"@id":"https:\/\/megarefrigeracion.com\/index.php\/producto\/shm-exhibidor-horizontal-para-especialidades\/#primaryimage"},"image":{"@id":"https:\/\/megarefrigeracion.com\/index.php\/producto\/shm-exhibidor-horizontal-para-especialidades\/#primaryimage"},"thumbnailUrl":"https:\/\/megarefrigeracion.com\/wp-content\/uploads\/2024\/07\/SHM-Exhibidor-Horizontal-Para-Especialidades.png","datePublished":"2024-07-03T18:37:09+00:00","dateModified":"2024-07-03T18:37:10+00:00","description":"Excelente para exhibir ensaladas, pizzas, s\u00e1ndwiches y bebidas. Estilo contempor\u00e1neo con un \u00e1rea m\u00e1xima de exhibici\u00f3n en un m\u00ednimo espacio.","breadcrumb":{"@id":"https:\/\/megarefrigeracion.com\/index.php\/producto\/shm-exhibidor-horizontal-para-especialidades\/#breadcrumb"},"inLanguage":"es","potentialAction":[{"@type":"ReadAction","target":["https:\/\/megarefrigeracion.com\/index.php\/producto\/shm-exhibidor-horizontal-para-especialidades\/"]}]},{"@type":"ImageObject","inLanguage":"es","@id":"https:\/\/megarefrigeracion.com\/index.php\/producto\/shm-exhibidor-horizontal-para-especialidades\/#primaryimage","url":"https:\/\/megarefrigeracion.com\/wp-content\/uploads\/2024\/07\/SHM-Exhibidor-Horizontal-Para-Especialidades.png","contentUrl":"https:\/\/megarefrigeracion.com\/wp-content\/uploads\/2024\/07\/SHM-Exhibidor-Horizontal-Para-Especialidades.png","width":1152,"height":864,"caption":"SHM Exhibidor Horizontal Para Especialidades"},{"@type":"BreadcrumbList","@id":"https:\/\/megarefrigeracion.com\/index.php\/producto\/shm-exhibidor-horizontal-para-especialidades\/#breadcrumb","itemListElement":[{"@type":"ListItem","position":1,"name":"Portada","item":"https:\/\/megarefrigeracion.com\/"},{"@type":"ListItem","position":2,"name":"Productos","item":"https:\/\/megarefrigeracion.com\/index.php\/shop\/"},{"@type":"ListItem","position":3,"name":"SHM Exhibidor Horizontal Para Especialidades"}]},{"@type":"WebSite","@id":"https:\/\/megarefrigeracion.com\/#website","url":"https:\/\/megarefrigeracion.com\/","name":"Megarefrigeracion","description":"","publisher":{"@id":"https:\/\/megarefrigeracion.com\/#organization"},"potentialAction":[{"@type":"SearchAction","target":{"@type":"EntryPoint","urlTemplate":"https:\/\/megarefrigeracion.com\/?s={search_term_string}"},"query-input":{"@type":"PropertyValueSpecification","valueRequired":true,"valueName":"search_term_string"}}],"inLanguage":"es"},{"@type":"Organization","@id":"https:\/\/megarefrigeracion.com\/#organization","name":"Megarefrigeracion","url":"https:\/\/megarefrigeracion.com\/","logo":{"@type":"ImageObject","inLanguage":"es","@id":"https:\/\/megarefrigeracion.com\/#\/schema\/logo\/image\/","url":"https:\/\/megarefrigeracion.com\/wp-content\/uploads\/2024\/07\/logomega-300x165-1.png","contentUrl":"https:\/\/megarefrigeracion.com\/wp-content\/uploads\/2024\/07\/logomega-300x165-1.png","width":300,"height":165,"caption":"Megarefrigeracion"},"image":{"@id":"https:\/\/megarefrigeracion.com\/#\/schema\/logo\/image\/"}}]}},"_links":{"self":[{"href":"https:\/\/megarefrigeracion.com\/index.php\/wp-json\/wp\/v2\/product\/94220","targetHints":{"allow":["GET"]}}],"collection":[{"href":"https:\/\/megarefrigeracion.com\/index.php\/wp-json\/wp\/v2\/product"}],"about":[{"href":"https:\/\/megarefrigeracion.com\/index.php\/wp-json\/wp\/v2\/types\/product"}],"replies":[{"embeddable":true,"href":"https:\/\/megarefrigeracion.com\/index.php\/wp-json\/wp\/v2\/comments?post=94220"}],"wp:featuredmedia":[{"embeddable":true,"href":"https:\/\/megarefrigeracion.com\/index.php\/wp-json\/wp\/v2\/media\/94221"}],"wp:attachment":[{"href":"https:\/\/megarefrigeracion.com\/index.php\/wp-json\/wp\/v2\/media?parent=94220"}],"wp:term":[{"taxonomy":"product_brand","embeddable":true,"href":"https:\/\/megarefrigeracion.com\/index.php\/wp-json\/wp\/v2\/product_brand?post=94220"},{"taxonomy":"product_cat","embeddable":true,"href":"https:\/\/megarefrigeracion.com\/index.php\/wp-json\/wp\/v2\/product_cat?post=94220"},{"taxonomy":"product_tag","embeddable":true,"href":"https:\/\/megarefrigeracion.com\/index.php\/wp-json\/wp\/v2\/product_tag?post=94220"}],"curies":[{"name":"wp","href":"https:\/\/api.w.org\/{rel}","templated":true}]}}