{"id":94216,"date":"2024-07-03T18:25:53","date_gmt":"2024-07-03T18:25:53","guid":{"rendered":"https:\/\/todoenrefrigeracion.com\/?post_type=product&#038;p=94216"},"modified":"2024-07-03T18:25:53","modified_gmt":"2024-07-03T18:25:53","slug":"md-specialty-multi-deck-merchandisers","status":"publish","type":"product","link":"https:\/\/megarefrigeracion.com\/index.php\/producto\/md-specialty-multi-deck-merchandisers\/","title":{"rendered":"MD Specialty Multi-Deck Merchandisers"},"content":{"rendered":"<ul>\n<li>Auto contenida, media temperatura.<\/li>\n<li>Exhibidor para ensaladas, quesos, leche, pizzas, vinos, s\u00e1ndwiches y bebidas.<\/li>\n<li>Estilo contempor\u00e1neo con un \u00e1rea m\u00e1xima de exhibici\u00f3n en un m\u00ednimo espacio.<\/li>\n<li>Cuatro entrepa\u00f1os de ajustables de 14\u201d.<\/li>\n<li>Cabeceras con plexigl\u00e1s para una mejor exhibici\u00f3n del producto.<\/li>\n<li>Gran \u00e1rea inferior de f\u00e1cil acceso para la exhibici\u00f3n de productos a granel o de impulso.<\/li>\n<li>Control electr\u00f3nico de temperatura.<\/li>\n<li>Iluminaci\u00f3n interior superior.<\/li>\n<li>Para golpes en color rojo para proteger contra da\u00f1os.<\/li>\n<li>Exterior en color gris y base negra.<\/li>\n<\/ul>\n","protected":false},"excerpt":{"rendered":"<p>Auto contenida, media temperatura. Exhibidor para ensaladas, quesos, leche, pizzas, vinos, s\u00e1ndwiches y bebidas. Estilo contempor\u00e1neo con un \u00e1rea m\u00e1xima de exhibici\u00f3n en un m\u00ednimo espacio. Cuatro entrepa\u00f1os de ajustables de 14\u201d. Cabeceras con plexigl\u00e1s para una mejor exhibici\u00f3n del producto. Gran \u00e1rea inferior de f\u00e1cil acceso para la exhibici\u00f3n de productos a granel o&hellip;<\/p>\n","protected":false},"featured_media":94217,"comment_status":"open","ping_status":"closed","template":"","meta":[],"product_brand":[],"product_cat":[119],"product_tag":[],"class_list":{"0":"post-94216","1":"product","2":"type-product","3":"status-publish","4":"has-post-thumbnail","6":"product_cat-equipos-refrigerados-para-autoservicios","7":"description-off","9":"first","10":"instock","11":"shipping-taxable","12":"product-type-simple"},"yoast_head":"<!-- This site is optimized with the Yoast SEO plugin v27.4 - https:\/\/yoast.com\/product\/yoast-seo-wordpress\/ -->\n<title>MD Specialty Multi-Deck Merchandisers - Megarefrigeracion<\/title>\n<meta name=\"description\" content=\"Exhibidor para ensaladas, quesos, leche, pizzas, vinos, s\u00e1ndwiches, bebidas y gran \u00e1rea inferior de f\u00e1cil acceso para la exhibici\u00f3n de productos a granel o de impulso.\" \/>\n<meta name=\"robots\" content=\"index, follow, max-snippet:-1, max-image-preview:large, max-video-preview:-1\" \/>\n<link rel=\"canonical\" href=\"https:\/\/megarefrigeracion.com\/index.php\/producto\/md-specialty-multi-deck-merchandisers\/\" \/>\n<meta property=\"og:locale\" content=\"es_ES\" \/>\n<meta property=\"og:type\" content=\"article\" \/>\n<meta property=\"og:title\" content=\"MD Specialty Multi-Deck Merchandisers - Megarefrigeracion\" \/>\n<meta property=\"og:description\" content=\"Exhibidor para ensaladas, quesos, leche, pizzas, vinos, s\u00e1ndwiches, bebidas y gran \u00e1rea inferior de f\u00e1cil acceso para la exhibici\u00f3n de productos a granel o de impulso.\" \/>\n<meta property=\"og:url\" content=\"https:\/\/megarefrigeracion.com\/index.php\/producto\/md-specialty-multi-deck-merchandisers\/\" \/>\n<meta property=\"og:site_name\" content=\"Megarefrigeracion\" \/>\n<meta property=\"og:image\" content=\"https:\/\/megarefrigeracion.com\/wp-content\/uploads\/2024\/07\/MD-Specialty-Multi-Deck-Merchandisers.png\" \/>\n\t<meta property=\"og:image:width\" content=\"1152\" \/>\n\t<meta property=\"og:image:height\" content=\"864\" \/>\n\t<meta property=\"og:image:type\" content=\"image\/png\" \/>\n<meta name=\"twitter:card\" content=\"summary_large_image\" \/>\n<meta name=\"twitter:label1\" content=\"Tiempo de lectura\" \/>\n\t<meta name=\"twitter:data1\" content=\"1 minuto\" \/>\n<script type=\"application\/ld+json\" class=\"yoast-schema-graph\">{\"@context\":\"https:\\\/\\\/schema.org\",\"@graph\":[{\"@type\":\"WebPage\",\"@id\":\"https:\\\/\\\/megarefrigeracion.com\\\/index.php\\\/producto\\\/md-specialty-multi-deck-merchandisers\\\/\",\"url\":\"https:\\\/\\\/megarefrigeracion.com\\\/index.php\\\/producto\\\/md-specialty-multi-deck-merchandisers\\\/\",\"name\":\"MD Specialty Multi-Deck Merchandisers - Megarefrigeracion\",\"isPartOf\":{\"@id\":\"https:\\\/\\\/megarefrigeracion.com\\\/#website\"},\"primaryImageOfPage\":{\"@id\":\"https:\\\/\\\/megarefrigeracion.com\\\/index.php\\\/producto\\\/md-specialty-multi-deck-merchandisers\\\/#primaryimage\"},\"image\":{\"@id\":\"https:\\\/\\\/megarefrigeracion.com\\\/index.php\\\/producto\\\/md-specialty-multi-deck-merchandisers\\\/#primaryimage\"},\"thumbnailUrl\":\"https:\\\/\\\/megarefrigeracion.com\\\/wp-content\\\/uploads\\\/2024\\\/07\\\/MD-Specialty-Multi-Deck-Merchandisers.png\",\"datePublished\":\"2024-07-03T18:25:53+00:00\",\"description\":\"Exhibidor para ensaladas, quesos, leche, pizzas, vinos, s\u00e1ndwiches, bebidas y gran \u00e1rea inferior de f\u00e1cil acceso para la exhibici\u00f3n de productos a granel o de impulso.\",\"breadcrumb\":{\"@id\":\"https:\\\/\\\/megarefrigeracion.com\\\/index.php\\\/producto\\\/md-specialty-multi-deck-merchandisers\\\/#breadcrumb\"},\"inLanguage\":\"es\",\"potentialAction\":[{\"@type\":\"ReadAction\",\"target\":[\"https:\\\/\\\/megarefrigeracion.com\\\/index.php\\\/producto\\\/md-specialty-multi-deck-merchandisers\\\/\"]}]},{\"@type\":\"ImageObject\",\"inLanguage\":\"es\",\"@id\":\"https:\\\/\\\/megarefrigeracion.com\\\/index.php\\\/producto\\\/md-specialty-multi-deck-merchandisers\\\/#primaryimage\",\"url\":\"https:\\\/\\\/megarefrigeracion.com\\\/wp-content\\\/uploads\\\/2024\\\/07\\\/MD-Specialty-Multi-Deck-Merchandisers.png\",\"contentUrl\":\"https:\\\/\\\/megarefrigeracion.com\\\/wp-content\\\/uploads\\\/2024\\\/07\\\/MD-Specialty-Multi-Deck-Merchandisers.png\",\"width\":1152,\"height\":864,\"caption\":\"MD Specialty Multi-Deck Merchandisers\"},{\"@type\":\"BreadcrumbList\",\"@id\":\"https:\\\/\\\/megarefrigeracion.com\\\/index.php\\\/producto\\\/md-specialty-multi-deck-merchandisers\\\/#breadcrumb\",\"itemListElement\":[{\"@type\":\"ListItem\",\"position\":1,\"name\":\"Portada\",\"item\":\"https:\\\/\\\/megarefrigeracion.com\\\/\"},{\"@type\":\"ListItem\",\"position\":2,\"name\":\"Productos\",\"item\":\"https:\\\/\\\/megarefrigeracion.com\\\/index.php\\\/shop\\\/\"},{\"@type\":\"ListItem\",\"position\":3,\"name\":\"MD Specialty Multi-Deck Merchandisers\"}]},{\"@type\":\"WebSite\",\"@id\":\"https:\\\/\\\/megarefrigeracion.com\\\/#website\",\"url\":\"https:\\\/\\\/megarefrigeracion.com\\\/\",\"name\":\"Megarefrigeracion\",\"description\":\"\",\"publisher\":{\"@id\":\"https:\\\/\\\/megarefrigeracion.com\\\/#organization\"},\"potentialAction\":[{\"@type\":\"SearchAction\",\"target\":{\"@type\":\"EntryPoint\",\"urlTemplate\":\"https:\\\/\\\/megarefrigeracion.com\\\/?s={search_term_string}\"},\"query-input\":{\"@type\":\"PropertyValueSpecification\",\"valueRequired\":true,\"valueName\":\"search_term_string\"}}],\"inLanguage\":\"es\"},{\"@type\":\"Organization\",\"@id\":\"https:\\\/\\\/megarefrigeracion.com\\\/#organization\",\"name\":\"Megarefrigeracion\",\"url\":\"https:\\\/\\\/megarefrigeracion.com\\\/\",\"logo\":{\"@type\":\"ImageObject\",\"inLanguage\":\"es\",\"@id\":\"https:\\\/\\\/megarefrigeracion.com\\\/#\\\/schema\\\/logo\\\/image\\\/\",\"url\":\"https:\\\/\\\/megarefrigeracion.com\\\/wp-content\\\/uploads\\\/2024\\\/07\\\/logomega-300x165-1.png\",\"contentUrl\":\"https:\\\/\\\/megarefrigeracion.com\\\/wp-content\\\/uploads\\\/2024\\\/07\\\/logomega-300x165-1.png\",\"width\":300,\"height\":165,\"caption\":\"Megarefrigeracion\"},\"image\":{\"@id\":\"https:\\\/\\\/megarefrigeracion.com\\\/#\\\/schema\\\/logo\\\/image\\\/\"}}]}<\/script>\n<!-- \/ Yoast SEO plugin. -->","yoast_head_json":{"title":"MD Specialty Multi-Deck Merchandisers - Megarefrigeracion","description":"Exhibidor para ensaladas, quesos, leche, pizzas, vinos, s\u00e1ndwiches, bebidas y gran \u00e1rea inferior de f\u00e1cil acceso para la exhibici\u00f3n de productos a granel o de impulso.","robots":{"index":"index","follow":"follow","max-snippet":"max-snippet:-1","max-image-preview":"max-image-preview:large","max-video-preview":"max-video-preview:-1"},"canonical":"https:\/\/megarefrigeracion.com\/index.php\/producto\/md-specialty-multi-deck-merchandisers\/","og_locale":"es_ES","og_type":"article","og_title":"MD Specialty Multi-Deck Merchandisers - Megarefrigeracion","og_description":"Exhibidor para ensaladas, quesos, leche, pizzas, vinos, s\u00e1ndwiches, bebidas y gran \u00e1rea inferior de f\u00e1cil acceso para la exhibici\u00f3n de productos a granel o de impulso.","og_url":"https:\/\/megarefrigeracion.com\/index.php\/producto\/md-specialty-multi-deck-merchandisers\/","og_site_name":"Megarefrigeracion","og_image":[{"width":1152,"height":864,"url":"https:\/\/megarefrigeracion.com\/wp-content\/uploads\/2024\/07\/MD-Specialty-Multi-Deck-Merchandisers.png","type":"image\/png"}],"twitter_card":"summary_large_image","twitter_misc":{"Tiempo de lectura":"1 minuto"},"schema":{"@context":"https:\/\/schema.org","@graph":[{"@type":"WebPage","@id":"https:\/\/megarefrigeracion.com\/index.php\/producto\/md-specialty-multi-deck-merchandisers\/","url":"https:\/\/megarefrigeracion.com\/index.php\/producto\/md-specialty-multi-deck-merchandisers\/","name":"MD Specialty Multi-Deck Merchandisers - Megarefrigeracion","isPartOf":{"@id":"https:\/\/megarefrigeracion.com\/#website"},"primaryImageOfPage":{"@id":"https:\/\/megarefrigeracion.com\/index.php\/producto\/md-specialty-multi-deck-merchandisers\/#primaryimage"},"image":{"@id":"https:\/\/megarefrigeracion.com\/index.php\/producto\/md-specialty-multi-deck-merchandisers\/#primaryimage"},"thumbnailUrl":"https:\/\/megarefrigeracion.com\/wp-content\/uploads\/2024\/07\/MD-Specialty-Multi-Deck-Merchandisers.png","datePublished":"2024-07-03T18:25:53+00:00","description":"Exhibidor para ensaladas, quesos, leche, pizzas, vinos, s\u00e1ndwiches, bebidas y gran \u00e1rea inferior de f\u00e1cil acceso para la exhibici\u00f3n de productos a granel o de impulso.","breadcrumb":{"@id":"https:\/\/megarefrigeracion.com\/index.php\/producto\/md-specialty-multi-deck-merchandisers\/#breadcrumb"},"inLanguage":"es","potentialAction":[{"@type":"ReadAction","target":["https:\/\/megarefrigeracion.com\/index.php\/producto\/md-specialty-multi-deck-merchandisers\/"]}]},{"@type":"ImageObject","inLanguage":"es","@id":"https:\/\/megarefrigeracion.com\/index.php\/producto\/md-specialty-multi-deck-merchandisers\/#primaryimage","url":"https:\/\/megarefrigeracion.com\/wp-content\/uploads\/2024\/07\/MD-Specialty-Multi-Deck-Merchandisers.png","contentUrl":"https:\/\/megarefrigeracion.com\/wp-content\/uploads\/2024\/07\/MD-Specialty-Multi-Deck-Merchandisers.png","width":1152,"height":864,"caption":"MD Specialty Multi-Deck Merchandisers"},{"@type":"BreadcrumbList","@id":"https:\/\/megarefrigeracion.com\/index.php\/producto\/md-specialty-multi-deck-merchandisers\/#breadcrumb","itemListElement":[{"@type":"ListItem","position":1,"name":"Portada","item":"https:\/\/megarefrigeracion.com\/"},{"@type":"ListItem","position":2,"name":"Productos","item":"https:\/\/megarefrigeracion.com\/index.php\/shop\/"},{"@type":"ListItem","position":3,"name":"MD Specialty Multi-Deck Merchandisers"}]},{"@type":"WebSite","@id":"https:\/\/megarefrigeracion.com\/#website","url":"https:\/\/megarefrigeracion.com\/","name":"Megarefrigeracion","description":"","publisher":{"@id":"https:\/\/megarefrigeracion.com\/#organization"},"potentialAction":[{"@type":"SearchAction","target":{"@type":"EntryPoint","urlTemplate":"https:\/\/megarefrigeracion.com\/?s={search_term_string}"},"query-input":{"@type":"PropertyValueSpecification","valueRequired":true,"valueName":"search_term_string"}}],"inLanguage":"es"},{"@type":"Organization","@id":"https:\/\/megarefrigeracion.com\/#organization","name":"Megarefrigeracion","url":"https:\/\/megarefrigeracion.com\/","logo":{"@type":"ImageObject","inLanguage":"es","@id":"https:\/\/megarefrigeracion.com\/#\/schema\/logo\/image\/","url":"https:\/\/megarefrigeracion.com\/wp-content\/uploads\/2024\/07\/logomega-300x165-1.png","contentUrl":"https:\/\/megarefrigeracion.com\/wp-content\/uploads\/2024\/07\/logomega-300x165-1.png","width":300,"height":165,"caption":"Megarefrigeracion"},"image":{"@id":"https:\/\/megarefrigeracion.com\/#\/schema\/logo\/image\/"}}]}},"_links":{"self":[{"href":"https:\/\/megarefrigeracion.com\/index.php\/wp-json\/wp\/v2\/product\/94216","targetHints":{"allow":["GET"]}}],"collection":[{"href":"https:\/\/megarefrigeracion.com\/index.php\/wp-json\/wp\/v2\/product"}],"about":[{"href":"https:\/\/megarefrigeracion.com\/index.php\/wp-json\/wp\/v2\/types\/product"}],"replies":[{"embeddable":true,"href":"https:\/\/megarefrigeracion.com\/index.php\/wp-json\/wp\/v2\/comments?post=94216"}],"wp:featuredmedia":[{"embeddable":true,"href":"https:\/\/megarefrigeracion.com\/index.php\/wp-json\/wp\/v2\/media\/94217"}],"wp:attachment":[{"href":"https:\/\/megarefrigeracion.com\/index.php\/wp-json\/wp\/v2\/media?parent=94216"}],"wp:term":[{"taxonomy":"product_brand","embeddable":true,"href":"https:\/\/megarefrigeracion.com\/index.php\/wp-json\/wp\/v2\/product_brand?post=94216"},{"taxonomy":"product_cat","embeddable":true,"href":"https:\/\/megarefrigeracion.com\/index.php\/wp-json\/wp\/v2\/product_cat?post=94216"},{"taxonomy":"product_tag","embeddable":true,"href":"https:\/\/megarefrigeracion.com\/index.php\/wp-json\/wp\/v2\/product_tag?post=94216"}],"curies":[{"name":"wp","href":"https:\/\/api.w.org\/{rel}","templated":true}]}}