{"id":94210,"date":"2024-07-03T17:55:31","date_gmt":"2024-07-03T17:55:31","guid":{"rendered":"https:\/\/todoenrefrigeracion.com\/?post_type=product&#038;p=94210"},"modified":"2024-07-03T17:55:31","modified_gmt":"2024-07-03T17:55:31","slug":"lth-exhibidor-baja-temperatura-puerta-de-cristal","status":"publish","type":"product","link":"https:\/\/megarefrigeracion.com\/index.php\/producto\/lth-exhibidor-baja-temperatura-puerta-de-cristal\/","title":{"rendered":"LTH \u2013 Exhibidor Baja Temperatura Puerta de Cristal"},"content":{"rendered":"<p>Caracter\u00edsticas y Beneficios * Interior 100% disponible para exhibici\u00f3n de productos. *Innovador \u201csistema de refrigeraci\u00f3n tipo cassette\u201d para un servicio y mantenimiento f\u00e1cil y r\u00e1pido. El sistema de refrigeraci\u00f3n completo puedes ser removido y reemplazado en menos de 5 minutos sin llamar al t\u00e9cnico. *El sistema tipo cassette protege mejor el producto exhibido durante el deshielo. As\u00ed elproducto dura mas tiempo y se ahorra energ\u00eda. *Apagado de los ventiladores cuando la puerta se abre, para un mejor ahorro de energ\u00eda. *Parrillas ajustables. *Motores del ventilador de alta eficiencia. *Control electr\u00f3nico de ultima generaci\u00f3n, con pantalla digital. *Refrigerante R-404A<\/p>\n","protected":false},"excerpt":{"rendered":"<p>Caracter\u00edsticas y Beneficios * Interior 100% disponible para exhibici\u00f3n de productos. *Innovador \u201csistema de refrigeraci\u00f3n tipo cassette\u201d para un servicio y mantenimiento f\u00e1cil y r\u00e1pido. El sistema de refrigeraci\u00f3n completo puedes ser removido y reemplazado en menos de 5 minutos sin llamar al t\u00e9cnico. *El sistema tipo cassette protege mejor el producto exhibido durante el&hellip;<\/p>\n","protected":false},"featured_media":94211,"comment_status":"open","ping_status":"closed","template":"","meta":[],"product_brand":[],"product_cat":[119],"product_tag":[],"class_list":{"0":"post-94210","1":"product","2":"type-product","3":"status-publish","4":"has-post-thumbnail","6":"product_cat-equipos-refrigerados-para-autoservicios","7":"description-off","9":"first","10":"instock","11":"shipping-taxable","12":"product-type-simple"},"yoast_head":"<!-- This site is optimized with the Yoast SEO plugin v27.4 - https:\/\/yoast.com\/product\/yoast-seo-wordpress\/ -->\n<title>LTH \u2013 Exhibidor Baja Temperatura Puerta de Cristal - Megarefrigeracion<\/title>\n<meta name=\"description\" content=\"El sistema de refrigeraci\u00f3n completo puedes ser removido y reemplazado en menos de 5 minutos sin llamar al t\u00e9cnico.\" \/>\n<meta name=\"robots\" content=\"index, follow, max-snippet:-1, max-image-preview:large, max-video-preview:-1\" \/>\n<link rel=\"canonical\" href=\"https:\/\/megarefrigeracion.com\/index.php\/producto\/lth-exhibidor-baja-temperatura-puerta-de-cristal\/\" \/>\n<meta property=\"og:locale\" content=\"es_ES\" \/>\n<meta property=\"og:type\" content=\"article\" \/>\n<meta property=\"og:title\" content=\"LTH \u2013 Exhibidor Baja Temperatura Puerta de Cristal - Megarefrigeracion\" \/>\n<meta property=\"og:description\" content=\"El sistema de refrigeraci\u00f3n completo puedes ser removido y reemplazado en menos de 5 minutos sin llamar al t\u00e9cnico.\" \/>\n<meta property=\"og:url\" content=\"https:\/\/megarefrigeracion.com\/index.php\/producto\/lth-exhibidor-baja-temperatura-puerta-de-cristal\/\" \/>\n<meta property=\"og:site_name\" content=\"Megarefrigeracion\" \/>\n<meta property=\"og:image\" content=\"https:\/\/megarefrigeracion.com\/wp-content\/uploads\/2024\/07\/LTH-\u2013-Exhibidor-Baja-Temperatura-Puerta-de-Cristal.png\" \/>\n\t<meta property=\"og:image:width\" content=\"1152\" \/>\n\t<meta property=\"og:image:height\" content=\"864\" \/>\n\t<meta property=\"og:image:type\" content=\"image\/png\" \/>\n<meta name=\"twitter:card\" content=\"summary_large_image\" \/>\n<meta name=\"twitter:label1\" content=\"Tiempo de lectura\" \/>\n\t<meta name=\"twitter:data1\" content=\"1 minuto\" \/>\n<script type=\"application\/ld+json\" class=\"yoast-schema-graph\">{\"@context\":\"https:\\\/\\\/schema.org\",\"@graph\":[{\"@type\":\"WebPage\",\"@id\":\"https:\\\/\\\/megarefrigeracion.com\\\/index.php\\\/producto\\\/lth-exhibidor-baja-temperatura-puerta-de-cristal\\\/\",\"url\":\"https:\\\/\\\/megarefrigeracion.com\\\/index.php\\\/producto\\\/lth-exhibidor-baja-temperatura-puerta-de-cristal\\\/\",\"name\":\"LTH \u2013 Exhibidor Baja Temperatura Puerta de Cristal - Megarefrigeracion\",\"isPartOf\":{\"@id\":\"https:\\\/\\\/megarefrigeracion.com\\\/#website\"},\"primaryImageOfPage\":{\"@id\":\"https:\\\/\\\/megarefrigeracion.com\\\/index.php\\\/producto\\\/lth-exhibidor-baja-temperatura-puerta-de-cristal\\\/#primaryimage\"},\"image\":{\"@id\":\"https:\\\/\\\/megarefrigeracion.com\\\/index.php\\\/producto\\\/lth-exhibidor-baja-temperatura-puerta-de-cristal\\\/#primaryimage\"},\"thumbnailUrl\":\"https:\\\/\\\/megarefrigeracion.com\\\/wp-content\\\/uploads\\\/2024\\\/07\\\/LTH-\u2013-Exhibidor-Baja-Temperatura-Puerta-de-Cristal.png\",\"datePublished\":\"2024-07-03T17:55:31+00:00\",\"description\":\"El sistema de refrigeraci\u00f3n completo puedes ser removido y reemplazado en menos de 5 minutos sin llamar al t\u00e9cnico.\",\"breadcrumb\":{\"@id\":\"https:\\\/\\\/megarefrigeracion.com\\\/index.php\\\/producto\\\/lth-exhibidor-baja-temperatura-puerta-de-cristal\\\/#breadcrumb\"},\"inLanguage\":\"es\",\"potentialAction\":[{\"@type\":\"ReadAction\",\"target\":[\"https:\\\/\\\/megarefrigeracion.com\\\/index.php\\\/producto\\\/lth-exhibidor-baja-temperatura-puerta-de-cristal\\\/\"]}]},{\"@type\":\"ImageObject\",\"inLanguage\":\"es\",\"@id\":\"https:\\\/\\\/megarefrigeracion.com\\\/index.php\\\/producto\\\/lth-exhibidor-baja-temperatura-puerta-de-cristal\\\/#primaryimage\",\"url\":\"https:\\\/\\\/megarefrigeracion.com\\\/wp-content\\\/uploads\\\/2024\\\/07\\\/LTH-\u2013-Exhibidor-Baja-Temperatura-Puerta-de-Cristal.png\",\"contentUrl\":\"https:\\\/\\\/megarefrigeracion.com\\\/wp-content\\\/uploads\\\/2024\\\/07\\\/LTH-\u2013-Exhibidor-Baja-Temperatura-Puerta-de-Cristal.png\",\"width\":1152,\"height\":864,\"caption\":\"LTH \u2013 Exhibidor Baja Temperatura Puerta de Cristal\"},{\"@type\":\"BreadcrumbList\",\"@id\":\"https:\\\/\\\/megarefrigeracion.com\\\/index.php\\\/producto\\\/lth-exhibidor-baja-temperatura-puerta-de-cristal\\\/#breadcrumb\",\"itemListElement\":[{\"@type\":\"ListItem\",\"position\":1,\"name\":\"Portada\",\"item\":\"https:\\\/\\\/megarefrigeracion.com\\\/\"},{\"@type\":\"ListItem\",\"position\":2,\"name\":\"Productos\",\"item\":\"https:\\\/\\\/megarefrigeracion.com\\\/index.php\\\/shop\\\/\"},{\"@type\":\"ListItem\",\"position\":3,\"name\":\"LTH \u2013 Exhibidor Baja Temperatura Puerta de Cristal\"}]},{\"@type\":\"WebSite\",\"@id\":\"https:\\\/\\\/megarefrigeracion.com\\\/#website\",\"url\":\"https:\\\/\\\/megarefrigeracion.com\\\/\",\"name\":\"Megarefrigeracion\",\"description\":\"\",\"publisher\":{\"@id\":\"https:\\\/\\\/megarefrigeracion.com\\\/#organization\"},\"potentialAction\":[{\"@type\":\"SearchAction\",\"target\":{\"@type\":\"EntryPoint\",\"urlTemplate\":\"https:\\\/\\\/megarefrigeracion.com\\\/?s={search_term_string}\"},\"query-input\":{\"@type\":\"PropertyValueSpecification\",\"valueRequired\":true,\"valueName\":\"search_term_string\"}}],\"inLanguage\":\"es\"},{\"@type\":\"Organization\",\"@id\":\"https:\\\/\\\/megarefrigeracion.com\\\/#organization\",\"name\":\"Megarefrigeracion\",\"url\":\"https:\\\/\\\/megarefrigeracion.com\\\/\",\"logo\":{\"@type\":\"ImageObject\",\"inLanguage\":\"es\",\"@id\":\"https:\\\/\\\/megarefrigeracion.com\\\/#\\\/schema\\\/logo\\\/image\\\/\",\"url\":\"https:\\\/\\\/megarefrigeracion.com\\\/wp-content\\\/uploads\\\/2024\\\/07\\\/logomega-300x165-1.png\",\"contentUrl\":\"https:\\\/\\\/megarefrigeracion.com\\\/wp-content\\\/uploads\\\/2024\\\/07\\\/logomega-300x165-1.png\",\"width\":300,\"height\":165,\"caption\":\"Megarefrigeracion\"},\"image\":{\"@id\":\"https:\\\/\\\/megarefrigeracion.com\\\/#\\\/schema\\\/logo\\\/image\\\/\"}}]}<\/script>\n<!-- \/ Yoast SEO plugin. -->","yoast_head_json":{"title":"LTH \u2013 Exhibidor Baja Temperatura Puerta de Cristal - Megarefrigeracion","description":"El sistema de refrigeraci\u00f3n completo puedes ser removido y reemplazado en menos de 5 minutos sin llamar al t\u00e9cnico.","robots":{"index":"index","follow":"follow","max-snippet":"max-snippet:-1","max-image-preview":"max-image-preview:large","max-video-preview":"max-video-preview:-1"},"canonical":"https:\/\/megarefrigeracion.com\/index.php\/producto\/lth-exhibidor-baja-temperatura-puerta-de-cristal\/","og_locale":"es_ES","og_type":"article","og_title":"LTH \u2013 Exhibidor Baja Temperatura Puerta de Cristal - Megarefrigeracion","og_description":"El sistema de refrigeraci\u00f3n completo puedes ser removido y reemplazado en menos de 5 minutos sin llamar al t\u00e9cnico.","og_url":"https:\/\/megarefrigeracion.com\/index.php\/producto\/lth-exhibidor-baja-temperatura-puerta-de-cristal\/","og_site_name":"Megarefrigeracion","og_image":[{"width":1152,"height":864,"url":"https:\/\/megarefrigeracion.com\/wp-content\/uploads\/2024\/07\/LTH-\u2013-Exhibidor-Baja-Temperatura-Puerta-de-Cristal.png","type":"image\/png"}],"twitter_card":"summary_large_image","twitter_misc":{"Tiempo de lectura":"1 minuto"},"schema":{"@context":"https:\/\/schema.org","@graph":[{"@type":"WebPage","@id":"https:\/\/megarefrigeracion.com\/index.php\/producto\/lth-exhibidor-baja-temperatura-puerta-de-cristal\/","url":"https:\/\/megarefrigeracion.com\/index.php\/producto\/lth-exhibidor-baja-temperatura-puerta-de-cristal\/","name":"LTH \u2013 Exhibidor Baja Temperatura Puerta de Cristal - Megarefrigeracion","isPartOf":{"@id":"https:\/\/megarefrigeracion.com\/#website"},"primaryImageOfPage":{"@id":"https:\/\/megarefrigeracion.com\/index.php\/producto\/lth-exhibidor-baja-temperatura-puerta-de-cristal\/#primaryimage"},"image":{"@id":"https:\/\/megarefrigeracion.com\/index.php\/producto\/lth-exhibidor-baja-temperatura-puerta-de-cristal\/#primaryimage"},"thumbnailUrl":"https:\/\/megarefrigeracion.com\/wp-content\/uploads\/2024\/07\/LTH-\u2013-Exhibidor-Baja-Temperatura-Puerta-de-Cristal.png","datePublished":"2024-07-03T17:55:31+00:00","description":"El sistema de refrigeraci\u00f3n completo puedes ser removido y reemplazado en menos de 5 minutos sin llamar al t\u00e9cnico.","breadcrumb":{"@id":"https:\/\/megarefrigeracion.com\/index.php\/producto\/lth-exhibidor-baja-temperatura-puerta-de-cristal\/#breadcrumb"},"inLanguage":"es","potentialAction":[{"@type":"ReadAction","target":["https:\/\/megarefrigeracion.com\/index.php\/producto\/lth-exhibidor-baja-temperatura-puerta-de-cristal\/"]}]},{"@type":"ImageObject","inLanguage":"es","@id":"https:\/\/megarefrigeracion.com\/index.php\/producto\/lth-exhibidor-baja-temperatura-puerta-de-cristal\/#primaryimage","url":"https:\/\/megarefrigeracion.com\/wp-content\/uploads\/2024\/07\/LTH-\u2013-Exhibidor-Baja-Temperatura-Puerta-de-Cristal.png","contentUrl":"https:\/\/megarefrigeracion.com\/wp-content\/uploads\/2024\/07\/LTH-\u2013-Exhibidor-Baja-Temperatura-Puerta-de-Cristal.png","width":1152,"height":864,"caption":"LTH \u2013 Exhibidor Baja Temperatura Puerta de Cristal"},{"@type":"BreadcrumbList","@id":"https:\/\/megarefrigeracion.com\/index.php\/producto\/lth-exhibidor-baja-temperatura-puerta-de-cristal\/#breadcrumb","itemListElement":[{"@type":"ListItem","position":1,"name":"Portada","item":"https:\/\/megarefrigeracion.com\/"},{"@type":"ListItem","position":2,"name":"Productos","item":"https:\/\/megarefrigeracion.com\/index.php\/shop\/"},{"@type":"ListItem","position":3,"name":"LTH \u2013 Exhibidor Baja Temperatura Puerta de Cristal"}]},{"@type":"WebSite","@id":"https:\/\/megarefrigeracion.com\/#website","url":"https:\/\/megarefrigeracion.com\/","name":"Megarefrigeracion","description":"","publisher":{"@id":"https:\/\/megarefrigeracion.com\/#organization"},"potentialAction":[{"@type":"SearchAction","target":{"@type":"EntryPoint","urlTemplate":"https:\/\/megarefrigeracion.com\/?s={search_term_string}"},"query-input":{"@type":"PropertyValueSpecification","valueRequired":true,"valueName":"search_term_string"}}],"inLanguage":"es"},{"@type":"Organization","@id":"https:\/\/megarefrigeracion.com\/#organization","name":"Megarefrigeracion","url":"https:\/\/megarefrigeracion.com\/","logo":{"@type":"ImageObject","inLanguage":"es","@id":"https:\/\/megarefrigeracion.com\/#\/schema\/logo\/image\/","url":"https:\/\/megarefrigeracion.com\/wp-content\/uploads\/2024\/07\/logomega-300x165-1.png","contentUrl":"https:\/\/megarefrigeracion.com\/wp-content\/uploads\/2024\/07\/logomega-300x165-1.png","width":300,"height":165,"caption":"Megarefrigeracion"},"image":{"@id":"https:\/\/megarefrigeracion.com\/#\/schema\/logo\/image\/"}}]}},"_links":{"self":[{"href":"https:\/\/megarefrigeracion.com\/index.php\/wp-json\/wp\/v2\/product\/94210","targetHints":{"allow":["GET"]}}],"collection":[{"href":"https:\/\/megarefrigeracion.com\/index.php\/wp-json\/wp\/v2\/product"}],"about":[{"href":"https:\/\/megarefrigeracion.com\/index.php\/wp-json\/wp\/v2\/types\/product"}],"replies":[{"embeddable":true,"href":"https:\/\/megarefrigeracion.com\/index.php\/wp-json\/wp\/v2\/comments?post=94210"}],"wp:featuredmedia":[{"embeddable":true,"href":"https:\/\/megarefrigeracion.com\/index.php\/wp-json\/wp\/v2\/media\/94211"}],"wp:attachment":[{"href":"https:\/\/megarefrigeracion.com\/index.php\/wp-json\/wp\/v2\/media?parent=94210"}],"wp:term":[{"taxonomy":"product_brand","embeddable":true,"href":"https:\/\/megarefrigeracion.com\/index.php\/wp-json\/wp\/v2\/product_brand?post=94210"},{"taxonomy":"product_cat","embeddable":true,"href":"https:\/\/megarefrigeracion.com\/index.php\/wp-json\/wp\/v2\/product_cat?post=94210"},{"taxonomy":"product_tag","embeddable":true,"href":"https:\/\/megarefrigeracion.com\/index.php\/wp-json\/wp\/v2\/product_tag?post=94210"}],"curies":[{"name":"wp","href":"https:\/\/api.w.org\/{rel}","templated":true}]}}