{"id":94208,"date":"2024-07-03T17:47:53","date_gmt":"2024-07-03T17:47:53","guid":{"rendered":"https:\/\/todoenrefrigeracion.com\/?post_type=product&#038;p=94208"},"modified":"2024-07-03T17:47:53","modified_gmt":"2024-07-03T17:47:53","slug":"condensador-enfriado-por-aire-de-la-serie-levitor-ii","status":"publish","type":"product","link":"https:\/\/megarefrigeracion.com\/index.php\/producto\/condensador-enfriado-por-aire-de-la-serie-levitor-ii\/","title":{"rendered":"Condensador enfriado por aire de la serie Levitor II"},"content":{"rendered":"<p>El Levitor II incluye un innovador dise\u00f1o del serpent\u00edn que utiliza tubos dedicados de acero inoxidable y un exclusivo sistema de apoyo del serpent\u00edn para aislar los tubos de refrigerante de la unidad.<\/p>\n<p><span class=\"ms-rteStyle-ContentSection huss-rteStyle-ValueSectionContent\">El soporte del serpent\u00edn se transfiere desde las aletas hasta los tubos de acero inoxidable y las placas de tubos truncados que se mantienen libremente en los canales \u00abC\u00bb. Los tubos se expanden y se contraen sin interferencia. El resultado es que se elimina el desgaste por contacto y fricci\u00f3n.<\/span><\/p>\n<p><span class=\"huss-rteStyle-SectionHeader\">Caracter\u00edsticas<\/span><\/p>\n<ul dir=\"ltr\">\n<li>\n<div><span class=\"ms-rteStyle-ContentSection huss-rteStyle-ValueSectionContent\">La vibraci\u00f3n del ventilador y el serpent\u00edn se a\u00edsla del gabinete, as\u00ed que no se transmite al marco de la unidad y a los postes del edificio.<\/span><\/div>\n<\/li>\n<\/ul>\n<ul dir=\"ltr\">\n<li>\n<div><span class=\"ms-rteStyle-ContentSection huss-rteStyle-ValueSectionContent\">Su dise\u00f1o con aspas de flecha progresiva produce menos ruido durante el funcionamiento a la misma velocidad del ventilador.<\/span><\/div>\n<\/li>\n<\/ul>\n<ul dir=\"ltr\">\n<li>\n<div><span class=\"ms-rteStyle-ContentSection huss-rteStyle-ValueSectionContent\">M\u00faltiples secciones compartamentalizadas para permitir el reciclado individual de los ventiladores mientras se evita la rotaci\u00f3n de las aspas cuando est\u00e1n apagados.<\/span><\/div>\n<\/li>\n<\/ul>\n<ul dir=\"ltr\">\n<li>\n<div><span class=\"ms-rteStyle-ContentSection huss-rteStyle-ValueSectionContent\">Ventiladores con secciones de acero galvanizado y deflectores laterales en los serpentines. Las patas son de acero galvanizado de calibre pesado.<\/span><\/div>\n<\/li>\n<\/ul>\n<ul dir=\"ltr\">\n<li>\n<div><span class=\"ms-rteStyle-ContentSection huss-rteStyle-ValueSectionContent\">Los tubos de cobre se expanden mec\u00e1nicamente hacia el interior de las aletas de aluminio con collarines completos espaciados a 8, 10 o 12 por pulgada.<\/span><\/div>\n<\/li>\n<\/ul>\n","protected":false},"excerpt":{"rendered":"<p>El Levitor II incluye un innovador dise\u00f1o del serpent\u00edn que utiliza tubos dedicados de acero inoxidable y un exclusivo sistema de apoyo del serpent\u00edn para aislar los tubos de refrigerante de la unidad. El soporte del serpent\u00edn se transfiere desde las aletas hasta los tubos de acero inoxidable y las placas de tubos truncados que&hellip;<\/p>\n","protected":false},"featured_media":94209,"comment_status":"open","ping_status":"closed","template":"","meta":[],"product_brand":[],"product_cat":[112],"product_tag":[],"class_list":{"0":"post-94208","1":"product","2":"type-product","3":"status-publish","4":"has-post-thumbnail","6":"product_cat-equipos-de-refrigeracion","7":"description-off","9":"first","10":"instock","11":"shipping-taxable","12":"product-type-simple"},"yoast_head":"<!-- This site is optimized with the Yoast SEO plugin v27.4 - https:\/\/yoast.com\/product\/yoast-seo-wordpress\/ -->\n<title>Condensador enfriado por aire de la serie Levitor II - Megarefrigeracion<\/title>\n<meta name=\"description\" content=\"El Levitor II usa serpentines con tubos de acero inoxidable y un soporte exclusivo para aislar el refrigerante de la unidad.\" \/>\n<meta name=\"robots\" content=\"index, follow, max-snippet:-1, max-image-preview:large, max-video-preview:-1\" \/>\n<link rel=\"canonical\" href=\"https:\/\/megarefrigeracion.com\/index.php\/producto\/condensador-enfriado-por-aire-de-la-serie-levitor-ii\/\" \/>\n<meta property=\"og:locale\" content=\"es_ES\" \/>\n<meta property=\"og:type\" content=\"article\" \/>\n<meta property=\"og:title\" content=\"Condensador enfriado por aire de la serie Levitor II - Megarefrigeracion\" \/>\n<meta property=\"og:description\" content=\"El Levitor II usa serpentines con tubos de acero inoxidable y un soporte exclusivo para aislar el refrigerante de la unidad.\" \/>\n<meta property=\"og:url\" content=\"https:\/\/megarefrigeracion.com\/index.php\/producto\/condensador-enfriado-por-aire-de-la-serie-levitor-ii\/\" \/>\n<meta property=\"og:site_name\" content=\"Megarefrigeracion\" \/>\n<meta property=\"og:image\" content=\"https:\/\/megarefrigeracion.com\/wp-content\/uploads\/2024\/07\/Condensador-enfriado-por-aire-de-la-serie-Levitor-II.png\" \/>\n\t<meta property=\"og:image:width\" content=\"1152\" \/>\n\t<meta property=\"og:image:height\" content=\"864\" \/>\n\t<meta property=\"og:image:type\" content=\"image\/png\" \/>\n<meta name=\"twitter:card\" content=\"summary_large_image\" \/>\n<meta name=\"twitter:label1\" content=\"Tiempo de lectura\" \/>\n\t<meta name=\"twitter:data1\" content=\"2 minutos\" \/>\n<script type=\"application\/ld+json\" class=\"yoast-schema-graph\">{\"@context\":\"https:\\\/\\\/schema.org\",\"@graph\":[{\"@type\":\"WebPage\",\"@id\":\"https:\\\/\\\/megarefrigeracion.com\\\/index.php\\\/producto\\\/condensador-enfriado-por-aire-de-la-serie-levitor-ii\\\/\",\"url\":\"https:\\\/\\\/megarefrigeracion.com\\\/index.php\\\/producto\\\/condensador-enfriado-por-aire-de-la-serie-levitor-ii\\\/\",\"name\":\"Condensador enfriado por aire de la serie Levitor II - Megarefrigeracion\",\"isPartOf\":{\"@id\":\"https:\\\/\\\/megarefrigeracion.com\\\/#website\"},\"primaryImageOfPage\":{\"@id\":\"https:\\\/\\\/megarefrigeracion.com\\\/index.php\\\/producto\\\/condensador-enfriado-por-aire-de-la-serie-levitor-ii\\\/#primaryimage\"},\"image\":{\"@id\":\"https:\\\/\\\/megarefrigeracion.com\\\/index.php\\\/producto\\\/condensador-enfriado-por-aire-de-la-serie-levitor-ii\\\/#primaryimage\"},\"thumbnailUrl\":\"https:\\\/\\\/megarefrigeracion.com\\\/wp-content\\\/uploads\\\/2024\\\/07\\\/Condensador-enfriado-por-aire-de-la-serie-Levitor-II.png\",\"datePublished\":\"2024-07-03T17:47:53+00:00\",\"description\":\"El Levitor II usa serpentines con tubos de acero inoxidable y un soporte exclusivo para aislar el refrigerante de la unidad.\",\"breadcrumb\":{\"@id\":\"https:\\\/\\\/megarefrigeracion.com\\\/index.php\\\/producto\\\/condensador-enfriado-por-aire-de-la-serie-levitor-ii\\\/#breadcrumb\"},\"inLanguage\":\"es\",\"potentialAction\":[{\"@type\":\"ReadAction\",\"target\":[\"https:\\\/\\\/megarefrigeracion.com\\\/index.php\\\/producto\\\/condensador-enfriado-por-aire-de-la-serie-levitor-ii\\\/\"]}]},{\"@type\":\"ImageObject\",\"inLanguage\":\"es\",\"@id\":\"https:\\\/\\\/megarefrigeracion.com\\\/index.php\\\/producto\\\/condensador-enfriado-por-aire-de-la-serie-levitor-ii\\\/#primaryimage\",\"url\":\"https:\\\/\\\/megarefrigeracion.com\\\/wp-content\\\/uploads\\\/2024\\\/07\\\/Condensador-enfriado-por-aire-de-la-serie-Levitor-II.png\",\"contentUrl\":\"https:\\\/\\\/megarefrigeracion.com\\\/wp-content\\\/uploads\\\/2024\\\/07\\\/Condensador-enfriado-por-aire-de-la-serie-Levitor-II.png\",\"width\":1152,\"height\":864,\"caption\":\"Condensador enfriado por aire de la serie Levitor II\"},{\"@type\":\"BreadcrumbList\",\"@id\":\"https:\\\/\\\/megarefrigeracion.com\\\/index.php\\\/producto\\\/condensador-enfriado-por-aire-de-la-serie-levitor-ii\\\/#breadcrumb\",\"itemListElement\":[{\"@type\":\"ListItem\",\"position\":1,\"name\":\"Portada\",\"item\":\"https:\\\/\\\/megarefrigeracion.com\\\/\"},{\"@type\":\"ListItem\",\"position\":2,\"name\":\"Productos\",\"item\":\"https:\\\/\\\/megarefrigeracion.com\\\/index.php\\\/shop\\\/\"},{\"@type\":\"ListItem\",\"position\":3,\"name\":\"Condensador enfriado por aire de la serie Levitor II\"}]},{\"@type\":\"WebSite\",\"@id\":\"https:\\\/\\\/megarefrigeracion.com\\\/#website\",\"url\":\"https:\\\/\\\/megarefrigeracion.com\\\/\",\"name\":\"Megarefrigeracion\",\"description\":\"\",\"publisher\":{\"@id\":\"https:\\\/\\\/megarefrigeracion.com\\\/#organization\"},\"potentialAction\":[{\"@type\":\"SearchAction\",\"target\":{\"@type\":\"EntryPoint\",\"urlTemplate\":\"https:\\\/\\\/megarefrigeracion.com\\\/?s={search_term_string}\"},\"query-input\":{\"@type\":\"PropertyValueSpecification\",\"valueRequired\":true,\"valueName\":\"search_term_string\"}}],\"inLanguage\":\"es\"},{\"@type\":\"Organization\",\"@id\":\"https:\\\/\\\/megarefrigeracion.com\\\/#organization\",\"name\":\"Megarefrigeracion\",\"url\":\"https:\\\/\\\/megarefrigeracion.com\\\/\",\"logo\":{\"@type\":\"ImageObject\",\"inLanguage\":\"es\",\"@id\":\"https:\\\/\\\/megarefrigeracion.com\\\/#\\\/schema\\\/logo\\\/image\\\/\",\"url\":\"https:\\\/\\\/megarefrigeracion.com\\\/wp-content\\\/uploads\\\/2024\\\/07\\\/logomega-300x165-1.png\",\"contentUrl\":\"https:\\\/\\\/megarefrigeracion.com\\\/wp-content\\\/uploads\\\/2024\\\/07\\\/logomega-300x165-1.png\",\"width\":300,\"height\":165,\"caption\":\"Megarefrigeracion\"},\"image\":{\"@id\":\"https:\\\/\\\/megarefrigeracion.com\\\/#\\\/schema\\\/logo\\\/image\\\/\"}}]}<\/script>\n<!-- \/ Yoast SEO plugin. -->","yoast_head_json":{"title":"Condensador enfriado por aire de la serie Levitor II - Megarefrigeracion","description":"El Levitor II usa serpentines con tubos de acero inoxidable y un soporte exclusivo para aislar el refrigerante de la unidad.","robots":{"index":"index","follow":"follow","max-snippet":"max-snippet:-1","max-image-preview":"max-image-preview:large","max-video-preview":"max-video-preview:-1"},"canonical":"https:\/\/megarefrigeracion.com\/index.php\/producto\/condensador-enfriado-por-aire-de-la-serie-levitor-ii\/","og_locale":"es_ES","og_type":"article","og_title":"Condensador enfriado por aire de la serie Levitor II - Megarefrigeracion","og_description":"El Levitor II usa serpentines con tubos de acero inoxidable y un soporte exclusivo para aislar el refrigerante de la unidad.","og_url":"https:\/\/megarefrigeracion.com\/index.php\/producto\/condensador-enfriado-por-aire-de-la-serie-levitor-ii\/","og_site_name":"Megarefrigeracion","og_image":[{"width":1152,"height":864,"url":"https:\/\/megarefrigeracion.com\/wp-content\/uploads\/2024\/07\/Condensador-enfriado-por-aire-de-la-serie-Levitor-II.png","type":"image\/png"}],"twitter_card":"summary_large_image","twitter_misc":{"Tiempo de lectura":"2 minutos"},"schema":{"@context":"https:\/\/schema.org","@graph":[{"@type":"WebPage","@id":"https:\/\/megarefrigeracion.com\/index.php\/producto\/condensador-enfriado-por-aire-de-la-serie-levitor-ii\/","url":"https:\/\/megarefrigeracion.com\/index.php\/producto\/condensador-enfriado-por-aire-de-la-serie-levitor-ii\/","name":"Condensador enfriado por aire de la serie Levitor II - Megarefrigeracion","isPartOf":{"@id":"https:\/\/megarefrigeracion.com\/#website"},"primaryImageOfPage":{"@id":"https:\/\/megarefrigeracion.com\/index.php\/producto\/condensador-enfriado-por-aire-de-la-serie-levitor-ii\/#primaryimage"},"image":{"@id":"https:\/\/megarefrigeracion.com\/index.php\/producto\/condensador-enfriado-por-aire-de-la-serie-levitor-ii\/#primaryimage"},"thumbnailUrl":"https:\/\/megarefrigeracion.com\/wp-content\/uploads\/2024\/07\/Condensador-enfriado-por-aire-de-la-serie-Levitor-II.png","datePublished":"2024-07-03T17:47:53+00:00","description":"El Levitor II usa serpentines con tubos de acero inoxidable y un soporte exclusivo para aislar el refrigerante de la unidad.","breadcrumb":{"@id":"https:\/\/megarefrigeracion.com\/index.php\/producto\/condensador-enfriado-por-aire-de-la-serie-levitor-ii\/#breadcrumb"},"inLanguage":"es","potentialAction":[{"@type":"ReadAction","target":["https:\/\/megarefrigeracion.com\/index.php\/producto\/condensador-enfriado-por-aire-de-la-serie-levitor-ii\/"]}]},{"@type":"ImageObject","inLanguage":"es","@id":"https:\/\/megarefrigeracion.com\/index.php\/producto\/condensador-enfriado-por-aire-de-la-serie-levitor-ii\/#primaryimage","url":"https:\/\/megarefrigeracion.com\/wp-content\/uploads\/2024\/07\/Condensador-enfriado-por-aire-de-la-serie-Levitor-II.png","contentUrl":"https:\/\/megarefrigeracion.com\/wp-content\/uploads\/2024\/07\/Condensador-enfriado-por-aire-de-la-serie-Levitor-II.png","width":1152,"height":864,"caption":"Condensador enfriado por aire de la serie Levitor II"},{"@type":"BreadcrumbList","@id":"https:\/\/megarefrigeracion.com\/index.php\/producto\/condensador-enfriado-por-aire-de-la-serie-levitor-ii\/#breadcrumb","itemListElement":[{"@type":"ListItem","position":1,"name":"Portada","item":"https:\/\/megarefrigeracion.com\/"},{"@type":"ListItem","position":2,"name":"Productos","item":"https:\/\/megarefrigeracion.com\/index.php\/shop\/"},{"@type":"ListItem","position":3,"name":"Condensador enfriado por aire de la serie Levitor II"}]},{"@type":"WebSite","@id":"https:\/\/megarefrigeracion.com\/#website","url":"https:\/\/megarefrigeracion.com\/","name":"Megarefrigeracion","description":"","publisher":{"@id":"https:\/\/megarefrigeracion.com\/#organization"},"potentialAction":[{"@type":"SearchAction","target":{"@type":"EntryPoint","urlTemplate":"https:\/\/megarefrigeracion.com\/?s={search_term_string}"},"query-input":{"@type":"PropertyValueSpecification","valueRequired":true,"valueName":"search_term_string"}}],"inLanguage":"es"},{"@type":"Organization","@id":"https:\/\/megarefrigeracion.com\/#organization","name":"Megarefrigeracion","url":"https:\/\/megarefrigeracion.com\/","logo":{"@type":"ImageObject","inLanguage":"es","@id":"https:\/\/megarefrigeracion.com\/#\/schema\/logo\/image\/","url":"https:\/\/megarefrigeracion.com\/wp-content\/uploads\/2024\/07\/logomega-300x165-1.png","contentUrl":"https:\/\/megarefrigeracion.com\/wp-content\/uploads\/2024\/07\/logomega-300x165-1.png","width":300,"height":165,"caption":"Megarefrigeracion"},"image":{"@id":"https:\/\/megarefrigeracion.com\/#\/schema\/logo\/image\/"}}]}},"_links":{"self":[{"href":"https:\/\/megarefrigeracion.com\/index.php\/wp-json\/wp\/v2\/product\/94208","targetHints":{"allow":["GET"]}}],"collection":[{"href":"https:\/\/megarefrigeracion.com\/index.php\/wp-json\/wp\/v2\/product"}],"about":[{"href":"https:\/\/megarefrigeracion.com\/index.php\/wp-json\/wp\/v2\/types\/product"}],"replies":[{"embeddable":true,"href":"https:\/\/megarefrigeracion.com\/index.php\/wp-json\/wp\/v2\/comments?post=94208"}],"wp:featuredmedia":[{"embeddable":true,"href":"https:\/\/megarefrigeracion.com\/index.php\/wp-json\/wp\/v2\/media\/94209"}],"wp:attachment":[{"href":"https:\/\/megarefrigeracion.com\/index.php\/wp-json\/wp\/v2\/media?parent=94208"}],"wp:term":[{"taxonomy":"product_brand","embeddable":true,"href":"https:\/\/megarefrigeracion.com\/index.php\/wp-json\/wp\/v2\/product_brand?post=94208"},{"taxonomy":"product_cat","embeddable":true,"href":"https:\/\/megarefrigeracion.com\/index.php\/wp-json\/wp\/v2\/product_cat?post=94208"},{"taxonomy":"product_tag","embeddable":true,"href":"https:\/\/megarefrigeracion.com\/index.php\/wp-json\/wp\/v2\/product_tag?post=94208"}],"curies":[{"name":"wp","href":"https:\/\/api.w.org\/{rel}","templated":true}]}}