{"id":94206,"date":"2024-07-03T17:44:17","date_gmt":"2024-07-03T17:44:17","guid":{"rendered":"https:\/\/todoenrefrigeracion.com\/?post_type=product&#038;p=94206"},"modified":"2024-07-03T17:44:17","modified_gmt":"2024-07-03T17:44:17","slug":"condensador-remoto-con-microcanales-enfriado-por-aire","status":"publish","type":"product","link":"https:\/\/megarefrigeracion.com\/index.php\/producto\/condensador-remoto-con-microcanales-enfriado-por-aire\/","title":{"rendered":"Condensador remoto con microcanales enfriado por aire"},"content":{"rendered":"<p>La nueva unidad modular patentada con microcanales de Krack incluye un m\u00e9todo de dise\u00f1o basado en la innovaci\u00f3n y la tecnolog\u00eda para aumentar el valor para los clientes.<\/p>\n<p><span class=\"huss-rteStyle-ValueSectionContent\"><span class=\"huss-rteStyle-SectionHeader\">Caracter\u00edsticas<\/span><\/span><\/p>\n<ul dir=\"ltr\">\n<li>\n<div><span class=\"huss-rteStyle-ValueSectionContent\">Su tama\u00f1o m\u00e1s peque\u00f1o y menor peso reducen el costo en la construcci\u00f3n del edificio.<\/span><\/div>\n<\/li>\n<\/ul>\n<ul dir=\"ltr\">\n<li>\n<div><span class=\"huss-rteStyle-ValueSectionContent\">El dise\u00f1o modular requiere menos tiempo de fabricaci\u00f3n.<\/span><\/div>\n<\/li>\n<\/ul>\n<ul dir=\"ltr\">\n<li>\n<div><span class=\"huss-rteStyle-ValueSectionContent\">Su nuevo serpent\u00edn tiene menor volumen interno, lo cual genera una reducci\u00f3n significativa en la carga de refrigerante. El menor uso de refrigerante es amigable con el medioambiente.<\/span><\/div>\n<\/li>\n<\/ul>\n<ul dir=\"ltr\">\n<li>\n<div><span class=\"huss-rteStyle-ValueSectionContent\">Los controles electr\u00f3nicos para la presi\u00f3n de la cabeza y para la reducci\u00f3n del serpent\u00edn reducen o eliminan la carga de toma de agua en invierno.<\/span><\/div>\n<\/li>\n<\/ul>\n<ul dir=\"ltr\">\n<li>\n<div><span class=\"huss-rteStyle-ValueSectionContent\">Las placas de los serpentines se reemplazan f\u00e1cilmente desde la parte posterior de la unidad.<\/span><\/div>\n<\/li>\n<\/ul>\n","protected":false},"excerpt":{"rendered":"<p>La nueva unidad modular patentada con microcanales de Krack incluye un m\u00e9todo de dise\u00f1o basado en la innovaci\u00f3n y la tecnolog\u00eda para aumentar el valor para los clientes. Caracter\u00edsticas Su tama\u00f1o m\u00e1s peque\u00f1o y menor peso reducen el costo en la construcci\u00f3n del edificio. El dise\u00f1o modular requiere menos tiempo de fabricaci\u00f3n. Su nuevo serpent\u00edn&hellip;<\/p>\n","protected":false},"featured_media":94207,"comment_status":"open","ping_status":"closed","template":"","meta":[],"product_brand":[],"product_cat":[112],"product_tag":[],"class_list":{"0":"post-94206","1":"product","2":"type-product","3":"status-publish","4":"has-post-thumbnail","6":"product_cat-equipos-de-refrigeracion","7":"description-off","9":"first","10":"instock","11":"shipping-taxable","12":"product-type-simple"},"yoast_head":"<!-- This site is optimized with the Yoast SEO plugin v27.4 - https:\/\/yoast.com\/product\/yoast-seo-wordpress\/ -->\n<title>Condensador remoto con microcanales enfriado por aire - Megarefrigeracion<\/title>\n<meta name=\"description\" content=\"La nueva unidad modular patentada de Krack utiliza microcanales y un dise\u00f1o innovador para ofrecer mayor valor a los clientes.\" \/>\n<meta name=\"robots\" content=\"index, follow, max-snippet:-1, max-image-preview:large, max-video-preview:-1\" \/>\n<link rel=\"canonical\" href=\"https:\/\/megarefrigeracion.com\/index.php\/producto\/condensador-remoto-con-microcanales-enfriado-por-aire\/\" \/>\n<meta property=\"og:locale\" content=\"es_ES\" \/>\n<meta property=\"og:type\" content=\"article\" \/>\n<meta property=\"og:title\" content=\"Condensador remoto con microcanales enfriado por aire - Megarefrigeracion\" \/>\n<meta property=\"og:description\" content=\"La nueva unidad modular patentada de Krack utiliza microcanales y un dise\u00f1o innovador para ofrecer mayor valor a los clientes.\" \/>\n<meta property=\"og:url\" content=\"https:\/\/megarefrigeracion.com\/index.php\/producto\/condensador-remoto-con-microcanales-enfriado-por-aire\/\" \/>\n<meta property=\"og:site_name\" content=\"Megarefrigeracion\" \/>\n<meta property=\"og:image\" content=\"https:\/\/megarefrigeracion.com\/wp-content\/uploads\/2024\/07\/Condensador-remoto-con-microcanales-enfriado-por-aire.png\" \/>\n\t<meta property=\"og:image:width\" content=\"1152\" \/>\n\t<meta property=\"og:image:height\" content=\"864\" \/>\n\t<meta property=\"og:image:type\" content=\"image\/png\" \/>\n<meta name=\"twitter:card\" content=\"summary_large_image\" \/>\n<meta name=\"twitter:label1\" content=\"Tiempo de lectura\" \/>\n\t<meta name=\"twitter:data1\" content=\"1 minuto\" \/>\n<script type=\"application\/ld+json\" class=\"yoast-schema-graph\">{\"@context\":\"https:\\\/\\\/schema.org\",\"@graph\":[{\"@type\":\"WebPage\",\"@id\":\"https:\\\/\\\/megarefrigeracion.com\\\/index.php\\\/producto\\\/condensador-remoto-con-microcanales-enfriado-por-aire\\\/\",\"url\":\"https:\\\/\\\/megarefrigeracion.com\\\/index.php\\\/producto\\\/condensador-remoto-con-microcanales-enfriado-por-aire\\\/\",\"name\":\"Condensador remoto con microcanales enfriado por aire - Megarefrigeracion\",\"isPartOf\":{\"@id\":\"https:\\\/\\\/megarefrigeracion.com\\\/#website\"},\"primaryImageOfPage\":{\"@id\":\"https:\\\/\\\/megarefrigeracion.com\\\/index.php\\\/producto\\\/condensador-remoto-con-microcanales-enfriado-por-aire\\\/#primaryimage\"},\"image\":{\"@id\":\"https:\\\/\\\/megarefrigeracion.com\\\/index.php\\\/producto\\\/condensador-remoto-con-microcanales-enfriado-por-aire\\\/#primaryimage\"},\"thumbnailUrl\":\"https:\\\/\\\/megarefrigeracion.com\\\/wp-content\\\/uploads\\\/2024\\\/07\\\/Condensador-remoto-con-microcanales-enfriado-por-aire.png\",\"datePublished\":\"2024-07-03T17:44:17+00:00\",\"description\":\"La nueva unidad modular patentada de Krack utiliza microcanales y un dise\u00f1o innovador para ofrecer mayor valor a los clientes.\",\"breadcrumb\":{\"@id\":\"https:\\\/\\\/megarefrigeracion.com\\\/index.php\\\/producto\\\/condensador-remoto-con-microcanales-enfriado-por-aire\\\/#breadcrumb\"},\"inLanguage\":\"es\",\"potentialAction\":[{\"@type\":\"ReadAction\",\"target\":[\"https:\\\/\\\/megarefrigeracion.com\\\/index.php\\\/producto\\\/condensador-remoto-con-microcanales-enfriado-por-aire\\\/\"]}]},{\"@type\":\"ImageObject\",\"inLanguage\":\"es\",\"@id\":\"https:\\\/\\\/megarefrigeracion.com\\\/index.php\\\/producto\\\/condensador-remoto-con-microcanales-enfriado-por-aire\\\/#primaryimage\",\"url\":\"https:\\\/\\\/megarefrigeracion.com\\\/wp-content\\\/uploads\\\/2024\\\/07\\\/Condensador-remoto-con-microcanales-enfriado-por-aire.png\",\"contentUrl\":\"https:\\\/\\\/megarefrigeracion.com\\\/wp-content\\\/uploads\\\/2024\\\/07\\\/Condensador-remoto-con-microcanales-enfriado-por-aire.png\",\"width\":1152,\"height\":864,\"caption\":\"Condensador remoto con microcanales enfriado por aire\"},{\"@type\":\"BreadcrumbList\",\"@id\":\"https:\\\/\\\/megarefrigeracion.com\\\/index.php\\\/producto\\\/condensador-remoto-con-microcanales-enfriado-por-aire\\\/#breadcrumb\",\"itemListElement\":[{\"@type\":\"ListItem\",\"position\":1,\"name\":\"Portada\",\"item\":\"https:\\\/\\\/megarefrigeracion.com\\\/\"},{\"@type\":\"ListItem\",\"position\":2,\"name\":\"Productos\",\"item\":\"https:\\\/\\\/megarefrigeracion.com\\\/index.php\\\/shop\\\/\"},{\"@type\":\"ListItem\",\"position\":3,\"name\":\"Condensador remoto con microcanales enfriado por aire\"}]},{\"@type\":\"WebSite\",\"@id\":\"https:\\\/\\\/megarefrigeracion.com\\\/#website\",\"url\":\"https:\\\/\\\/megarefrigeracion.com\\\/\",\"name\":\"Megarefrigeracion\",\"description\":\"\",\"publisher\":{\"@id\":\"https:\\\/\\\/megarefrigeracion.com\\\/#organization\"},\"potentialAction\":[{\"@type\":\"SearchAction\",\"target\":{\"@type\":\"EntryPoint\",\"urlTemplate\":\"https:\\\/\\\/megarefrigeracion.com\\\/?s={search_term_string}\"},\"query-input\":{\"@type\":\"PropertyValueSpecification\",\"valueRequired\":true,\"valueName\":\"search_term_string\"}}],\"inLanguage\":\"es\"},{\"@type\":\"Organization\",\"@id\":\"https:\\\/\\\/megarefrigeracion.com\\\/#organization\",\"name\":\"Megarefrigeracion\",\"url\":\"https:\\\/\\\/megarefrigeracion.com\\\/\",\"logo\":{\"@type\":\"ImageObject\",\"inLanguage\":\"es\",\"@id\":\"https:\\\/\\\/megarefrigeracion.com\\\/#\\\/schema\\\/logo\\\/image\\\/\",\"url\":\"https:\\\/\\\/megarefrigeracion.com\\\/wp-content\\\/uploads\\\/2024\\\/07\\\/logomega-300x165-1.png\",\"contentUrl\":\"https:\\\/\\\/megarefrigeracion.com\\\/wp-content\\\/uploads\\\/2024\\\/07\\\/logomega-300x165-1.png\",\"width\":300,\"height\":165,\"caption\":\"Megarefrigeracion\"},\"image\":{\"@id\":\"https:\\\/\\\/megarefrigeracion.com\\\/#\\\/schema\\\/logo\\\/image\\\/\"}}]}<\/script>\n<!-- \/ Yoast SEO plugin. -->","yoast_head_json":{"title":"Condensador remoto con microcanales enfriado por aire - Megarefrigeracion","description":"La nueva unidad modular patentada de Krack utiliza microcanales y un dise\u00f1o innovador para ofrecer mayor valor a los clientes.","robots":{"index":"index","follow":"follow","max-snippet":"max-snippet:-1","max-image-preview":"max-image-preview:large","max-video-preview":"max-video-preview:-1"},"canonical":"https:\/\/megarefrigeracion.com\/index.php\/producto\/condensador-remoto-con-microcanales-enfriado-por-aire\/","og_locale":"es_ES","og_type":"article","og_title":"Condensador remoto con microcanales enfriado por aire - Megarefrigeracion","og_description":"La nueva unidad modular patentada de Krack utiliza microcanales y un dise\u00f1o innovador para ofrecer mayor valor a los clientes.","og_url":"https:\/\/megarefrigeracion.com\/index.php\/producto\/condensador-remoto-con-microcanales-enfriado-por-aire\/","og_site_name":"Megarefrigeracion","og_image":[{"width":1152,"height":864,"url":"https:\/\/megarefrigeracion.com\/wp-content\/uploads\/2024\/07\/Condensador-remoto-con-microcanales-enfriado-por-aire.png","type":"image\/png"}],"twitter_card":"summary_large_image","twitter_misc":{"Tiempo de lectura":"1 minuto"},"schema":{"@context":"https:\/\/schema.org","@graph":[{"@type":"WebPage","@id":"https:\/\/megarefrigeracion.com\/index.php\/producto\/condensador-remoto-con-microcanales-enfriado-por-aire\/","url":"https:\/\/megarefrigeracion.com\/index.php\/producto\/condensador-remoto-con-microcanales-enfriado-por-aire\/","name":"Condensador remoto con microcanales enfriado por aire - Megarefrigeracion","isPartOf":{"@id":"https:\/\/megarefrigeracion.com\/#website"},"primaryImageOfPage":{"@id":"https:\/\/megarefrigeracion.com\/index.php\/producto\/condensador-remoto-con-microcanales-enfriado-por-aire\/#primaryimage"},"image":{"@id":"https:\/\/megarefrigeracion.com\/index.php\/producto\/condensador-remoto-con-microcanales-enfriado-por-aire\/#primaryimage"},"thumbnailUrl":"https:\/\/megarefrigeracion.com\/wp-content\/uploads\/2024\/07\/Condensador-remoto-con-microcanales-enfriado-por-aire.png","datePublished":"2024-07-03T17:44:17+00:00","description":"La nueva unidad modular patentada de Krack utiliza microcanales y un dise\u00f1o innovador para ofrecer mayor valor a los clientes.","breadcrumb":{"@id":"https:\/\/megarefrigeracion.com\/index.php\/producto\/condensador-remoto-con-microcanales-enfriado-por-aire\/#breadcrumb"},"inLanguage":"es","potentialAction":[{"@type":"ReadAction","target":["https:\/\/megarefrigeracion.com\/index.php\/producto\/condensador-remoto-con-microcanales-enfriado-por-aire\/"]}]},{"@type":"ImageObject","inLanguage":"es","@id":"https:\/\/megarefrigeracion.com\/index.php\/producto\/condensador-remoto-con-microcanales-enfriado-por-aire\/#primaryimage","url":"https:\/\/megarefrigeracion.com\/wp-content\/uploads\/2024\/07\/Condensador-remoto-con-microcanales-enfriado-por-aire.png","contentUrl":"https:\/\/megarefrigeracion.com\/wp-content\/uploads\/2024\/07\/Condensador-remoto-con-microcanales-enfriado-por-aire.png","width":1152,"height":864,"caption":"Condensador remoto con microcanales enfriado por aire"},{"@type":"BreadcrumbList","@id":"https:\/\/megarefrigeracion.com\/index.php\/producto\/condensador-remoto-con-microcanales-enfriado-por-aire\/#breadcrumb","itemListElement":[{"@type":"ListItem","position":1,"name":"Portada","item":"https:\/\/megarefrigeracion.com\/"},{"@type":"ListItem","position":2,"name":"Productos","item":"https:\/\/megarefrigeracion.com\/index.php\/shop\/"},{"@type":"ListItem","position":3,"name":"Condensador remoto con microcanales enfriado por aire"}]},{"@type":"WebSite","@id":"https:\/\/megarefrigeracion.com\/#website","url":"https:\/\/megarefrigeracion.com\/","name":"Megarefrigeracion","description":"","publisher":{"@id":"https:\/\/megarefrigeracion.com\/#organization"},"potentialAction":[{"@type":"SearchAction","target":{"@type":"EntryPoint","urlTemplate":"https:\/\/megarefrigeracion.com\/?s={search_term_string}"},"query-input":{"@type":"PropertyValueSpecification","valueRequired":true,"valueName":"search_term_string"}}],"inLanguage":"es"},{"@type":"Organization","@id":"https:\/\/megarefrigeracion.com\/#organization","name":"Megarefrigeracion","url":"https:\/\/megarefrigeracion.com\/","logo":{"@type":"ImageObject","inLanguage":"es","@id":"https:\/\/megarefrigeracion.com\/#\/schema\/logo\/image\/","url":"https:\/\/megarefrigeracion.com\/wp-content\/uploads\/2024\/07\/logomega-300x165-1.png","contentUrl":"https:\/\/megarefrigeracion.com\/wp-content\/uploads\/2024\/07\/logomega-300x165-1.png","width":300,"height":165,"caption":"Megarefrigeracion"},"image":{"@id":"https:\/\/megarefrigeracion.com\/#\/schema\/logo\/image\/"}}]}},"_links":{"self":[{"href":"https:\/\/megarefrigeracion.com\/index.php\/wp-json\/wp\/v2\/product\/94206","targetHints":{"allow":["GET"]}}],"collection":[{"href":"https:\/\/megarefrigeracion.com\/index.php\/wp-json\/wp\/v2\/product"}],"about":[{"href":"https:\/\/megarefrigeracion.com\/index.php\/wp-json\/wp\/v2\/types\/product"}],"replies":[{"embeddable":true,"href":"https:\/\/megarefrigeracion.com\/index.php\/wp-json\/wp\/v2\/comments?post=94206"}],"wp:featuredmedia":[{"embeddable":true,"href":"https:\/\/megarefrigeracion.com\/index.php\/wp-json\/wp\/v2\/media\/94207"}],"wp:attachment":[{"href":"https:\/\/megarefrigeracion.com\/index.php\/wp-json\/wp\/v2\/media?parent=94206"}],"wp:term":[{"taxonomy":"product_brand","embeddable":true,"href":"https:\/\/megarefrigeracion.com\/index.php\/wp-json\/wp\/v2\/product_brand?post=94206"},{"taxonomy":"product_cat","embeddable":true,"href":"https:\/\/megarefrigeracion.com\/index.php\/wp-json\/wp\/v2\/product_cat?post=94206"},{"taxonomy":"product_tag","embeddable":true,"href":"https:\/\/megarefrigeracion.com\/index.php\/wp-json\/wp\/v2\/product_tag?post=94206"}],"curies":[{"name":"wp","href":"https:\/\/api.w.org\/{rel}","templated":true}]}}