{"id":94204,"date":"2024-07-03T17:40:52","date_gmt":"2024-07-03T17:40:52","guid":{"rendered":"https:\/\/todoenrefrigeracion.com\/?post_type=product&#038;p=94204"},"modified":"2024-07-03T17:40:53","modified_gmt":"2024-07-03T17:40:53","slug":"condensadores-enfriados-por-aire","status":"publish","type":"product","link":"https:\/\/megarefrigeracion.com\/index.php\/producto\/condensadores-enfriados-por-aire\/","title":{"rendered":"Condensadores enfriados por aire"},"content":{"rendered":"<ul>\n<li>\n<div><span class=\"huss-rteStyle-ValueSectionContent\">Levitor II presenta el dise\u00f1o con serpent\u00edn flotante que virtualmente ha eliminado las fugas de refrigerante en las hojas del tubo del condensador.<\/span><\/div>\n<\/li>\n<\/ul>\n<ul>\n<li>\n<div><span class=\"huss-rteStyle-ValueSectionContent\">El condensador Microchannel de Krack reduce la carga total de refrigerante.<\/span><\/div>\n<\/li>\n<\/ul>\n<ul>\n<li>\n<div>Los condensadores Levitor II y Microchannel de Krack est\u00e1n disponibles con una amplia variedad de opciones dise\u00f1adas de f\u00e1brica y que incluyen receptores y recubrimientos resistentes a la corrosi\u00f3n en el serpent\u00edn.<\/div>\n<\/li>\n<\/ul>\n<ul>\n<li>\n<div>Microchannel est\u00e1 disponible en 2 a 14 unidades de ventiladores para aumentar la flexibilidad del dise\u00f1o.<\/div>\n<\/li>\n<\/ul>\n<ul>\n<li>\n<div>Las aspas Quietor de los ventiladores reducen el sonido en un promedio de 6 a 8 decibeles.<\/div>\n<\/li>\n<\/ul>\n<ul>\n<li>\n<div>Gran variedad de opciones en el panel de control, desde el ciclado mec\u00e1nico de los ventiladores hasta el controlador PLC.<\/div>\n<\/li>\n<\/ul>\n","protected":false},"excerpt":{"rendered":"<p>Levitor II presenta el dise\u00f1o con serpent\u00edn flotante que virtualmente ha eliminado las fugas de refrigerante en las hojas del tubo del condensador. El condensador Microchannel de Krack reduce la carga total de refrigerante. Los condensadores Levitor II y Microchannel de Krack est\u00e1n disponibles con una amplia variedad de opciones dise\u00f1adas de f\u00e1brica y que&hellip;<\/p>\n","protected":false},"featured_media":94205,"comment_status":"open","ping_status":"closed","template":"","meta":[],"product_brand":[],"product_cat":[112],"product_tag":[],"class_list":{"0":"post-94204","1":"product","2":"type-product","3":"status-publish","4":"has-post-thumbnail","6":"product_cat-equipos-de-refrigeracion","7":"description-off","9":"first","10":"instock","11":"shipping-taxable","12":"product-type-simple"},"yoast_head":"<!-- This site is optimized with the Yoast SEO plugin v27.5 - https:\/\/yoast.com\/product\/yoast-seo-wordpress\/ -->\n<title>Condensadores enfriados por aire - Megarefrigeracion<\/title>\n<meta name=\"description\" content=\"Los condensadores enfriados por aire son dispositivos utilizados en sistemas de refrigeraci\u00f3n y aire acondicionado para disipar el calor del refrigerante.\" \/>\n<meta name=\"robots\" content=\"index, follow, max-snippet:-1, max-image-preview:large, max-video-preview:-1\" \/>\n<link rel=\"canonical\" href=\"https:\/\/megarefrigeracion.com\/index.php\/producto\/condensadores-enfriados-por-aire\/\" \/>\n<meta property=\"og:locale\" content=\"es_ES\" \/>\n<meta property=\"og:type\" content=\"article\" \/>\n<meta property=\"og:title\" content=\"Condensadores enfriados por aire - Megarefrigeracion\" \/>\n<meta property=\"og:description\" content=\"Los condensadores enfriados por aire son dispositivos utilizados en sistemas de refrigeraci\u00f3n y aire acondicionado para disipar el calor del refrigerante.\" \/>\n<meta property=\"og:url\" content=\"https:\/\/megarefrigeracion.com\/index.php\/producto\/condensadores-enfriados-por-aire\/\" \/>\n<meta property=\"og:site_name\" content=\"Megarefrigeracion\" \/>\n<meta property=\"article:modified_time\" content=\"2024-07-03T17:40:53+00:00\" \/>\n<meta property=\"og:image\" content=\"https:\/\/megarefrigeracion.com\/wp-content\/uploads\/2024\/07\/Condensadores-enfriados-por-aire.png\" \/>\n\t<meta property=\"og:image:width\" content=\"1152\" \/>\n\t<meta property=\"og:image:height\" content=\"864\" \/>\n\t<meta property=\"og:image:type\" content=\"image\/png\" \/>\n<meta name=\"twitter:card\" content=\"summary_large_image\" \/>\n<meta name=\"twitter:label1\" content=\"Tiempo de lectura\" \/>\n\t<meta name=\"twitter:data1\" content=\"1 minuto\" \/>\n<script type=\"application\/ld+json\" class=\"yoast-schema-graph\">{\"@context\":\"https:\\\/\\\/schema.org\",\"@graph\":[{\"@type\":\"WebPage\",\"@id\":\"https:\\\/\\\/megarefrigeracion.com\\\/index.php\\\/producto\\\/condensadores-enfriados-por-aire\\\/\",\"url\":\"https:\\\/\\\/megarefrigeracion.com\\\/index.php\\\/producto\\\/condensadores-enfriados-por-aire\\\/\",\"name\":\"Condensadores enfriados por aire - Megarefrigeracion\",\"isPartOf\":{\"@id\":\"https:\\\/\\\/megarefrigeracion.com\\\/#website\"},\"primaryImageOfPage\":{\"@id\":\"https:\\\/\\\/megarefrigeracion.com\\\/index.php\\\/producto\\\/condensadores-enfriados-por-aire\\\/#primaryimage\"},\"image\":{\"@id\":\"https:\\\/\\\/megarefrigeracion.com\\\/index.php\\\/producto\\\/condensadores-enfriados-por-aire\\\/#primaryimage\"},\"thumbnailUrl\":\"https:\\\/\\\/megarefrigeracion.com\\\/wp-content\\\/uploads\\\/2024\\\/07\\\/Condensadores-enfriados-por-aire.png\",\"datePublished\":\"2024-07-03T17:40:52+00:00\",\"dateModified\":\"2024-07-03T17:40:53+00:00\",\"description\":\"Los condensadores enfriados por aire son dispositivos utilizados en sistemas de refrigeraci\u00f3n y aire acondicionado para disipar el calor del refrigerante.\",\"breadcrumb\":{\"@id\":\"https:\\\/\\\/megarefrigeracion.com\\\/index.php\\\/producto\\\/condensadores-enfriados-por-aire\\\/#breadcrumb\"},\"inLanguage\":\"es\",\"potentialAction\":[{\"@type\":\"ReadAction\",\"target\":[\"https:\\\/\\\/megarefrigeracion.com\\\/index.php\\\/producto\\\/condensadores-enfriados-por-aire\\\/\"]}]},{\"@type\":\"ImageObject\",\"inLanguage\":\"es\",\"@id\":\"https:\\\/\\\/megarefrigeracion.com\\\/index.php\\\/producto\\\/condensadores-enfriados-por-aire\\\/#primaryimage\",\"url\":\"https:\\\/\\\/megarefrigeracion.com\\\/wp-content\\\/uploads\\\/2024\\\/07\\\/Condensadores-enfriados-por-aire.png\",\"contentUrl\":\"https:\\\/\\\/megarefrigeracion.com\\\/wp-content\\\/uploads\\\/2024\\\/07\\\/Condensadores-enfriados-por-aire.png\",\"width\":1152,\"height\":864,\"caption\":\"Condensadores enfriados por aire\"},{\"@type\":\"BreadcrumbList\",\"@id\":\"https:\\\/\\\/megarefrigeracion.com\\\/index.php\\\/producto\\\/condensadores-enfriados-por-aire\\\/#breadcrumb\",\"itemListElement\":[{\"@type\":\"ListItem\",\"position\":1,\"name\":\"Portada\",\"item\":\"https:\\\/\\\/megarefrigeracion.com\\\/\"},{\"@type\":\"ListItem\",\"position\":2,\"name\":\"Productos\",\"item\":\"https:\\\/\\\/megarefrigeracion.com\\\/index.php\\\/shop\\\/\"},{\"@type\":\"ListItem\",\"position\":3,\"name\":\"Condensadores enfriados por aire\"}]},{\"@type\":\"WebSite\",\"@id\":\"https:\\\/\\\/megarefrigeracion.com\\\/#website\",\"url\":\"https:\\\/\\\/megarefrigeracion.com\\\/\",\"name\":\"Megarefrigeracion\",\"description\":\"\",\"publisher\":{\"@id\":\"https:\\\/\\\/megarefrigeracion.com\\\/#organization\"},\"potentialAction\":[{\"@type\":\"SearchAction\",\"target\":{\"@type\":\"EntryPoint\",\"urlTemplate\":\"https:\\\/\\\/megarefrigeracion.com\\\/?s={search_term_string}\"},\"query-input\":{\"@type\":\"PropertyValueSpecification\",\"valueRequired\":true,\"valueName\":\"search_term_string\"}}],\"inLanguage\":\"es\"},{\"@type\":\"Organization\",\"@id\":\"https:\\\/\\\/megarefrigeracion.com\\\/#organization\",\"name\":\"Megarefrigeracion\",\"url\":\"https:\\\/\\\/megarefrigeracion.com\\\/\",\"logo\":{\"@type\":\"ImageObject\",\"inLanguage\":\"es\",\"@id\":\"https:\\\/\\\/megarefrigeracion.com\\\/#\\\/schema\\\/logo\\\/image\\\/\",\"url\":\"https:\\\/\\\/megarefrigeracion.com\\\/wp-content\\\/uploads\\\/2024\\\/07\\\/logomega-300x165-1.png\",\"contentUrl\":\"https:\\\/\\\/megarefrigeracion.com\\\/wp-content\\\/uploads\\\/2024\\\/07\\\/logomega-300x165-1.png\",\"width\":300,\"height\":165,\"caption\":\"Megarefrigeracion\"},\"image\":{\"@id\":\"https:\\\/\\\/megarefrigeracion.com\\\/#\\\/schema\\\/logo\\\/image\\\/\"}}]}<\/script>\n<!-- \/ Yoast SEO plugin. -->","yoast_head_json":{"title":"Condensadores enfriados por aire - Megarefrigeracion","description":"Los condensadores enfriados por aire son dispositivos utilizados en sistemas de refrigeraci\u00f3n y aire acondicionado para disipar el calor del refrigerante.","robots":{"index":"index","follow":"follow","max-snippet":"max-snippet:-1","max-image-preview":"max-image-preview:large","max-video-preview":"max-video-preview:-1"},"canonical":"https:\/\/megarefrigeracion.com\/index.php\/producto\/condensadores-enfriados-por-aire\/","og_locale":"es_ES","og_type":"article","og_title":"Condensadores enfriados por aire - Megarefrigeracion","og_description":"Los condensadores enfriados por aire son dispositivos utilizados en sistemas de refrigeraci\u00f3n y aire acondicionado para disipar el calor del refrigerante.","og_url":"https:\/\/megarefrigeracion.com\/index.php\/producto\/condensadores-enfriados-por-aire\/","og_site_name":"Megarefrigeracion","article_modified_time":"2024-07-03T17:40:53+00:00","og_image":[{"width":1152,"height":864,"url":"https:\/\/megarefrigeracion.com\/wp-content\/uploads\/2024\/07\/Condensadores-enfriados-por-aire.png","type":"image\/png"}],"twitter_card":"summary_large_image","twitter_misc":{"Tiempo de lectura":"1 minuto"},"schema":{"@context":"https:\/\/schema.org","@graph":[{"@type":"WebPage","@id":"https:\/\/megarefrigeracion.com\/index.php\/producto\/condensadores-enfriados-por-aire\/","url":"https:\/\/megarefrigeracion.com\/index.php\/producto\/condensadores-enfriados-por-aire\/","name":"Condensadores enfriados por aire - Megarefrigeracion","isPartOf":{"@id":"https:\/\/megarefrigeracion.com\/#website"},"primaryImageOfPage":{"@id":"https:\/\/megarefrigeracion.com\/index.php\/producto\/condensadores-enfriados-por-aire\/#primaryimage"},"image":{"@id":"https:\/\/megarefrigeracion.com\/index.php\/producto\/condensadores-enfriados-por-aire\/#primaryimage"},"thumbnailUrl":"https:\/\/megarefrigeracion.com\/wp-content\/uploads\/2024\/07\/Condensadores-enfriados-por-aire.png","datePublished":"2024-07-03T17:40:52+00:00","dateModified":"2024-07-03T17:40:53+00:00","description":"Los condensadores enfriados por aire son dispositivos utilizados en sistemas de refrigeraci\u00f3n y aire acondicionado para disipar el calor del refrigerante.","breadcrumb":{"@id":"https:\/\/megarefrigeracion.com\/index.php\/producto\/condensadores-enfriados-por-aire\/#breadcrumb"},"inLanguage":"es","potentialAction":[{"@type":"ReadAction","target":["https:\/\/megarefrigeracion.com\/index.php\/producto\/condensadores-enfriados-por-aire\/"]}]},{"@type":"ImageObject","inLanguage":"es","@id":"https:\/\/megarefrigeracion.com\/index.php\/producto\/condensadores-enfriados-por-aire\/#primaryimage","url":"https:\/\/megarefrigeracion.com\/wp-content\/uploads\/2024\/07\/Condensadores-enfriados-por-aire.png","contentUrl":"https:\/\/megarefrigeracion.com\/wp-content\/uploads\/2024\/07\/Condensadores-enfriados-por-aire.png","width":1152,"height":864,"caption":"Condensadores enfriados por aire"},{"@type":"BreadcrumbList","@id":"https:\/\/megarefrigeracion.com\/index.php\/producto\/condensadores-enfriados-por-aire\/#breadcrumb","itemListElement":[{"@type":"ListItem","position":1,"name":"Portada","item":"https:\/\/megarefrigeracion.com\/"},{"@type":"ListItem","position":2,"name":"Productos","item":"https:\/\/megarefrigeracion.com\/index.php\/shop\/"},{"@type":"ListItem","position":3,"name":"Condensadores enfriados por aire"}]},{"@type":"WebSite","@id":"https:\/\/megarefrigeracion.com\/#website","url":"https:\/\/megarefrigeracion.com\/","name":"Megarefrigeracion","description":"","publisher":{"@id":"https:\/\/megarefrigeracion.com\/#organization"},"potentialAction":[{"@type":"SearchAction","target":{"@type":"EntryPoint","urlTemplate":"https:\/\/megarefrigeracion.com\/?s={search_term_string}"},"query-input":{"@type":"PropertyValueSpecification","valueRequired":true,"valueName":"search_term_string"}}],"inLanguage":"es"},{"@type":"Organization","@id":"https:\/\/megarefrigeracion.com\/#organization","name":"Megarefrigeracion","url":"https:\/\/megarefrigeracion.com\/","logo":{"@type":"ImageObject","inLanguage":"es","@id":"https:\/\/megarefrigeracion.com\/#\/schema\/logo\/image\/","url":"https:\/\/megarefrigeracion.com\/wp-content\/uploads\/2024\/07\/logomega-300x165-1.png","contentUrl":"https:\/\/megarefrigeracion.com\/wp-content\/uploads\/2024\/07\/logomega-300x165-1.png","width":300,"height":165,"caption":"Megarefrigeracion"},"image":{"@id":"https:\/\/megarefrigeracion.com\/#\/schema\/logo\/image\/"}}]}},"_links":{"self":[{"href":"https:\/\/megarefrigeracion.com\/index.php\/wp-json\/wp\/v2\/product\/94204","targetHints":{"allow":["GET"]}}],"collection":[{"href":"https:\/\/megarefrigeracion.com\/index.php\/wp-json\/wp\/v2\/product"}],"about":[{"href":"https:\/\/megarefrigeracion.com\/index.php\/wp-json\/wp\/v2\/types\/product"}],"replies":[{"embeddable":true,"href":"https:\/\/megarefrigeracion.com\/index.php\/wp-json\/wp\/v2\/comments?post=94204"}],"wp:featuredmedia":[{"embeddable":true,"href":"https:\/\/megarefrigeracion.com\/index.php\/wp-json\/wp\/v2\/media\/94205"}],"wp:attachment":[{"href":"https:\/\/megarefrigeracion.com\/index.php\/wp-json\/wp\/v2\/media?parent=94204"}],"wp:term":[{"taxonomy":"product_brand","embeddable":true,"href":"https:\/\/megarefrigeracion.com\/index.php\/wp-json\/wp\/v2\/product_brand?post=94204"},{"taxonomy":"product_cat","embeddable":true,"href":"https:\/\/megarefrigeracion.com\/index.php\/wp-json\/wp\/v2\/product_cat?post=94204"},{"taxonomy":"product_tag","embeddable":true,"href":"https:\/\/megarefrigeracion.com\/index.php\/wp-json\/wp\/v2\/product_tag?post=94204"}],"curies":[{"name":"wp","href":"https:\/\/api.w.org\/{rel}","templated":true}]}}