{"id":94201,"date":"2024-07-03T17:31:31","date_gmt":"2024-07-03T17:31:31","guid":{"rendered":"https:\/\/todoenrefrigeracion.com\/?post_type=product&#038;p=94201"},"modified":"2024-07-03T17:31:32","modified_gmt":"2024-07-03T17:31:32","slug":"serie-lh","status":"publish","type":"product","link":"https:\/\/megarefrigeracion.com\/index.php\/producto\/serie-lh\/","title":{"rendered":"Serie LH"},"content":{"rendered":"<p>La unidad Low-Hite de la serie LH, que mide 8-5\/8 pulg. de altura, est\u00e1 dise\u00f1ada para montarse en el techo. La unidad ahorra valioso espacio de estanter\u00eda en enfriadores y congeladores, y utiliza un m\u00ednimo de espacio al techo. Su conveniente montaje sobre el pasillo entre el exhibidor con puertas y la pared posterior produce una cobertura excelente de aire al exhibidor con puertas y al almac\u00e9n de la pared posterior.<\/p>\n<p><span class=\"huss-rteStyle-SectionHeader\">Caracter\u00edsticas<\/span><\/p>\n<ul>\n<li>\n<div>Su charola de drenaje doble montada al ras reduce la condensaci\u00f3n.<\/div>\n<\/li>\n<\/ul>\n<ul>\n<li>\n<div>Los motores de los ventiladores son PSC con protecci\u00f3n interna para el sobrecalentamiento y baleros lubricados de por vida. El voltaje de los motores es de 115V o 208-230V; 1 fase<\/div>\n<\/li>\n<\/ul>\n<ul>\n<li>\n<div>La descarga de aire de doble v\u00eda ofrece un movimiento uniforme del aire y mantiene los productos frescos durante m\u00e1s tiempo con menos resequedad y p\u00e9rdida de peso<\/div>\n<\/li>\n<\/ul>\n<ul>\n<li>\n<div>Serpent\u00edn de aluminio de gran eficiencia con tubos escalonados de cobre para una transferencia de calor \u00f3ptima y un correcto equilibrio del sistema<\/div>\n<\/li>\n<\/ul>\n<ul>\n<li>\n<div>Todos los controles se cablean en la f\u00e1brica para producir una tira de terminales que facilita la instalaci\u00f3n<\/div>\n<\/li>\n<\/ul>\n<ul>\n<li>\n<div>Disponibles con descongelamiento de aire para aplicaciones de temperatura media y descongelamiento el\u00e9ctrico para temperatura baja.<\/div>\n<\/li>\n<\/ul>\n","protected":false},"excerpt":{"rendered":"<p>La unidad Low-Hite de la serie LH, que mide 8-5\/8 pulg. de altura, est\u00e1 dise\u00f1ada para montarse en el techo. La unidad ahorra valioso espacio de estanter\u00eda en enfriadores y congeladores, y utiliza un m\u00ednimo de espacio al techo. Su conveniente montaje sobre el pasillo entre el exhibidor con puertas y la pared posterior produce&hellip;<\/p>\n","protected":false},"featured_media":94192,"comment_status":"open","ping_status":"closed","template":"","meta":[],"product_brand":[],"product_cat":[112],"product_tag":[],"class_list":{"0":"post-94201","1":"product","2":"type-product","3":"status-publish","4":"has-post-thumbnail","6":"product_cat-equipos-de-refrigeracion","7":"description-off","9":"first","10":"instock","11":"shipping-taxable","12":"product-type-simple"},"yoast_head":"<!-- This site is optimized with the Yoast SEO plugin v27.4 - https:\/\/yoast.com\/product\/yoast-seo-wordpress\/ -->\n<title>Serie LH - Megarefrigeracion<\/title>\n<meta name=\"description\" content=\"La unidad Low-Hite de la serie LH, que mide 8-5\/8 pulg. de altura, est\u00e1 dise\u00f1ada para montarse en el techo.\" \/>\n<meta name=\"robots\" content=\"index, follow, max-snippet:-1, max-image-preview:large, max-video-preview:-1\" \/>\n<link rel=\"canonical\" href=\"https:\/\/megarefrigeracion.com\/index.php\/producto\/serie-lh\/\" \/>\n<meta property=\"og:locale\" content=\"es_ES\" \/>\n<meta property=\"og:type\" content=\"article\" \/>\n<meta property=\"og:title\" content=\"Serie LH - Megarefrigeracion\" \/>\n<meta property=\"og:description\" content=\"La unidad Low-Hite de la serie LH, que mide 8-5\/8 pulg. de altura, est\u00e1 dise\u00f1ada para montarse en el techo.\" \/>\n<meta property=\"og:url\" content=\"https:\/\/megarefrigeracion.com\/index.php\/producto\/serie-lh\/\" \/>\n<meta property=\"og:site_name\" content=\"Megarefrigeracion\" \/>\n<meta property=\"article:modified_time\" content=\"2024-07-03T17:31:32+00:00\" \/>\n<meta property=\"og:image\" content=\"https:\/\/megarefrigeracion.com\/wp-content\/uploads\/2024\/07\/Serpentines-\u2013-Enfraidores-y-Congeladores-Walk-In-Serpentines.png\" \/>\n\t<meta property=\"og:image:width\" content=\"1152\" \/>\n\t<meta property=\"og:image:height\" content=\"864\" \/>\n\t<meta property=\"og:image:type\" content=\"image\/png\" \/>\n<meta name=\"twitter:card\" content=\"summary_large_image\" \/>\n<meta name=\"twitter:label1\" content=\"Tiempo de lectura\" \/>\n\t<meta name=\"twitter:data1\" content=\"2 minutos\" \/>\n<script type=\"application\/ld+json\" class=\"yoast-schema-graph\">{\"@context\":\"https:\\\/\\\/schema.org\",\"@graph\":[{\"@type\":\"WebPage\",\"@id\":\"https:\\\/\\\/megarefrigeracion.com\\\/index.php\\\/producto\\\/serie-lh\\\/\",\"url\":\"https:\\\/\\\/megarefrigeracion.com\\\/index.php\\\/producto\\\/serie-lh\\\/\",\"name\":\"Serie LH - Megarefrigeracion\",\"isPartOf\":{\"@id\":\"https:\\\/\\\/megarefrigeracion.com\\\/#website\"},\"primaryImageOfPage\":{\"@id\":\"https:\\\/\\\/megarefrigeracion.com\\\/index.php\\\/producto\\\/serie-lh\\\/#primaryimage\"},\"image\":{\"@id\":\"https:\\\/\\\/megarefrigeracion.com\\\/index.php\\\/producto\\\/serie-lh\\\/#primaryimage\"},\"thumbnailUrl\":\"https:\\\/\\\/megarefrigeracion.com\\\/wp-content\\\/uploads\\\/2024\\\/07\\\/Serpentines-\u2013-Enfraidores-y-Congeladores-Walk-In-Serpentines.png\",\"datePublished\":\"2024-07-03T17:31:31+00:00\",\"dateModified\":\"2024-07-03T17:31:32+00:00\",\"description\":\"La unidad Low-Hite de la serie LH, que mide 8-5\\\/8 pulg. de altura, est\u00e1 dise\u00f1ada para montarse en el techo.\",\"breadcrumb\":{\"@id\":\"https:\\\/\\\/megarefrigeracion.com\\\/index.php\\\/producto\\\/serie-lh\\\/#breadcrumb\"},\"inLanguage\":\"es\",\"potentialAction\":[{\"@type\":\"ReadAction\",\"target\":[\"https:\\\/\\\/megarefrigeracion.com\\\/index.php\\\/producto\\\/serie-lh\\\/\"]}]},{\"@type\":\"ImageObject\",\"inLanguage\":\"es\",\"@id\":\"https:\\\/\\\/megarefrigeracion.com\\\/index.php\\\/producto\\\/serie-lh\\\/#primaryimage\",\"url\":\"https:\\\/\\\/megarefrigeracion.com\\\/wp-content\\\/uploads\\\/2024\\\/07\\\/Serpentines-\u2013-Enfraidores-y-Congeladores-Walk-In-Serpentines.png\",\"contentUrl\":\"https:\\\/\\\/megarefrigeracion.com\\\/wp-content\\\/uploads\\\/2024\\\/07\\\/Serpentines-\u2013-Enfraidores-y-Congeladores-Walk-In-Serpentines.png\",\"width\":1152,\"height\":864,\"caption\":\"Serpentines \u2013 Enfraidores y Congeladores Walk-In Serpentines\"},{\"@type\":\"BreadcrumbList\",\"@id\":\"https:\\\/\\\/megarefrigeracion.com\\\/index.php\\\/producto\\\/serie-lh\\\/#breadcrumb\",\"itemListElement\":[{\"@type\":\"ListItem\",\"position\":1,\"name\":\"Portada\",\"item\":\"https:\\\/\\\/megarefrigeracion.com\\\/\"},{\"@type\":\"ListItem\",\"position\":2,\"name\":\"Productos\",\"item\":\"https:\\\/\\\/megarefrigeracion.com\\\/index.php\\\/shop\\\/\"},{\"@type\":\"ListItem\",\"position\":3,\"name\":\"Serie LH\"}]},{\"@type\":\"WebSite\",\"@id\":\"https:\\\/\\\/megarefrigeracion.com\\\/#website\",\"url\":\"https:\\\/\\\/megarefrigeracion.com\\\/\",\"name\":\"Megarefrigeracion\",\"description\":\"\",\"publisher\":{\"@id\":\"https:\\\/\\\/megarefrigeracion.com\\\/#organization\"},\"potentialAction\":[{\"@type\":\"SearchAction\",\"target\":{\"@type\":\"EntryPoint\",\"urlTemplate\":\"https:\\\/\\\/megarefrigeracion.com\\\/?s={search_term_string}\"},\"query-input\":{\"@type\":\"PropertyValueSpecification\",\"valueRequired\":true,\"valueName\":\"search_term_string\"}}],\"inLanguage\":\"es\"},{\"@type\":\"Organization\",\"@id\":\"https:\\\/\\\/megarefrigeracion.com\\\/#organization\",\"name\":\"Megarefrigeracion\",\"url\":\"https:\\\/\\\/megarefrigeracion.com\\\/\",\"logo\":{\"@type\":\"ImageObject\",\"inLanguage\":\"es\",\"@id\":\"https:\\\/\\\/megarefrigeracion.com\\\/#\\\/schema\\\/logo\\\/image\\\/\",\"url\":\"https:\\\/\\\/megarefrigeracion.com\\\/wp-content\\\/uploads\\\/2024\\\/07\\\/logomega-300x165-1.png\",\"contentUrl\":\"https:\\\/\\\/megarefrigeracion.com\\\/wp-content\\\/uploads\\\/2024\\\/07\\\/logomega-300x165-1.png\",\"width\":300,\"height\":165,\"caption\":\"Megarefrigeracion\"},\"image\":{\"@id\":\"https:\\\/\\\/megarefrigeracion.com\\\/#\\\/schema\\\/logo\\\/image\\\/\"}}]}<\/script>\n<!-- \/ Yoast SEO plugin. -->","yoast_head_json":{"title":"Serie LH - Megarefrigeracion","description":"La unidad Low-Hite de la serie LH, que mide 8-5\/8 pulg. de altura, est\u00e1 dise\u00f1ada para montarse en el techo.","robots":{"index":"index","follow":"follow","max-snippet":"max-snippet:-1","max-image-preview":"max-image-preview:large","max-video-preview":"max-video-preview:-1"},"canonical":"https:\/\/megarefrigeracion.com\/index.php\/producto\/serie-lh\/","og_locale":"es_ES","og_type":"article","og_title":"Serie LH - Megarefrigeracion","og_description":"La unidad Low-Hite de la serie LH, que mide 8-5\/8 pulg. de altura, est\u00e1 dise\u00f1ada para montarse en el techo.","og_url":"https:\/\/megarefrigeracion.com\/index.php\/producto\/serie-lh\/","og_site_name":"Megarefrigeracion","article_modified_time":"2024-07-03T17:31:32+00:00","og_image":[{"width":1152,"height":864,"url":"https:\/\/megarefrigeracion.com\/wp-content\/uploads\/2024\/07\/Serpentines-\u2013-Enfraidores-y-Congeladores-Walk-In-Serpentines.png","type":"image\/png"}],"twitter_card":"summary_large_image","twitter_misc":{"Tiempo de lectura":"2 minutos"},"schema":{"@context":"https:\/\/schema.org","@graph":[{"@type":"WebPage","@id":"https:\/\/megarefrigeracion.com\/index.php\/producto\/serie-lh\/","url":"https:\/\/megarefrigeracion.com\/index.php\/producto\/serie-lh\/","name":"Serie LH - Megarefrigeracion","isPartOf":{"@id":"https:\/\/megarefrigeracion.com\/#website"},"primaryImageOfPage":{"@id":"https:\/\/megarefrigeracion.com\/index.php\/producto\/serie-lh\/#primaryimage"},"image":{"@id":"https:\/\/megarefrigeracion.com\/index.php\/producto\/serie-lh\/#primaryimage"},"thumbnailUrl":"https:\/\/megarefrigeracion.com\/wp-content\/uploads\/2024\/07\/Serpentines-\u2013-Enfraidores-y-Congeladores-Walk-In-Serpentines.png","datePublished":"2024-07-03T17:31:31+00:00","dateModified":"2024-07-03T17:31:32+00:00","description":"La unidad Low-Hite de la serie LH, que mide 8-5\/8 pulg. de altura, est\u00e1 dise\u00f1ada para montarse en el techo.","breadcrumb":{"@id":"https:\/\/megarefrigeracion.com\/index.php\/producto\/serie-lh\/#breadcrumb"},"inLanguage":"es","potentialAction":[{"@type":"ReadAction","target":["https:\/\/megarefrigeracion.com\/index.php\/producto\/serie-lh\/"]}]},{"@type":"ImageObject","inLanguage":"es","@id":"https:\/\/megarefrigeracion.com\/index.php\/producto\/serie-lh\/#primaryimage","url":"https:\/\/megarefrigeracion.com\/wp-content\/uploads\/2024\/07\/Serpentines-\u2013-Enfraidores-y-Congeladores-Walk-In-Serpentines.png","contentUrl":"https:\/\/megarefrigeracion.com\/wp-content\/uploads\/2024\/07\/Serpentines-\u2013-Enfraidores-y-Congeladores-Walk-In-Serpentines.png","width":1152,"height":864,"caption":"Serpentines \u2013 Enfraidores y Congeladores Walk-In Serpentines"},{"@type":"BreadcrumbList","@id":"https:\/\/megarefrigeracion.com\/index.php\/producto\/serie-lh\/#breadcrumb","itemListElement":[{"@type":"ListItem","position":1,"name":"Portada","item":"https:\/\/megarefrigeracion.com\/"},{"@type":"ListItem","position":2,"name":"Productos","item":"https:\/\/megarefrigeracion.com\/index.php\/shop\/"},{"@type":"ListItem","position":3,"name":"Serie LH"}]},{"@type":"WebSite","@id":"https:\/\/megarefrigeracion.com\/#website","url":"https:\/\/megarefrigeracion.com\/","name":"Megarefrigeracion","description":"","publisher":{"@id":"https:\/\/megarefrigeracion.com\/#organization"},"potentialAction":[{"@type":"SearchAction","target":{"@type":"EntryPoint","urlTemplate":"https:\/\/megarefrigeracion.com\/?s={search_term_string}"},"query-input":{"@type":"PropertyValueSpecification","valueRequired":true,"valueName":"search_term_string"}}],"inLanguage":"es"},{"@type":"Organization","@id":"https:\/\/megarefrigeracion.com\/#organization","name":"Megarefrigeracion","url":"https:\/\/megarefrigeracion.com\/","logo":{"@type":"ImageObject","inLanguage":"es","@id":"https:\/\/megarefrigeracion.com\/#\/schema\/logo\/image\/","url":"https:\/\/megarefrigeracion.com\/wp-content\/uploads\/2024\/07\/logomega-300x165-1.png","contentUrl":"https:\/\/megarefrigeracion.com\/wp-content\/uploads\/2024\/07\/logomega-300x165-1.png","width":300,"height":165,"caption":"Megarefrigeracion"},"image":{"@id":"https:\/\/megarefrigeracion.com\/#\/schema\/logo\/image\/"}}]}},"_links":{"self":[{"href":"https:\/\/megarefrigeracion.com\/index.php\/wp-json\/wp\/v2\/product\/94201","targetHints":{"allow":["GET"]}}],"collection":[{"href":"https:\/\/megarefrigeracion.com\/index.php\/wp-json\/wp\/v2\/product"}],"about":[{"href":"https:\/\/megarefrigeracion.com\/index.php\/wp-json\/wp\/v2\/types\/product"}],"replies":[{"embeddable":true,"href":"https:\/\/megarefrigeracion.com\/index.php\/wp-json\/wp\/v2\/comments?post=94201"}],"wp:featuredmedia":[{"embeddable":true,"href":"https:\/\/megarefrigeracion.com\/index.php\/wp-json\/wp\/v2\/media\/94192"}],"wp:attachment":[{"href":"https:\/\/megarefrigeracion.com\/index.php\/wp-json\/wp\/v2\/media?parent=94201"}],"wp:term":[{"taxonomy":"product_brand","embeddable":true,"href":"https:\/\/megarefrigeracion.com\/index.php\/wp-json\/wp\/v2\/product_brand?post=94201"},{"taxonomy":"product_cat","embeddable":true,"href":"https:\/\/megarefrigeracion.com\/index.php\/wp-json\/wp\/v2\/product_cat?post=94201"},{"taxonomy":"product_tag","embeddable":true,"href":"https:\/\/megarefrigeracion.com\/index.php\/wp-json\/wp\/v2\/product_tag?post=94201"}],"curies":[{"name":"wp","href":"https:\/\/api.w.org\/{rel}","templated":true}]}}